{"id":21583,"date":"2024-05-20T16:15:15","date_gmt":"2024-05-20T15:15:15","guid":{"rendered":"https:\/\/baralivres.ma\/?post_type=product&#038;p=21583"},"modified":"2024-11-05T13:45:11","modified_gmt":"2024-11-05T12:45:11","slug":"mon-livre-tablette-premiers-apprentissages","status":"publish","type":"product","link":"https:\/\/baralivres.ma\/?product=mon-livre-tablette-premiers-apprentissages","title":{"rendered":"Mon livre tablette . Premiers apprentissages ."},"content":{"rendered":"<p>\u00ab\u00a0Mon Livre Tablette : Premiers Apprentissages\u00a0\u00bb est un livre interactif con\u00e7u pour les jeunes enfants afin de les initier aux bases de l&rsquo;apprentissage de mani\u00e8re ludique. Inspir\u00e9 par une tablette, il offre une exp\u00e9rience tactile et visuelle o\u00f9 les enfants peuvent d\u00e9couvrir les couleurs, les formes, les chiffres, les paires et les contraires. En appuyant sur les images, ils entendent les mots correspondants et des sons rigolos. Ce livre encourage l&rsquo;apprentissage tout en s&rsquo;amusant, sans recourir \u00e0 un \u00e9cran, favorisant ainsi le d\u00e9veloppement cognitif des tout-petits.<\/p>\n","protected":false},"excerpt":{"rendered":"<p>Mon Livre Tablette : Premiers Apprentissages\u00a0\u00bb est un livre interactif con\u00e7u pour les jeunes enfants. Inspir\u00e9 par une tablette, il leur permet de d\u00e9couvrir les couleurs, les formes, les chiffres, les paires et les contraires. En appuyant sur les images, ils entendent les mots correspondants et des sons rigolos, favorisant ainsi l&rsquo;apprentissage tout en s&rsquo;amusant, sans \u00e9cran.<\/p>\n","protected":false},"featured_media":21584,"comment_status":"open","ping_status":"closed","template":"","meta":{"inline_featured_image":false},"product_cat":[3944,197],"product_tag":[],"class_list":{"0":"post-21583","1":"product","2":"type-product","3":"status-publish","4":"has-post-thumbnail","6":"product_cat-les-livres-sonore-francais","7":"product_cat-livre-sonore","9":"first","10":"instock","11":"shipping-taxable","12":"purchasable","13":"product-type-simple"},"_links":{"self":[{"href":"https:\/\/baralivres.ma\/index.php?rest_route=\/wp\/v2\/product\/21583","targetHints":{"allow":["GET"]}}],"collection":[{"href":"https:\/\/baralivres.ma\/index.php?rest_route=\/wp\/v2\/product"}],"about":[{"href":"https:\/\/baralivres.ma\/index.php?rest_route=\/wp\/v2\/types\/product"}],"replies":[{"embeddable":true,"href":"https:\/\/baralivres.ma\/index.php?rest_route=%2Fwp%2Fv2%2Fcomments&post=21583"}],"version-history":[{"count":1,"href":"https:\/\/baralivres.ma\/index.php?rest_route=\/wp\/v2\/product\/21583\/revisions"}],"predecessor-version":[{"id":21588,"href":"https:\/\/baralivres.ma\/index.php?rest_route=\/wp\/v2\/product\/21583\/revisions\/21588"}],"wp:featuredmedia":[{"embeddable":true,"href":"https:\/\/baralivres.ma\/index.php?rest_route=\/wp\/v2\/media\/21584"}],"wp:attachment":[{"href":"https:\/\/baralivres.ma\/index.php?rest_route=%2Fwp%2Fv2%2Fmedia&parent=21583"}],"wp:term":[{"taxonomy":"product_cat","embeddable":true,"href":"https:\/\/baralivres.ma\/index.php?rest_route=%2Fwp%2Fv2%2Fproduct_cat&post=21583"},{"taxonomy":"product_tag","embeddable":true,"href":"https:\/\/baralivres.ma\/index.php?rest_route=%2Fwp%2Fv2%2Fproduct_tag&post=21583"}],"curies":[{"name":"wp","href":"https:\/\/api.w.org\/{rel}","templated":true}]}}