{"id":21578,"date":"2024-05-20T16:03:35","date_gmt":"2024-05-20T15:03:35","guid":{"rendered":"https:\/\/baralivres.ma\/?post_type=product&#038;p=21578"},"modified":"2024-11-05T13:45:48","modified_gmt":"2024-11-05T12:45:48","slug":"mon-livre-tablette-animaux","status":"publish","type":"product","link":"https:\/\/baralivres.ma\/?product=mon-livre-tablette-animaux","title":{"rendered":"Mon livre tablette . Animaux"},"content":{"rendered":"<p>Le Mon Livre Tablette Animaux offre une approche ludique et interactive pour permettre aux jeunes enfants de d\u00e9couvrir les animaux dans diff\u00e9rents habitats, tels que la ferme, la for\u00eat, la savane, la jungle et la banquise. Con\u00e7u comme une tablette, ce livre sans \u00e9cran propose une exp\u00e9rience sensorielle o\u00f9 les enfants peuvent appuyer sur les images pour entendre des mots et des sons rigolos associ\u00e9s aux animaux. Ce concept simple et captivant encourage l&rsquo;apprentissage en s&rsquo;amusant tout en offrant une alternative innovante \u00e0 l&rsquo;utilisation des \u00e9crans.<\/p>\n","protected":false},"excerpt":{"rendered":"<p>Le Mon Livre Tablette Animaux propose une exploration ludique des animaux dans diff\u00e9rents habitats, sans \u00e9cran. Les enfants appuient sur les images pour entendre des sons amusants et apprendre tout en s&rsquo;amusant<\/p>\n","protected":false},"featured_media":21579,"comment_status":"open","ping_status":"closed","template":"","meta":{"inline_featured_image":false},"product_cat":[3944,197],"product_tag":[],"class_list":{"0":"post-21578","1":"product","2":"type-product","3":"status-publish","4":"has-post-thumbnail","6":"product_cat-les-livres-sonore-francais","7":"product_cat-livre-sonore","9":"first","10":"instock","11":"shipping-taxable","12":"purchasable","13":"product-type-simple"},"_links":{"self":[{"href":"https:\/\/baralivres.ma\/index.php?rest_route=\/wp\/v2\/product\/21578","targetHints":{"allow":["GET"]}}],"collection":[{"href":"https:\/\/baralivres.ma\/index.php?rest_route=\/wp\/v2\/product"}],"about":[{"href":"https:\/\/baralivres.ma\/index.php?rest_route=\/wp\/v2\/types\/product"}],"replies":[{"embeddable":true,"href":"https:\/\/baralivres.ma\/index.php?rest_route=%2Fwp%2Fv2%2Fcomments&post=21578"}],"version-history":[{"count":1,"href":"https:\/\/baralivres.ma\/index.php?rest_route=\/wp\/v2\/product\/21578\/revisions"}],"predecessor-version":[{"id":21582,"href":"https:\/\/baralivres.ma\/index.php?rest_route=\/wp\/v2\/product\/21578\/revisions\/21582"}],"wp:featuredmedia":[{"embeddable":true,"href":"https:\/\/baralivres.ma\/index.php?rest_route=\/wp\/v2\/media\/21579"}],"wp:attachment":[{"href":"https:\/\/baralivres.ma\/index.php?rest_route=%2Fwp%2Fv2%2Fmedia&parent=21578"}],"wp:term":[{"taxonomy":"product_cat","embeddable":true,"href":"https:\/\/baralivres.ma\/index.php?rest_route=%2Fwp%2Fv2%2Fproduct_cat&post=21578"},{"taxonomy":"product_tag","embeddable":true,"href":"https:\/\/baralivres.ma\/index.php?rest_route=%2Fwp%2Fv2%2Fproduct_tag&post=21578"}],"curies":[{"name":"wp","href":"https:\/\/api.w.org\/{rel}","templated":true}]}}