{"id":21573,"date":"2024-05-20T15:48:13","date_gmt":"2024-05-20T14:48:13","guid":{"rendered":"https:\/\/baralivres.ma\/?post_type=product&#038;p=21573"},"modified":"2024-11-05T13:46:53","modified_gmt":"2024-11-05T12:46:53","slug":"ecoute-decouvre-et-observe-la-foret","status":"publish","type":"product","link":"https:\/\/baralivres.ma\/?product=ecoute-decouvre-et-observe-la-foret","title":{"rendered":"\u00c9coute, d\u00e9couvre et observe : la for\u00eat"},"content":{"rendered":"<p>\u00ab\u00a0\u00c9coute, d\u00e9couvre et observe : la for\u00eat\u00a0\u00bb est un livre sonore con\u00e7u pour les tout-petits, les plongeant dans une aventure sensorielle \u00e0 travers la for\u00eat. Les illustrations joyeuses et d\u00e9taill\u00e9es captivent l&rsquo;imagination des enfants, les invitant \u00e0 explorer un univers vibrant de vie. Chaque page est accompagn\u00e9e de sons naturels synchronis\u00e9s avec les images, cr\u00e9ant une exp\u00e9rience immersive. En plus de l&rsquo;aspect visuel et auditif, le livre propose des jeux d&rsquo;observation pour stimuler l&rsquo;interaction et la curiosit\u00e9 des jeunes lecteurs. En r\u00e9sum\u00e9, \u00ab\u00a0\u00c9coute, d\u00e9couvre et observe : la for\u00eat\u00a0\u00bb offre une exp\u00e9rience compl\u00e8te qui \u00e9veille les sens, nourrit l&rsquo;imagination et encourage l&rsquo;exploration du monde naturel.<\/p>\n","protected":false},"excerpt":{"rendered":"<p>\u00ab\u00a0\u00c9coute, d\u00e9couvre et observe : la for\u00eat\u00a0\u00bb est bien plus qu&rsquo;un simple livre pour les tout-petits. C&rsquo;est une aventure sensorielle qui \u00e9merveille les jeunes esprits en leur permettant d&rsquo;explorer le monde myst\u00e9rieux de la for\u00eat \u00e0 travers des sons, des images et des jeux d&rsquo;observation.<\/p>\n","protected":false},"featured_media":21574,"comment_status":"open","ping_status":"closed","template":"","meta":{"inline_featured_image":false},"product_cat":[3944,197],"product_tag":[],"class_list":{"0":"post-21573","1":"product","2":"type-product","3":"status-publish","4":"has-post-thumbnail","6":"product_cat-les-livres-sonore-francais","7":"product_cat-livre-sonore","9":"first","10":"instock","11":"shipping-taxable","12":"purchasable","13":"product-type-simple"},"_links":{"self":[{"href":"https:\/\/baralivres.ma\/index.php?rest_route=\/wp\/v2\/product\/21573","targetHints":{"allow":["GET"]}}],"collection":[{"href":"https:\/\/baralivres.ma\/index.php?rest_route=\/wp\/v2\/product"}],"about":[{"href":"https:\/\/baralivres.ma\/index.php?rest_route=\/wp\/v2\/types\/product"}],"replies":[{"embeddable":true,"href":"https:\/\/baralivres.ma\/index.php?rest_route=%2Fwp%2Fv2%2Fcomments&post=21573"}],"version-history":[{"count":1,"href":"https:\/\/baralivres.ma\/index.php?rest_route=\/wp\/v2\/product\/21573\/revisions"}],"predecessor-version":[{"id":21577,"href":"https:\/\/baralivres.ma\/index.php?rest_route=\/wp\/v2\/product\/21573\/revisions\/21577"}],"wp:featuredmedia":[{"embeddable":true,"href":"https:\/\/baralivres.ma\/index.php?rest_route=\/wp\/v2\/media\/21574"}],"wp:attachment":[{"href":"https:\/\/baralivres.ma\/index.php?rest_route=%2Fwp%2Fv2%2Fmedia&parent=21573"}],"wp:term":[{"taxonomy":"product_cat","embeddable":true,"href":"https:\/\/baralivres.ma\/index.php?rest_route=%2Fwp%2Fv2%2Fproduct_cat&post=21573"},{"taxonomy":"product_tag","embeddable":true,"href":"https:\/\/baralivres.ma\/index.php?rest_route=%2Fwp%2Fv2%2Fproduct_tag&post=21573"}],"curies":[{"name":"wp","href":"https:\/\/api.w.org\/{rel}","templated":true}]}}