{"id":21549,"date":"2024-05-20T10:25:32","date_gmt":"2024-05-20T09:25:32","guid":{"rendered":"https:\/\/baralivres.ma\/?post_type=product&#038;p=21549"},"modified":"2024-10-27T16:34:25","modified_gmt":"2024-10-27T15:34:25","slug":"mes-jolies-peintures-magiques-kawaii","status":"publish","type":"product","link":"https:\/\/baralivres.ma\/?product=mes-jolies-peintures-magiques-kawaii","title":{"rendered":"Mes jolies peintures magiques : KAWAII"},"content":{"rendered":"<div class=\"flex flex-grow flex-col max-w-full\">\n<div class=\"min-h-[20px] text-message flex flex-col items-start whitespace-pre-wrap break-words [.text-message+&amp;]:mt-5 juice:w-full juice:items-end overflow-x-auto gap-2\" dir=\"auto\" data-message-author-role=\"assistant\" data-message-id=\"7bc65068-1e68-453c-9ecf-cc697db974be\">\n<div class=\"flex w-full flex-col gap-1 juice:empty:hidden juice:first:pt-[3px]\">\n<div class=\"markdown prose w-full break-words dark:prose-invert light\">\n<p>\u00ab\u00a0Mes jolies peintures magiques : KAWAII\u00a0\u00bb est bien plus qu&rsquo;un simple livre d&rsquo;activit\u00e9s artistiques pour enfants. Il offre une exp\u00e9rience captivante o\u00f9 les couleurs \u00e9clatantes prennent vie gr\u00e2ce \u00e0 un pinceau \u00e0 r\u00e9servoir d&rsquo;eau. Les dessins, empreints de po\u00e9sie, s&rsquo;effacent doucement une fois secs, permettant une cr\u00e9ation infinie. En plus de cette magie artistique, chaque page propose un jeu ludique au verso, invitant les enfants \u00e0 observer, \u00e0 rep\u00e9rer des objets et \u00e0 les compter. C&rsquo;est une joyeuse fa\u00e7on d&rsquo;apprendre en s&rsquo;amusant, o\u00f9 la cr\u00e9ativit\u00e9 et l&rsquo;\u00e9merveillement se rencontrent pour offrir une exp\u00e9rience inoubliable.<\/p>\n<\/div>\n<\/div>\n<\/div>\n<\/div>\n","protected":false},"excerpt":{"rendered":"<p>\u00ab\u00a0Mes jolies peintures magiques : KAWAII\u00a0\u00bb offre bien plus qu&rsquo;un simple livre d&rsquo;activit\u00e9s artistiques. C&rsquo;est une invitation \u00e0 l&rsquo;imagination, \u00e0 la d\u00e9couverte et \u00e0 la joie de cr\u00e9er encore et encore, dans un univers o\u00f9 la couleur et le jeu se marient harmonieusement pour \u00e9veiller les sens et \u00e9gayer les journ\u00e9es.<\/p>\n","protected":false},"featured_media":21550,"comment_status":"open","ping_status":"closed","template":"","meta":{"inline_featured_image":false},"product_cat":[210,200],"product_tag":[],"class_list":{"0":"post-21549","1":"product","2":"type-product","3":"status-publish","4":"has-post-thumbnail","6":"product_cat-activites-bebe-enfant","7":"product_cat-activites","9":"first","10":"instock","11":"shipping-taxable","12":"purchasable","13":"product-type-simple"},"_links":{"self":[{"href":"https:\/\/baralivres.ma\/index.php?rest_route=\/wp\/v2\/product\/21549","targetHints":{"allow":["GET"]}}],"collection":[{"href":"https:\/\/baralivres.ma\/index.php?rest_route=\/wp\/v2\/product"}],"about":[{"href":"https:\/\/baralivres.ma\/index.php?rest_route=\/wp\/v2\/types\/product"}],"replies":[{"embeddable":true,"href":"https:\/\/baralivres.ma\/index.php?rest_route=%2Fwp%2Fv2%2Fcomments&post=21549"}],"version-history":[{"count":1,"href":"https:\/\/baralivres.ma\/index.php?rest_route=\/wp\/v2\/product\/21549\/revisions"}],"predecessor-version":[{"id":21553,"href":"https:\/\/baralivres.ma\/index.php?rest_route=\/wp\/v2\/product\/21549\/revisions\/21553"}],"wp:featuredmedia":[{"embeddable":true,"href":"https:\/\/baralivres.ma\/index.php?rest_route=\/wp\/v2\/media\/21550"}],"wp:attachment":[{"href":"https:\/\/baralivres.ma\/index.php?rest_route=%2Fwp%2Fv2%2Fmedia&parent=21549"}],"wp:term":[{"taxonomy":"product_cat","embeddable":true,"href":"https:\/\/baralivres.ma\/index.php?rest_route=%2Fwp%2Fv2%2Fproduct_cat&post=21549"},{"taxonomy":"product_tag","embeddable":true,"href":"https:\/\/baralivres.ma\/index.php?rest_route=%2Fwp%2Fv2%2Fproduct_tag&post=21549"}],"curies":[{"name":"wp","href":"https:\/\/api.w.org\/{rel}","templated":true}]}}