{"id":21544,"date":"2024-05-20T10:18:14","date_gmt":"2024-05-20T09:18:14","guid":{"rendered":"https:\/\/baralivres.ma\/?post_type=product&#038;p=21544"},"modified":"2024-10-27T16:33:27","modified_gmt":"2024-10-27T15:33:27","slug":"mes-jolies-peintures-magiques-princesses","status":"publish","type":"product","link":"https:\/\/baralivres.ma\/?product=mes-jolies-peintures-magiques-princesses","title":{"rendered":"Mes jolies peintures magiques : PRINCESSES"},"content":{"rendered":"<p>\u00ab\u00a0Mes jolies peintures magiques : PRINCESSES\u00a0\u00bb est bien plus qu&rsquo;un simple livre de coloriage. Gr\u00e2ce \u00e0 sa technologie innovante, les tout-petits peuvent cr\u00e9er des \u0153uvres d&rsquo;art \u00e9blouissantes sans le besoin de tabliers encombrants ni de peinture salissante. Il leur suffit de remplir le r\u00e9servoir du pinceau avec de l&rsquo;eau, et les couleurs apparaissent comme par magie sur les dessins. En quelques instants, les pages redeviennent s\u00e8ches, pr\u00eates \u00e0 \u00eatre red\u00e9couvertes et redessin\u00e9es \u00e0 l&rsquo;infini. De plus, des jeux interactifs au verso de chaque page stimulent l&rsquo;apprentissage en invitant les enfants \u00e0 rep\u00e9rer des objets et \u00e0 les compter. C&rsquo;est une exp\u00e9rience joyeuse o\u00f9 l&rsquo;imagination des enfants est le seul guide, offrant une mani\u00e8re enchant\u00e9e d&rsquo;apprendre en s&rsquo;amusant.<\/p>\n","protected":false},"excerpt":{"rendered":"<p>\u00ab\u00a0Mes jolies peintures magiques : PRINCESSES\u00a0\u00bb bien plus qu&rsquo;un simple livre de coloriage. C&rsquo;est une aventure joyeuse o\u00f9 l&rsquo;imagination des enfants est le seul guide, offrant une mani\u00e8re enchant\u00e9e d&rsquo;apprendre en s&rsquo;amusant.<\/p>\n","protected":false},"featured_media":21547,"comment_status":"open","ping_status":"closed","template":"","meta":{"inline_featured_image":false},"product_cat":[210,200],"product_tag":[],"class_list":{"0":"post-21544","1":"product","2":"type-product","3":"status-publish","4":"has-post-thumbnail","6":"product_cat-activites-bebe-enfant","7":"product_cat-activites","9":"first","10":"instock","11":"shipping-taxable","12":"purchasable","13":"product-type-simple"},"_links":{"self":[{"href":"https:\/\/baralivres.ma\/index.php?rest_route=\/wp\/v2\/product\/21544","targetHints":{"allow":["GET"]}}],"collection":[{"href":"https:\/\/baralivres.ma\/index.php?rest_route=\/wp\/v2\/product"}],"about":[{"href":"https:\/\/baralivres.ma\/index.php?rest_route=\/wp\/v2\/types\/product"}],"replies":[{"embeddable":true,"href":"https:\/\/baralivres.ma\/index.php?rest_route=%2Fwp%2Fv2%2Fcomments&post=21544"}],"version-history":[{"count":1,"href":"https:\/\/baralivres.ma\/index.php?rest_route=\/wp\/v2\/product\/21544\/revisions"}],"predecessor-version":[{"id":21548,"href":"https:\/\/baralivres.ma\/index.php?rest_route=\/wp\/v2\/product\/21544\/revisions\/21548"}],"wp:featuredmedia":[{"embeddable":true,"href":"https:\/\/baralivres.ma\/index.php?rest_route=\/wp\/v2\/media\/21547"}],"wp:attachment":[{"href":"https:\/\/baralivres.ma\/index.php?rest_route=%2Fwp%2Fv2%2Fmedia&parent=21544"}],"wp:term":[{"taxonomy":"product_cat","embeddable":true,"href":"https:\/\/baralivres.ma\/index.php?rest_route=%2Fwp%2Fv2%2Fproduct_cat&post=21544"},{"taxonomy":"product_tag","embeddable":true,"href":"https:\/\/baralivres.ma\/index.php?rest_route=%2Fwp%2Fv2%2Fproduct_tag&post=21544"}],"curies":[{"name":"wp","href":"https:\/\/api.w.org\/{rel}","templated":true}]}}