{"id":21532,"date":"2024-05-20T09:59:07","date_gmt":"2024-05-20T08:59:07","guid":{"rendered":"https:\/\/baralivres.ma\/?post_type=product&#038;p=21532"},"modified":"2024-10-27T16:35:07","modified_gmt":"2024-10-27T15:35:07","slug":"mes-jolies-peintures-magiques-vacances","status":"publish","type":"product","link":"https:\/\/baralivres.ma\/?product=mes-jolies-peintures-magiques-vacances","title":{"rendered":"Mes jolies peintures magiques : VACANCES"},"content":{"rendered":"<p>Cette collection de coloriages invite les jeunes artistes de 5 ans et plus \u00e0 d\u00e9corer 48 dessins amusants et po\u00e9tiques avec des strass autocollants. Le livre comprend <strong>1400 strass<\/strong> de 4 mm de diam\u00e8tre, adapt\u00e9s aux petites mains. Les dessins, imprim\u00e9s en deux teintes de couleur, sont accompagn\u00e9s de petits textes stimulants pour encourager la cr\u00e9ativit\u00e9. Cette activit\u00e9 ludique favorise l&rsquo;imagination, la dext\u00e9rit\u00e9 et la patience, offrant un r\u00e9sultat \u00e9tincelant et satisfaisant.<\/p>\n","protected":false},"excerpt":{"rendered":"<p><strong>Mes jolies peintures magiques : VACANCES<\/strong> est le choix parfait pour des moments cr\u00e9atifs et joyeux, promettant des heures de plaisir et de satisfaction pour les enfants.<\/p>\n","protected":false},"featured_media":21533,"comment_status":"open","ping_status":"closed","template":"","meta":{"inline_featured_image":false},"product_cat":[210,200],"product_tag":[],"class_list":{"0":"post-21532","1":"product","2":"type-product","3":"status-publish","4":"has-post-thumbnail","6":"product_cat-activites-bebe-enfant","7":"product_cat-activites","9":"first","10":"instock","11":"shipping-taxable","12":"purchasable","13":"product-type-simple"},"_links":{"self":[{"href":"https:\/\/baralivres.ma\/index.php?rest_route=\/wp\/v2\/product\/21532","targetHints":{"allow":["GET"]}}],"collection":[{"href":"https:\/\/baralivres.ma\/index.php?rest_route=\/wp\/v2\/product"}],"about":[{"href":"https:\/\/baralivres.ma\/index.php?rest_route=\/wp\/v2\/types\/product"}],"replies":[{"embeddable":true,"href":"https:\/\/baralivres.ma\/index.php?rest_route=%2Fwp%2Fv2%2Fcomments&post=21532"}],"version-history":[{"count":1,"href":"https:\/\/baralivres.ma\/index.php?rest_route=\/wp\/v2\/product\/21532\/revisions"}],"predecessor-version":[{"id":21537,"href":"https:\/\/baralivres.ma\/index.php?rest_route=\/wp\/v2\/product\/21532\/revisions\/21537"}],"wp:featuredmedia":[{"embeddable":true,"href":"https:\/\/baralivres.ma\/index.php?rest_route=\/wp\/v2\/media\/21533"}],"wp:attachment":[{"href":"https:\/\/baralivres.ma\/index.php?rest_route=%2Fwp%2Fv2%2Fmedia&parent=21532"}],"wp:term":[{"taxonomy":"product_cat","embeddable":true,"href":"https:\/\/baralivres.ma\/index.php?rest_route=%2Fwp%2Fv2%2Fproduct_cat&post=21532"},{"taxonomy":"product_tag","embeddable":true,"href":"https:\/\/baralivres.ma\/index.php?rest_route=%2Fwp%2Fv2%2Fproduct_tag&post=21532"}],"curies":[{"name":"wp","href":"https:\/\/api.w.org\/{rel}","templated":true}]}}