{"id":21525,"date":"2024-05-20T09:46:53","date_gmt":"2024-05-20T08:46:53","guid":{"rendered":"https:\/\/baralivres.ma\/?post_type=product&#038;p=21525"},"modified":"2024-10-27T16:35:48","modified_gmt":"2024-10-27T15:35:48","slug":"mes-jolies-peintures-magiques-pirates","status":"publish","type":"product","link":"https:\/\/baralivres.ma\/?product=mes-jolies-peintures-magiques-pirates","title":{"rendered":"Mes jolies peintures magiques : PIRATES"},"content":{"rendered":"<div class=\"flex flex-grow flex-col max-w-full\">\n<div class=\"min-h-[20px] text-message flex flex-col items-start whitespace-pre-wrap break-words [.text-message+&amp;]:mt-5 juice:w-full juice:items-end overflow-x-auto gap-2\" dir=\"auto\" data-message-author-role=\"assistant\" data-message-id=\"60c07e9e-5cb0-4b76-80d7-a938b63b6d76\">\n<div class=\"flex w-full flex-col gap-1 juice:empty:hidden juice:first:pt-[3px]\">\n<div class=\"markdown prose w-full break-words dark:prose-invert light\">\n<p>\u00ab\u00a0Mes jolies peintures magiques : PIRATES\u00a0\u00bb est un livre interactif pour les jeunes enfants, leur permettant de d\u00e9couvrir le th\u00e8me des pirates \u00e0 travers des illustrations \u00e0 compl\u00e9ter avec des gommettes. Ce livre ludique aide \u00e0 enrichir leur vocabulaire tout en d\u00e9veloppant leur sens de l&rsquo;observation, leur patience et leur coordination main\/\u0153il. Tr\u00e8s utilis\u00e9es dans les classes de maternelle, les gommettes rendent l&rsquo;apprentissage amusant et engageant, offrant aux enfants une aventure \u00e9ducative et cr\u00e9ative.<\/p>\n<\/div>\n<\/div>\n<\/div>\n<\/div>\n","protected":false},"excerpt":{"rendered":"<p>\u00ab\u00a0Mes jolies peintures magiques : PIRATES\u00a0\u00bb, les enfants auront l&rsquo;opportunit\u00e9 de s&rsquo;amuser tout en apprenant, plongeant dans une aventure imaginaire peupl\u00e9e de bateaux, de tr\u00e9sors et de personnages hauts en couleur.<\/p>\n","protected":false},"featured_media":21526,"comment_status":"open","ping_status":"closed","template":"","meta":{"inline_featured_image":false},"product_cat":[210,200],"product_tag":[],"class_list":{"0":"post-21525","1":"product","2":"type-product","3":"status-publish","4":"has-post-thumbnail","6":"product_cat-activites-bebe-enfant","7":"product_cat-activites","9":"first","10":"instock","11":"shipping-taxable","12":"purchasable","13":"product-type-simple"},"_links":{"self":[{"href":"https:\/\/baralivres.ma\/index.php?rest_route=\/wp\/v2\/product\/21525","targetHints":{"allow":["GET"]}}],"collection":[{"href":"https:\/\/baralivres.ma\/index.php?rest_route=\/wp\/v2\/product"}],"about":[{"href":"https:\/\/baralivres.ma\/index.php?rest_route=\/wp\/v2\/types\/product"}],"replies":[{"embeddable":true,"href":"https:\/\/baralivres.ma\/index.php?rest_route=%2Fwp%2Fv2%2Fcomments&post=21525"}],"version-history":[{"count":1,"href":"https:\/\/baralivres.ma\/index.php?rest_route=\/wp\/v2\/product\/21525\/revisions"}],"predecessor-version":[{"id":21531,"href":"https:\/\/baralivres.ma\/index.php?rest_route=\/wp\/v2\/product\/21525\/revisions\/21531"}],"wp:featuredmedia":[{"embeddable":true,"href":"https:\/\/baralivres.ma\/index.php?rest_route=\/wp\/v2\/media\/21526"}],"wp:attachment":[{"href":"https:\/\/baralivres.ma\/index.php?rest_route=%2Fwp%2Fv2%2Fmedia&parent=21525"}],"wp:term":[{"taxonomy":"product_cat","embeddable":true,"href":"https:\/\/baralivres.ma\/index.php?rest_route=%2Fwp%2Fv2%2Fproduct_cat&post=21525"},{"taxonomy":"product_tag","embeddable":true,"href":"https:\/\/baralivres.ma\/index.php?rest_route=%2Fwp%2Fv2%2Fproduct_tag&post=21525"}],"curies":[{"name":"wp","href":"https:\/\/api.w.org\/{rel}","templated":true}]}}