{"id":21520,"date":"2024-05-20T09:34:41","date_gmt":"2024-05-20T08:34:41","guid":{"rendered":"https:\/\/baralivres.ma\/?post_type=product&#038;p=21520"},"modified":"2024-10-27T16:36:22","modified_gmt":"2024-10-27T15:36:22","slug":"mes-jolies-peintures-magiques-ferme","status":"publish","type":"product","link":"https:\/\/baralivres.ma\/?product=mes-jolies-peintures-magiques-ferme","title":{"rendered":"Mes jolies peintures magiques : ferme"},"content":{"rendered":"<p><strong>Mes jolies peintures magiques : ferme<\/strong> est un livre innovant con\u00e7u pour les tout-petits, leur permettant de peindre sans d\u00e9sordre. En remplissant le pinceau inclus avec de l&rsquo;eau et en le passant sur les dessins, des couleurs \u00e9clatantes apparaissent comme par magie. Apr\u00e8s une dizaine de minutes, les pages s\u00e8chent et les couleurs disparaissent, permettant une utilisation r\u00e9p\u00e9t\u00e9e.<\/p>\n<p>Chaque page offre \u00e9galement un jeu \u00e9ducatif au verso, invitant les enfants \u00e0 rep\u00e9rer et \u00e0 compter divers objets, combinant ainsi plaisir et apprentissage de mani\u00e8re ludique. Ce livre r\u00e9utilisable est une mani\u00e8re joyeuse et propre de stimuler la cr\u00e9ativit\u00e9 et les comp\u00e9tences cognitives des enfants.<\/p>\n","protected":false},"excerpt":{"rendered":"<p>D\u00e9couvrez une nouvelle mani\u00e8re pour les tout-petits de s&rsquo;initier \u00e0 la peinture sans les inconv\u00e9nients habituels gr\u00e2ce \u00e0 <strong>Mes jolies peintures magiques : ferme<\/strong>. Ce livre innovant permet aux enfants de r\u00e9v\u00e9ler des couleurs \u00e9clatantes simplement en utilisant de l&rsquo;eau.<\/p>\n","protected":false},"featured_media":21521,"comment_status":"open","ping_status":"closed","template":"","meta":{"inline_featured_image":false},"product_cat":[210,200],"product_tag":[],"class_list":{"0":"post-21520","1":"product","2":"type-product","3":"status-publish","4":"has-post-thumbnail","6":"product_cat-activites-bebe-enfant","7":"product_cat-activites","9":"first","10":"instock","11":"shipping-taxable","12":"purchasable","13":"product-type-simple"},"_links":{"self":[{"href":"https:\/\/baralivres.ma\/index.php?rest_route=\/wp\/v2\/product\/21520","targetHints":{"allow":["GET"]}}],"collection":[{"href":"https:\/\/baralivres.ma\/index.php?rest_route=\/wp\/v2\/product"}],"about":[{"href":"https:\/\/baralivres.ma\/index.php?rest_route=\/wp\/v2\/types\/product"}],"replies":[{"embeddable":true,"href":"https:\/\/baralivres.ma\/index.php?rest_route=%2Fwp%2Fv2%2Fcomments&post=21520"}],"version-history":[{"count":1,"href":"https:\/\/baralivres.ma\/index.php?rest_route=\/wp\/v2\/product\/21520\/revisions"}],"predecessor-version":[{"id":21524,"href":"https:\/\/baralivres.ma\/index.php?rest_route=\/wp\/v2\/product\/21520\/revisions\/21524"}],"wp:featuredmedia":[{"embeddable":true,"href":"https:\/\/baralivres.ma\/index.php?rest_route=\/wp\/v2\/media\/21521"}],"wp:attachment":[{"href":"https:\/\/baralivres.ma\/index.php?rest_route=%2Fwp%2Fv2%2Fmedia&parent=21520"}],"wp:term":[{"taxonomy":"product_cat","embeddable":true,"href":"https:\/\/baralivres.ma\/index.php?rest_route=%2Fwp%2Fv2%2Fproduct_cat&post=21520"},{"taxonomy":"product_tag","embeddable":true,"href":"https:\/\/baralivres.ma\/index.php?rest_route=%2Fwp%2Fv2%2Fproduct_tag&post=21520"}],"curies":[{"name":"wp","href":"https:\/\/api.w.org\/{rel}","templated":true}]}}