{"id":21515,"date":"2024-05-17T15:43:16","date_gmt":"2024-05-17T14:43:16","guid":{"rendered":"https:\/\/baralivres.ma\/?post_type=product&#038;p=21515"},"modified":"2024-10-27T16:37:07","modified_gmt":"2024-10-27T15:37:07","slug":"mes-jolies-peintures-magiques-licornes","status":"publish","type":"product","link":"https:\/\/baralivres.ma\/?product=mes-jolies-peintures-magiques-licornes","title":{"rendered":"Mes jolies peintures magiques : licornes"},"content":{"rendered":"<p>Ce livre offre aux tout-petits une mani\u00e8re propre et amusante de peindre. En remplissant un pinceau d&rsquo;eau et en le passant sur les dessins, des couleurs \u00e9clatantes apparaissent comme par magie. Apr\u00e8s environ dix minutes, la page s\u00e8che et les couleurs disparaissent, permettant de recommencer \u00e0 l&rsquo;infini. Au verso de chaque page, un jeu invite les enfants \u00e0 rep\u00e9rer et compter des objets, offrant une fa\u00e7on ludique et \u00e9ducative d&rsquo;apprendre en s&rsquo;amusant.<\/p>\n","protected":false},"excerpt":{"rendered":"<p>D\u00e9couvrez la magie des peintures sans d\u00e9sordre avec \u00ab\u00a0Mes jolies peintures magiques : licornes\u00a0\u00bb. Remplissez simplement le pinceau d&rsquo;eau, passez-le sur les dessins et les couleurs apparaissent comme par magie. Les pages s\u00e8chent en dix minutes, pr\u00eates \u00e0 \u00eatre r\u00e9utilis\u00e9es. Au verso, un jeu invite \u00e0 rep\u00e9rer et compter des objets, pour apprendre en s&rsquo;amusant.<\/p>\n","protected":false},"featured_media":21516,"comment_status":"open","ping_status":"closed","template":"","meta":{"inline_featured_image":false},"product_cat":[210,200],"product_tag":[],"class_list":{"0":"post-21515","1":"product","2":"type-product","3":"status-publish","4":"has-post-thumbnail","6":"product_cat-activites-bebe-enfant","7":"product_cat-activites","9":"first","10":"instock","11":"shipping-taxable","12":"purchasable","13":"product-type-simple"},"_links":{"self":[{"href":"https:\/\/baralivres.ma\/index.php?rest_route=\/wp\/v2\/product\/21515","targetHints":{"allow":["GET"]}}],"collection":[{"href":"https:\/\/baralivres.ma\/index.php?rest_route=\/wp\/v2\/product"}],"about":[{"href":"https:\/\/baralivres.ma\/index.php?rest_route=\/wp\/v2\/types\/product"}],"replies":[{"embeddable":true,"href":"https:\/\/baralivres.ma\/index.php?rest_route=%2Fwp%2Fv2%2Fcomments&post=21515"}],"version-history":[{"count":1,"href":"https:\/\/baralivres.ma\/index.php?rest_route=\/wp\/v2\/product\/21515\/revisions"}],"predecessor-version":[{"id":21519,"href":"https:\/\/baralivres.ma\/index.php?rest_route=\/wp\/v2\/product\/21515\/revisions\/21519"}],"wp:featuredmedia":[{"embeddable":true,"href":"https:\/\/baralivres.ma\/index.php?rest_route=\/wp\/v2\/media\/21516"}],"wp:attachment":[{"href":"https:\/\/baralivres.ma\/index.php?rest_route=%2Fwp%2Fv2%2Fmedia&parent=21515"}],"wp:term":[{"taxonomy":"product_cat","embeddable":true,"href":"https:\/\/baralivres.ma\/index.php?rest_route=%2Fwp%2Fv2%2Fproduct_cat&post=21515"},{"taxonomy":"product_tag","embeddable":true,"href":"https:\/\/baralivres.ma\/index.php?rest_route=%2Fwp%2Fv2%2Fproduct_tag&post=21515"}],"curies":[{"name":"wp","href":"https:\/\/api.w.org\/{rel}","templated":true}]}}