{"id":21510,"date":"2024-05-17T15:18:34","date_gmt":"2024-05-17T14:18:34","guid":{"rendered":"https:\/\/baralivres.ma\/?post_type=product&#038;p=21510"},"modified":"2024-10-27T16:37:48","modified_gmt":"2024-10-27T15:37:48","slug":"mes-jolies-peintures-magiques-jardin","status":"publish","type":"product","link":"https:\/\/baralivres.ma\/?product=mes-jolies-peintures-magiques-jardin","title":{"rendered":"Mes jolies peintures magiques : jardin"},"content":{"rendered":"<p>\u00ab\u00a0Mes jolies peintures magiques : jardin\u00a0\u00bb est un livre interactif pour les tout-petits, qui permet de peindre sans salissure. Il suffit de remplir le pinceau d&rsquo;eau et de le passer sur les dessins pour faire appara\u00eetre des couleurs \u00e9clatantes. Les pages s\u00e8chent en environ dix minutes, effa\u00e7ant les couleurs et permettant de recommencer \u00e0 l&rsquo;infini. Au verso de chaque page, un jeu \u00e9ducatif incite les enfants \u00e0 rep\u00e9rer et compter des objets, combinant ainsi plaisir et apprentissage de mani\u00e8re ludique et engageante.<\/p>\n","protected":false},"excerpt":{"rendered":"<p>\u00ab\u00a0Mes jolies peintures magiques : jardin\u00a0\u00bb permet aux tout-petits de peindre sans d\u00e9sordre en utilisant un pinceau rempli d&rsquo;eau. Les couleurs apparaissent puis disparaissent en s\u00e9chant, rendant les pages r\u00e9utilisables. Au verso de chaque page, un jeu \u00e9ducatif encourage les enfants \u00e0 rep\u00e9rer et compter des objets, alliant plaisir et apprentissage.<\/p>\n","protected":false},"featured_media":21511,"comment_status":"open","ping_status":"closed","template":"","meta":{"inline_featured_image":false},"product_cat":[210,200],"product_tag":[],"class_list":{"0":"post-21510","1":"product","2":"type-product","3":"status-publish","4":"has-post-thumbnail","6":"product_cat-activites-bebe-enfant","7":"product_cat-activites","9":"first","10":"instock","11":"shipping-taxable","12":"purchasable","13":"product-type-simple"},"_links":{"self":[{"href":"https:\/\/baralivres.ma\/index.php?rest_route=\/wp\/v2\/product\/21510","targetHints":{"allow":["GET"]}}],"collection":[{"href":"https:\/\/baralivres.ma\/index.php?rest_route=\/wp\/v2\/product"}],"about":[{"href":"https:\/\/baralivres.ma\/index.php?rest_route=\/wp\/v2\/types\/product"}],"replies":[{"embeddable":true,"href":"https:\/\/baralivres.ma\/index.php?rest_route=%2Fwp%2Fv2%2Fcomments&post=21510"}],"version-history":[{"count":1,"href":"https:\/\/baralivres.ma\/index.php?rest_route=\/wp\/v2\/product\/21510\/revisions"}],"predecessor-version":[{"id":21514,"href":"https:\/\/baralivres.ma\/index.php?rest_route=\/wp\/v2\/product\/21510\/revisions\/21514"}],"wp:featuredmedia":[{"embeddable":true,"href":"https:\/\/baralivres.ma\/index.php?rest_route=\/wp\/v2\/media\/21511"}],"wp:attachment":[{"href":"https:\/\/baralivres.ma\/index.php?rest_route=%2Fwp%2Fv2%2Fmedia&parent=21510"}],"wp:term":[{"taxonomy":"product_cat","embeddable":true,"href":"https:\/\/baralivres.ma\/index.php?rest_route=%2Fwp%2Fv2%2Fproduct_cat&post=21510"},{"taxonomy":"product_tag","embeddable":true,"href":"https:\/\/baralivres.ma\/index.php?rest_route=%2Fwp%2Fv2%2Fproduct_tag&post=21510"}],"curies":[{"name":"wp","href":"https:\/\/api.w.org\/{rel}","templated":true}]}}