{"id":21505,"date":"2024-05-17T14:26:30","date_gmt":"2024-05-17T13:26:30","guid":{"rendered":"https:\/\/baralivres.ma\/?post_type=product&#038;p=21505"},"modified":"2024-10-27T16:38:19","modified_gmt":"2024-10-27T15:38:19","slug":"mes-jolies-peintures-magiques-dinosaures","status":"publish","type":"product","link":"https:\/\/baralivres.ma\/?product=mes-jolies-peintures-magiques-dinosaures","title":{"rendered":"Mes jolies peintures magiques &#8211; dinosaures"},"content":{"rendered":"<p><strong>Mes jolies peintures magiques &#8211; dinosaures<\/strong> est une activit\u00e9 artistique interactive pour enfants. Utilisant un pinceau \u00e0 eau, les enfants appliquent de l&rsquo;eau sur des dessins de dinosaures pour faire appara\u00eetre les couleurs comme par magie. Une fois s\u00e8ches, les couleurs disparaissent, permettant de recommencer ind\u00e9finiment. Ce kit offre une activit\u00e9 calme et r\u00e9p\u00e9titive, id\u00e9ale pour des moments de tranquillit\u00e9 \u00e0 la maison ou lors de sorties. Il inclut \u00e9galement 7 jeux \u00ab\u00a0Cherche et Trouve\u00a0\u00bb pour aider les enfants \u00e0 apprendre les chiffres et les couleurs de mani\u00e8re amusante et \u00e9ducative.<\/p>\n","protected":false},"excerpt":{"rendered":"<p>\u00ab\u00a0<strong>Mes jolies peintures magiques &#8211; dinosaures<\/strong>\u00a0\u00bb offre une activit\u00e9 engageante et \u00e9ducative, parfaite pour les enfants qui aiment les dinosaures et la peinture sans le d\u00e9sordre traditionnel.<\/p>\n","protected":false},"featured_media":21506,"comment_status":"open","ping_status":"closed","template":"","meta":{"inline_featured_image":false},"product_cat":[210,200],"product_tag":[],"class_list":{"0":"post-21505","1":"product","2":"type-product","3":"status-publish","4":"has-post-thumbnail","6":"product_cat-activites-bebe-enfant","7":"product_cat-activites","9":"first","10":"instock","11":"shipping-taxable","12":"purchasable","13":"product-type-simple"},"_links":{"self":[{"href":"https:\/\/baralivres.ma\/index.php?rest_route=\/wp\/v2\/product\/21505","targetHints":{"allow":["GET"]}}],"collection":[{"href":"https:\/\/baralivres.ma\/index.php?rest_route=\/wp\/v2\/product"}],"about":[{"href":"https:\/\/baralivres.ma\/index.php?rest_route=\/wp\/v2\/types\/product"}],"replies":[{"embeddable":true,"href":"https:\/\/baralivres.ma\/index.php?rest_route=%2Fwp%2Fv2%2Fcomments&post=21505"}],"version-history":[{"count":1,"href":"https:\/\/baralivres.ma\/index.php?rest_route=\/wp\/v2\/product\/21505\/revisions"}],"predecessor-version":[{"id":21509,"href":"https:\/\/baralivres.ma\/index.php?rest_route=\/wp\/v2\/product\/21505\/revisions\/21509"}],"wp:featuredmedia":[{"embeddable":true,"href":"https:\/\/baralivres.ma\/index.php?rest_route=\/wp\/v2\/media\/21506"}],"wp:attachment":[{"href":"https:\/\/baralivres.ma\/index.php?rest_route=%2Fwp%2Fv2%2Fmedia&parent=21505"}],"wp:term":[{"taxonomy":"product_cat","embeddable":true,"href":"https:\/\/baralivres.ma\/index.php?rest_route=%2Fwp%2Fv2%2Fproduct_cat&post=21505"},{"taxonomy":"product_tag","embeddable":true,"href":"https:\/\/baralivres.ma\/index.php?rest_route=%2Fwp%2Fv2%2Fproduct_tag&post=21505"}],"curies":[{"name":"wp","href":"https:\/\/api.w.org\/{rel}","templated":true}]}}