{"id":21495,"date":"2024-05-17T12:01:14","date_gmt":"2024-05-17T11:01:14","guid":{"rendered":"https:\/\/baralivres.ma\/?post_type=product&#038;p=21495"},"modified":"2024-11-06T18:13:42","modified_gmt":"2024-11-06T17:13:42","slug":"mes-jolies-peintures-magiques-a-lecole","status":"publish","type":"product","link":"https:\/\/baralivres.ma\/?product=mes-jolies-peintures-magiques-a-lecole","title":{"rendered":"Mes jolies peintures magiques : \u00e0 l&rsquo;\u00e9cole"},"content":{"rendered":"<p>\u00ab\u00a0Mes jolies peintures magiques : \u00e0 l&rsquo;\u00e9cole\u00a0\u00bb r\u00e9volutionne l&rsquo;exp\u00e9rience artistique des tout-petits en rempla\u00e7ant les peintures encombrantes par un pinceau magique rempli d&rsquo;eau. Les enfants d\u00e9couvrent avec \u00e9merveillement comment les couleurs \u00e9clatantes apparaissent comme par magie sur les dessins sp\u00e9cialement con\u00e7us. En quelques minutes, les cr\u00e9ations s\u00e8chent pour permettre aux petits artistes de recommencer \u00e0 l&rsquo;infini. Au verso de chaque page, des jeux interactifs les invitent \u00e0 explorer et \u00e0 apprendre en s&rsquo;amusant. Ce livre offre une exp\u00e9rience compl\u00e8te et stimulante, combinant plaisir cr\u00e9atif et opportunit\u00e9s \u00e9ducatives.<\/p>\n","protected":false},"excerpt":{"rendered":"<p>\u00ab\u00a0Mes jolies peintures magiques : \u00e0 l&rsquo;\u00e9cole\u00a0\u00bb offre une exp\u00e9rience compl\u00e8te et stimulante pour les jeunes artistes en herbe. \u00c0 la fois divertissant et instructif, ce livre promet des heures de plaisir cr\u00e9atif et d&rsquo;apprentissage ludique, tout en lib\u00e9rant la magie de l&rsquo;art entre les mains des tout-petits.<\/p>\n","protected":false},"featured_media":21496,"comment_status":"open","ping_status":"closed","template":"","meta":{"inline_featured_image":false},"product_cat":[210,200],"product_tag":[],"class_list":{"0":"post-21495","1":"product","2":"type-product","3":"status-publish","4":"has-post-thumbnail","6":"product_cat-activites-bebe-enfant","7":"product_cat-activites","9":"first","10":"instock","11":"shipping-taxable","12":"purchasable","13":"product-type-simple"},"_links":{"self":[{"href":"https:\/\/baralivres.ma\/index.php?rest_route=\/wp\/v2\/product\/21495","targetHints":{"allow":["GET"]}}],"collection":[{"href":"https:\/\/baralivres.ma\/index.php?rest_route=\/wp\/v2\/product"}],"about":[{"href":"https:\/\/baralivres.ma\/index.php?rest_route=\/wp\/v2\/types\/product"}],"replies":[{"embeddable":true,"href":"https:\/\/baralivres.ma\/index.php?rest_route=%2Fwp%2Fv2%2Fcomments&post=21495"}],"version-history":[{"count":1,"href":"https:\/\/baralivres.ma\/index.php?rest_route=\/wp\/v2\/product\/21495\/revisions"}],"predecessor-version":[{"id":21499,"href":"https:\/\/baralivres.ma\/index.php?rest_route=\/wp\/v2\/product\/21495\/revisions\/21499"}],"wp:featuredmedia":[{"embeddable":true,"href":"https:\/\/baralivres.ma\/index.php?rest_route=\/wp\/v2\/media\/21496"}],"wp:attachment":[{"href":"https:\/\/baralivres.ma\/index.php?rest_route=%2Fwp%2Fv2%2Fmedia&parent=21495"}],"wp:term":[{"taxonomy":"product_cat","embeddable":true,"href":"https:\/\/baralivres.ma\/index.php?rest_route=%2Fwp%2Fv2%2Fproduct_cat&post=21495"},{"taxonomy":"product_tag","embeddable":true,"href":"https:\/\/baralivres.ma\/index.php?rest_route=%2Fwp%2Fv2%2Fproduct_tag&post=21495"}],"curies":[{"name":"wp","href":"https:\/\/api.w.org\/{rel}","templated":true}]}}