{"id":21488,"date":"2024-05-17T11:37:32","date_gmt":"2024-05-17T10:37:32","guid":{"rendered":"https:\/\/baralivres.ma\/?post_type=product&#038;p=21488"},"modified":"2024-11-06T15:32:06","modified_gmt":"2024-11-06T14:32:06","slug":"la-bibliotheque-de-ma-naissance","status":"publish","type":"product","link":"https:\/\/baralivres.ma\/?product=la-bibliotheque-de-ma-naissance","title":{"rendered":"La biblioth\u00e8que de ma naissance"},"content":{"rendered":"<p>La biblioth\u00e8que de ma naissance\u00a0\u00bb est une collection de cinq livres cartonn\u00e9s con\u00e7us sp\u00e9cialement pour les tout-petits. Chaque livre offre une exp\u00e9rience sensorielle unique pour accompagner le b\u00e9b\u00e9 dans ses premiers mois de vie. De l&rsquo;imagier en noir et blanc pour d\u00e9couvrir les objets du quotidien au livre accord\u00e9on pr\u00e9sentant une vari\u00e9t\u00e9 d&rsquo;animaux color\u00e9s, en passant par des pages emboss\u00e9es stimulant le sens du toucher, cette collection offre une exploration ludique du monde qui entoure le b\u00e9b\u00e9. Cl\u00f4turant cette biblioth\u00e8que, une comptine illustr\u00e9e invite \u00e0 partager des moments doux et rythm\u00e9s. Les illustrations tendres de Sophie Boxom enrichissent chaque page de cette collection, cr\u00e9ant un univers chaleureux et plein de d\u00e9couvertes pour les tout-petits et leurs proches.<\/p>\n","protected":false},"excerpt":{"rendered":"<p>La biblioth\u00e8que de ma naissance\u00a0\u00bb est une collection de cinq livres cartonn\u00e9s con\u00e7us pour les tout-petits. Chaque livre offre une exp\u00e9rience sensorielle unique, de l&rsquo;imagier en noir et blanc \u00e0 la comptine illustr\u00e9e, accompagnant ainsi le b\u00e9b\u00e9 dans ses premiers mois de d\u00e9couverte. Les illustrations de Sophie Boxom ajoutent une touche tendre \u00e0 cette exploration du monde.<\/p>\n","protected":false},"featured_media":21489,"comment_status":"open","ping_status":"closed","template":"","meta":{"inline_featured_image":false},"product_cat":[3875,3950,201,198],"product_tag":[],"class_list":{"0":"post-21488","1":"product","2":"type-product","3":"status-publish","4":"has-post-thumbnail","6":"product_cat-coffret-francais","7":"product_cat-les-livres-cartonnes-francais","8":"product_cat-coffret","9":"product_cat-livres-animes","11":"first","12":"instock","13":"shipping-taxable","14":"purchasable","15":"product-type-simple"},"_links":{"self":[{"href":"https:\/\/baralivres.ma\/index.php?rest_route=\/wp\/v2\/product\/21488","targetHints":{"allow":["GET"]}}],"collection":[{"href":"https:\/\/baralivres.ma\/index.php?rest_route=\/wp\/v2\/product"}],"about":[{"href":"https:\/\/baralivres.ma\/index.php?rest_route=\/wp\/v2\/types\/product"}],"replies":[{"embeddable":true,"href":"https:\/\/baralivres.ma\/index.php?rest_route=%2Fwp%2Fv2%2Fcomments&post=21488"}],"version-history":[{"count":1,"href":"https:\/\/baralivres.ma\/index.php?rest_route=\/wp\/v2\/product\/21488\/revisions"}],"predecessor-version":[{"id":21490,"href":"https:\/\/baralivres.ma\/index.php?rest_route=\/wp\/v2\/product\/21488\/revisions\/21490"}],"wp:featuredmedia":[{"embeddable":true,"href":"https:\/\/baralivres.ma\/index.php?rest_route=\/wp\/v2\/media\/21489"}],"wp:attachment":[{"href":"https:\/\/baralivres.ma\/index.php?rest_route=%2Fwp%2Fv2%2Fmedia&parent=21488"}],"wp:term":[{"taxonomy":"product_cat","embeddable":true,"href":"https:\/\/baralivres.ma\/index.php?rest_route=%2Fwp%2Fv2%2Fproduct_cat&post=21488"},{"taxonomy":"product_tag","embeddable":true,"href":"https:\/\/baralivres.ma\/index.php?rest_route=%2Fwp%2Fv2%2Fproduct_tag&post=21488"}],"curies":[{"name":"wp","href":"https:\/\/api.w.org\/{rel}","templated":true}]}}