{"id":21486,"date":"2024-05-17T11:26:12","date_gmt":"2024-05-17T10:26:12","guid":{"rendered":"https:\/\/baralivres.ma\/?post_type=product&#038;p=21486"},"modified":"2024-11-06T15:32:23","modified_gmt":"2024-11-06T14:32:23","slug":"la-petite-bibliotheque-de-mes-2-ans","status":"publish","type":"product","link":"https:\/\/baralivres.ma\/?product=la-petite-bibliotheque-de-mes-2-ans","title":{"rendered":"La petite biblioth\u00e8que de mes 2 ans"},"content":{"rendered":"<div class=\"flex flex-grow flex-col max-w-full\">\n<div class=\"min-h-[20px] text-message flex flex-col items-start whitespace-pre-wrap break-words [.text-message+&amp;]:mt-5 juice:w-full juice:items-end overflow-x-auto gap-2\" dir=\"auto\" data-message-author-role=\"assistant\" data-message-id=\"6d6bd053-6870-49a8-970f-d9ab82911184\">\n<div class=\"flex w-full flex-col gap-1 juice:empty:hidden juice:first:pt-[3px]\">\n<div class=\"markdown prose w-full break-words dark:prose-invert light\">\n<p>\u00ab\u00a0La petite biblioth\u00e8que de mes 2 ans\u00a0\u00bb est une collection charmante de livres tout-carton, parfaite pour les tout-petits. Elle se compose de plusieurs albums, chacun centr\u00e9 sur un moment cl\u00e9 de la journ\u00e9e de six enfants diff\u00e9rents. Les th\u00e8mes abord\u00e9s incluent la promenade, le bain, le coucher, le pot, le repas et les jeux.<\/p>\n<p>Adapt\u00e9s sp\u00e9cifiquement pour les enfants de 2 ans, ces albums permettent aux petits de se retrouver dans les situations quotidiennes qui leur sont famili\u00e8res. Les illustrations color\u00e9es et pleines de tendresse, r\u00e9alis\u00e9es par Julie Mercier, ajoutent une dimension visuelle attrayante et rassurante pour les jeunes lecteurs.<\/p>\n<p>Gr\u00e2ce \u00e0 ces histoires simples et touchantes, les enfants se familiarisent facilement avec les rituels de la journ\u00e9e. \u00ab\u00a0La petite biblioth\u00e8que de mes 2 ans\u00a0\u00bb est donc un outil id\u00e9al pour aider les tout-petits \u00e0 comprendre et appr\u00e9cier les routines quotidiennes, tout en partageant des moments de lecture agr\u00e9able avec leurs parents.<\/p>\n<\/div>\n<\/div>\n<\/div>\n<\/div>\n<div class=\"mt-1 flex gap-3 empty:hidden juice:-ml-3\">\n<div class=\"items-center justify-start rounded-xl p-1 flex\">\n<div class=\"flex items-center\">\n<p>&nbsp;<\/p>\n<div class=\"flex\"><\/div>\n<div class=\"flex items-center pb-0.5 juice:pb-0\"><\/div>\n<\/div>\n<\/div>\n<\/div>\n","protected":false},"excerpt":{"rendered":"<p>\u00ab\u00a0La petite biblioth\u00e8que de mes 2 ans\u00a0\u00bb est une collection d&rsquo;albums tout-carton adapt\u00e9s aux tout-petits. Chaque livre aborde un moment cl\u00e9 de la journ\u00e9e de six enfants diff\u00e9rents, comme la promenade, le bain, le coucher, etc. Les illustrations de Julie Mercier sont color\u00e9es et tendres, parfaites pour les jeunes lecteurs. Ces livres aident les enfants \u00e0 se familiariser avec les rituels quotidiens de mani\u00e8re douce et ludique.<\/p>\n","protected":false},"featured_media":21491,"comment_status":"open","ping_status":"closed","template":"","meta":{"inline_featured_image":false},"product_cat":[3875,3950,201,198],"product_tag":[],"class_list":{"0":"post-21486","1":"product","2":"type-product","3":"status-publish","4":"has-post-thumbnail","6":"product_cat-coffret-francais","7":"product_cat-les-livres-cartonnes-francais","8":"product_cat-coffret","9":"product_cat-livres-animes","11":"first","12":"instock","13":"shipping-taxable","14":"purchasable","15":"product-type-simple"},"_links":{"self":[{"href":"https:\/\/baralivres.ma\/index.php?rest_route=\/wp\/v2\/product\/21486","targetHints":{"allow":["GET"]}}],"collection":[{"href":"https:\/\/baralivres.ma\/index.php?rest_route=\/wp\/v2\/product"}],"about":[{"href":"https:\/\/baralivres.ma\/index.php?rest_route=\/wp\/v2\/types\/product"}],"replies":[{"embeddable":true,"href":"https:\/\/baralivres.ma\/index.php?rest_route=%2Fwp%2Fv2%2Fcomments&post=21486"}],"version-history":[{"count":2,"href":"https:\/\/baralivres.ma\/index.php?rest_route=\/wp\/v2\/product\/21486\/revisions"}],"predecessor-version":[{"id":21494,"href":"https:\/\/baralivres.ma\/index.php?rest_route=\/wp\/v2\/product\/21486\/revisions\/21494"}],"wp:featuredmedia":[{"embeddable":true,"href":"https:\/\/baralivres.ma\/index.php?rest_route=\/wp\/v2\/media\/21491"}],"wp:attachment":[{"href":"https:\/\/baralivres.ma\/index.php?rest_route=%2Fwp%2Fv2%2Fmedia&parent=21486"}],"wp:term":[{"taxonomy":"product_cat","embeddable":true,"href":"https:\/\/baralivres.ma\/index.php?rest_route=%2Fwp%2Fv2%2Fproduct_cat&post=21486"},{"taxonomy":"product_tag","embeddable":true,"href":"https:\/\/baralivres.ma\/index.php?rest_route=%2Fwp%2Fv2%2Fproduct_tag&post=21486"}],"curies":[{"name":"wp","href":"https:\/\/api.w.org\/{rel}","templated":true}]}}