{"id":21480,"date":"2024-05-17T10:11:44","date_gmt":"2024-05-17T09:11:44","guid":{"rendered":"https:\/\/baralivres.ma\/?post_type=product&#038;p=21480"},"modified":"2024-11-06T15:32:48","modified_gmt":"2024-11-06T14:32:48","slug":"la-petite-bibliotheque-de-mes-1-an","status":"publish","type":"product","link":"https:\/\/baralivres.ma\/?product=la-petite-bibliotheque-de-mes-1-an","title":{"rendered":"La petite biblioth\u00e8que de mes 1 an"},"content":{"rendered":"<p><strong>La petite biblioth\u00e8que de mes 1 an : Les rituels du quotidien avec b\u00e9b\u00e9 !<\/strong><\/p>\n<p>D\u00e9couvrez une adorable collection de 6 petits livres cartonn\u00e9s qui capturent les moments cl\u00e9s du quotidien des tout-petits. Chaque livre, con\u00e7u sp\u00e9cialement pour les petites mains des enfants, explore une \u00e9tape de la journ\u00e9e de b\u00e9b\u00e9 : le lever, les repas, le bain, la promenade au parc, et le coucher. Les illustrations tendres et d\u00e9licates de Tiago Americo permettront aux enfants de se reconna\u00eetre et de s&rsquo;immerger dans ces doux moments de leur routine quotidienne.<\/p>\n<p><strong>Les livres inclus :<\/strong><\/p>\n<ol>\n<li>Le lever de b\u00e9b\u00e9<\/li>\n<li>Les repas de b\u00e9b\u00e9<\/li>\n<li>Le bain de b\u00e9b\u00e9<\/li>\n<li>La promenade au parc<\/li>\n<li>Le coucher de b\u00e9b\u00e9<\/li>\n<\/ol>\n<p>Les enfants et leurs parents appr\u00e9cieront la simplicit\u00e9 et la douceur de ces r\u00e9cits, qui transforment les rituels quotidiens en moments de partage et de plaisir.<\/p>\n","protected":false},"excerpt":{"rendered":"<p>Cette adorable collection de 6 petits livres cartonn\u00e9s retrace les moments cl\u00e9s du quotidien des tout-petits : le lever, les repas, le bain, la promenade au parc, et le coucher. Les illustrations tendres de Tiago Americo aideront les enfants \u00e0 se reconna\u00eetre dans ces sc\u00e8nes famili\u00e8res, con\u00e7ues pour leurs petites mains.<\/p>\n","protected":false},"featured_media":21481,"comment_status":"open","ping_status":"closed","template":"","meta":{"inline_featured_image":false},"product_cat":[3875,3950,201,198],"product_tag":[],"class_list":{"0":"post-21480","1":"product","2":"type-product","3":"status-publish","4":"has-post-thumbnail","6":"product_cat-coffret-francais","7":"product_cat-les-livres-cartonnes-francais","8":"product_cat-coffret","9":"product_cat-livres-animes","11":"first","12":"instock","13":"shipping-taxable","14":"purchasable","15":"product-type-simple"},"_links":{"self":[{"href":"https:\/\/baralivres.ma\/index.php?rest_route=\/wp\/v2\/product\/21480","targetHints":{"allow":["GET"]}}],"collection":[{"href":"https:\/\/baralivres.ma\/index.php?rest_route=\/wp\/v2\/product"}],"about":[{"href":"https:\/\/baralivres.ma\/index.php?rest_route=\/wp\/v2\/types\/product"}],"replies":[{"embeddable":true,"href":"https:\/\/baralivres.ma\/index.php?rest_route=%2Fwp%2Fv2%2Fcomments&post=21480"}],"version-history":[{"count":1,"href":"https:\/\/baralivres.ma\/index.php?rest_route=\/wp\/v2\/product\/21480\/revisions"}],"predecessor-version":[{"id":21485,"href":"https:\/\/baralivres.ma\/index.php?rest_route=\/wp\/v2\/product\/21480\/revisions\/21485"}],"wp:featuredmedia":[{"embeddable":true,"href":"https:\/\/baralivres.ma\/index.php?rest_route=\/wp\/v2\/media\/21481"}],"wp:attachment":[{"href":"https:\/\/baralivres.ma\/index.php?rest_route=%2Fwp%2Fv2%2Fmedia&parent=21480"}],"wp:term":[{"taxonomy":"product_cat","embeddable":true,"href":"https:\/\/baralivres.ma\/index.php?rest_route=%2Fwp%2Fv2%2Fproduct_cat&post=21480"},{"taxonomy":"product_tag","embeddable":true,"href":"https:\/\/baralivres.ma\/index.php?rest_route=%2Fwp%2Fv2%2Fproduct_tag&post=21480"}],"curies":[{"name":"wp","href":"https:\/\/api.w.org\/{rel}","templated":true}]}}