{"id":21462,"date":"2024-05-06T16:53:08","date_gmt":"2024-05-06T15:53:08","guid":{"rendered":"https:\/\/baralivres.ma\/?post_type=product&#038;p=21462"},"modified":"2025-02-26T17:52:53","modified_gmt":"2025-02-26T16:52:53","slug":"le-loup-qui-avait-un-nouvel-ami","status":"publish","type":"product","link":"https:\/\/baralivres.ma\/?product=le-loup-qui-avait-un-nouvel-ami","title":{"rendered":"Le loup qui avait un nouvel ami"},"content":{"rendered":"<div class=\"w-full text-token-text-primary\" dir=\"auto\" data-testid=\"conversation-turn-3\" data-scroll-anchor=\"true\">\n<div class=\"py-2 px-3 text-base md:px-4 m-auto md:px-5 lg:px-1 xl:px-5\">\n<div class=\"mx-auto flex flex-1 gap-3 text-base juice:gap-4 juice:md:gap-6 md:max-w-3xl lg:max-w-[40rem] xl:max-w-[48rem]\">\n<div class=\"relative flex w-full min-w-0 flex-col agent-turn\">\n<div class=\"flex-col gap-1 md:gap-3\">\n<div class=\"flex flex-grow flex-col max-w-full\">\n<div class=\"min-h-[20px] text-message flex flex-col items-start whitespace-pre-wrap break-words [.text-message+&amp;]:mt-5 overflow-x-auto gap-3\" dir=\"auto\" data-message-author-role=\"assistant\" data-message-id=\"1c8b58d4-d776-4384-a105-d9da0cb6cca3\">\n<div class=\"markdown prose w-full break-words dark:prose-invert light\">\n<p>Un matin radieux, un \u00e9trange petit loup fait son entr\u00e9e dans la For\u00eat. Il charme par son c\u00f4t\u00e9 amusant et surprenant, mais aussi exasp\u00e8re avec son comportement envahissant et maladroit ! Loup r\u00e9alise que l&rsquo;acceptation de ce nouveau venu est bien plus complexe que pr\u00e9vu&#8230; Cependant, au fil du temps, Loup comprendra que rien n&rsquo;\u00e9gale la valeur d&rsquo;un nouvel ami dans la vie !<\/p>\n<\/div>\n<\/div>\n<\/div>\n<\/div>\n<\/div>\n<\/div>\n<\/div>\n<\/div>\n","protected":false},"excerpt":{"rendered":"<div class=\"flex-1 overflow-hidden\">\n<div class=\"react-scroll-to-bottom--css-qmliv-79elbk h-full\">\n<div class=\"react-scroll-to-bottom--css-qmliv-1n7m0yu\">\n<div class=\"flex flex-col text-sm pb-9\">\n<div class=\"w-full text-token-text-primary\" dir=\"auto\" data-testid=\"conversation-turn-7\" data-scroll-anchor=\"true\">\n<div class=\"py-2 px-3 text-base md:px-4 m-auto md:px-5 lg:px-1 xl:px-5\">\n<div class=\"mx-auto flex flex-1 gap-3 text-base juice:gap-4 juice:md:gap-6 md:max-w-3xl lg:max-w-[40rem] xl:max-w-[48rem]\">\n<div class=\"relative flex w-full min-w-0 flex-col agent-turn\">\n<div class=\"flex-col gap-1 md:gap-3\">\n<div class=\"flex flex-grow flex-col max-w-full\">\n<div class=\"min-h-[20px] text-message flex flex-col items-start whitespace-pre-wrap break-words [.text-message+&amp;]:mt-5 overflow-x-auto gap-3\" dir=\"auto\" data-message-author-role=\"assistant\" data-message-id=\"9c10ddb3-ad32-4426-8a54-07f7b77cdec9\">\n<div class=\"markdown prose w-full break-words dark:prose-invert light\">\n<p>Un nouveau loup d\u00e9barque dans la For\u00eat, perturbant la tranquillit\u00e9 de Loup. Malgr\u00e9 ses traits envahissants et maladroits, Loup apprendra \u00e0 accepter ce nouvel arrivant, d\u00e9couvrant ainsi la valeur d&rsquo;une nouvelle amiti\u00e9.<\/p>\n<\/div>\n<\/div>\n<\/div>\n<\/div>\n<\/div>\n<\/div>\n<\/div>\n<\/div>\n<\/div>\n<\/div>\n<\/div>\n<\/div>\n","protected":false},"featured_media":21463,"comment_status":"open","ping_status":"closed","template":"","meta":{"inline_featured_image":false},"product_cat":[4229,4234,3877,199],"product_tag":[],"class_list":{"0":"post-21462","1":"product","2":"type-product","3":"status-publish","4":"has-post-thumbnail","6":"product_cat-bibliotheque_a_moins-cher","7":"product_cat-collection-de-le-loup","8":"product_cat-les-histoires-francais","9":"product_cat-histoires","10":"pa_auteurs-orianne-lallemand","12":"first","13":"instock","14":"sale","15":"shipping-taxable","16":"purchasable","17":"product-type-simple"},"_links":{"self":[{"href":"https:\/\/baralivres.ma\/index.php?rest_route=\/wp\/v2\/product\/21462","targetHints":{"allow":["GET"]}}],"collection":[{"href":"https:\/\/baralivres.ma\/index.php?rest_route=\/wp\/v2\/product"}],"about":[{"href":"https:\/\/baralivres.ma\/index.php?rest_route=\/wp\/v2\/types\/product"}],"replies":[{"embeddable":true,"href":"https:\/\/baralivres.ma\/index.php?rest_route=%2Fwp%2Fv2%2Fcomments&post=21462"}],"version-history":[{"count":1,"href":"https:\/\/baralivres.ma\/index.php?rest_route=\/wp\/v2\/product\/21462\/revisions"}],"predecessor-version":[{"id":21467,"href":"https:\/\/baralivres.ma\/index.php?rest_route=\/wp\/v2\/product\/21462\/revisions\/21467"}],"wp:featuredmedia":[{"embeddable":true,"href":"https:\/\/baralivres.ma\/index.php?rest_route=\/wp\/v2\/media\/21463"}],"wp:attachment":[{"href":"https:\/\/baralivres.ma\/index.php?rest_route=%2Fwp%2Fv2%2Fmedia&parent=21462"}],"wp:term":[{"taxonomy":"product_cat","embeddable":true,"href":"https:\/\/baralivres.ma\/index.php?rest_route=%2Fwp%2Fv2%2Fproduct_cat&post=21462"},{"taxonomy":"product_tag","embeddable":true,"href":"https:\/\/baralivres.ma\/index.php?rest_route=%2Fwp%2Fv2%2Fproduct_tag&post=21462"}],"curies":[{"name":"wp","href":"https:\/\/api.w.org\/{rel}","templated":true}]}}