{"id":21448,"date":"2024-05-06T15:23:29","date_gmt":"2024-05-06T14:23:29","guid":{"rendered":"https:\/\/baralivres.ma\/?post_type=product&#038;p=21448"},"modified":"2026-02-10T11:40:22","modified_gmt":"2026-02-10T10:40:22","slug":"ma-peluche-de-louve-princesse","status":"publish","type":"product","link":"https:\/\/baralivres.ma\/?product=ma-peluche-de-louve-princesse","title":{"rendered":"Ma peluche de Louve princesse"},"content":{"rendered":"<div class=\"w-full text-token-text-primary\" dir=\"auto\" data-testid=\"conversation-turn-3\" data-scroll-anchor=\"true\">\n<div class=\"py-2 px-3 text-base md:px-4 m-auto md:px-5 lg:px-1 xl:px-5\">\n<div class=\"mx-auto flex flex-1 gap-3 text-base juice:gap-4 juice:md:gap-6 md:max-w-3xl lg:max-w-[40rem] xl:max-w-[48rem]\">\n<div class=\"relative flex w-full min-w-0 flex-col agent-turn\">\n<div class=\"flex-col gap-1 md:gap-3\">\n<div class=\"flex flex-grow flex-col max-w-full\">\n<div class=\"min-h-[20px] text-message flex flex-col items-start whitespace-pre-wrap break-words [.text-message+&amp;]:mt-5 overflow-x-auto gap-3\" dir=\"auto\" data-message-author-role=\"assistant\" data-message-id=\"e83e3443-6d46-4905-9d48-8c4944a2dd92\">\n<div class=\"markdown prose w-full break-words dark:prose-invert light\">\n<p>Avec sa robe majestueuse, sa natte soigneusement tress\u00e9e et sa couronne \u00e9tincelante pos\u00e9e sur sa t\u00eate, Louve incarne parfaitement l&rsquo;image d&rsquo;une princesse royale, r\u00e9gnant avec gr\u00e2ce sur son royaume imaginaire !<\/p>\n<\/div>\n<\/div>\n<\/div>\n<\/div>\n<div class=\"absolute\">\n<div class=\"flex w-full gap-2 items-center justify-center\"><\/div>\n<\/div>\n<\/div>\n<\/div>\n<\/div>\n<\/div>\n<div class=\"mx-auto\">\n<div>\n<div class=\"mx-auto mt-2 inline-flex rounded-xl border border-gray-100 dark:border-gray-700\"><\/div>\n<\/div>\n<\/div>\n","protected":false},"excerpt":{"rendered":"<p>Avec sa robe majestueuse, sa natte soigneusement tress\u00e9e et sa couronne \u00e9tincelante pos\u00e9e sur sa t\u00eate, Louve incarne parfaitement l&rsquo;image d&rsquo;une princesse royale, r\u00e9gnant avec gr\u00e2ce sur son royaume imaginaire !<\/p>\n","protected":false},"featured_media":21449,"comment_status":"open","ping_status":"closed","template":"","meta":{"inline_featured_image":false},"product_cat":[4503,200],"product_tag":[],"class_list":{"0":"post-21448","1":"product","2":"type-product","3":"status-publish","4":"has-post-thumbnail","6":"product_cat-les-peluches","7":"product_cat-activites","9":"first","10":"onbackorder","11":"shipping-taxable","12":"purchasable","13":"product-type-simple"},"_links":{"self":[{"href":"https:\/\/baralivres.ma\/index.php?rest_route=\/wp\/v2\/product\/21448","targetHints":{"allow":["GET"]}}],"collection":[{"href":"https:\/\/baralivres.ma\/index.php?rest_route=\/wp\/v2\/product"}],"about":[{"href":"https:\/\/baralivres.ma\/index.php?rest_route=\/wp\/v2\/types\/product"}],"replies":[{"embeddable":true,"href":"https:\/\/baralivres.ma\/index.php?rest_route=%2Fwp%2Fv2%2Fcomments&post=21448"}],"version-history":[{"count":1,"href":"https:\/\/baralivres.ma\/index.php?rest_route=\/wp\/v2\/product\/21448\/revisions"}],"predecessor-version":[{"id":21450,"href":"https:\/\/baralivres.ma\/index.php?rest_route=\/wp\/v2\/product\/21448\/revisions\/21450"}],"wp:featuredmedia":[{"embeddable":true,"href":"https:\/\/baralivres.ma\/index.php?rest_route=\/wp\/v2\/media\/21449"}],"wp:attachment":[{"href":"https:\/\/baralivres.ma\/index.php?rest_route=%2Fwp%2Fv2%2Fmedia&parent=21448"}],"wp:term":[{"taxonomy":"product_cat","embeddable":true,"href":"https:\/\/baralivres.ma\/index.php?rest_route=%2Fwp%2Fv2%2Fproduct_cat&post=21448"},{"taxonomy":"product_tag","embeddable":true,"href":"https:\/\/baralivres.ma\/index.php?rest_route=%2Fwp%2Fv2%2Fproduct_tag&post=21448"}],"curies":[{"name":"wp","href":"https:\/\/api.w.org\/{rel}","templated":true}]}}