{"id":21445,"date":"2024-05-05T16:44:28","date_gmt":"2024-05-05T15:44:28","guid":{"rendered":"https:\/\/baralivres.ma\/?post_type=product&#038;p=21445"},"modified":"2026-02-10T11:40:03","modified_gmt":"2026-02-10T10:40:03","slug":"ma-peluche-loup-pyjama-licorne","status":"publish","type":"product","link":"https:\/\/baralivres.ma\/?product=ma-peluche-loup-pyjama-licorne","title":{"rendered":"Ma peluche Loup pyjama licorne"},"content":{"rendered":"<p>Dans sa qu\u00eate de confort ultime, Loup a rev\u00eatu une tenue d\u00e9contract\u00e9e des plus agr\u00e9ables. Cette adorable combinaison pyjama \u00e0 motifs, munie d&rsquo;un pratique scratch, ajoute une note douillette \u00e0 l&rsquo;univers de Loup. Toujours pr\u00eat \u00e0 divertir ses amis, Loup arbore fi\u00e8rement une capuche orn\u00e9e d&rsquo;une splendide corne dor\u00e9e de licorne !<\/p>\n","protected":false},"excerpt":{"rendered":"<div class=\"flex-1 overflow-hidden\">\n<div class=\"react-scroll-to-bottom--css-sjaaq-79elbk h-full\">\n<div class=\"react-scroll-to-bottom--css-sjaaq-1n7m0yu\">\n<div class=\"flex flex-col text-sm pb-9\">\n<div class=\"w-full text-token-text-primary\" dir=\"auto\" data-testid=\"conversation-turn-5\" data-scroll-anchor=\"true\">\n<div class=\"py-2 px-3 text-base md:px-4 m-auto md:px-5 lg:px-1 xl:px-5\">\n<div class=\"mx-auto flex flex-1 gap-3 text-base juice:gap-4 juice:md:gap-6 md:max-w-3xl lg:max-w-[40rem] xl:max-w-[48rem]\">\n<div class=\"relative flex w-full min-w-0 flex-col agent-turn\">\n<div class=\"flex-col gap-1 md:gap-3\">\n<div class=\"flex flex-grow flex-col max-w-full\">\n<div class=\"min-h-[20px] text-message flex flex-col items-start whitespace-pre-wrap break-words [.text-message+&amp;]:mt-5 overflow-x-auto gap-3\" dir=\"auto\" data-message-author-role=\"assistant\" data-message-id=\"b8076920-35a4-4e23-a243-bd4537561556\">\n<div class=\"markdown prose w-full break-words dark:prose-invert light\">\n<p>\u00ab\u00a0Loup se glisse dans un pyjama confortable \u00e0 motifs, facile \u00e0 enfiler gr\u00e2ce \u00e0 son scratch. Sa capuche est agr\u00e9ment\u00e9e d&rsquo;une corne dor\u00e9e de licorne, ajoutant une touche ludique \u00e0 son style d\u00e9contract\u00e9.\u00a0\u00bb<\/p>\n<\/div>\n<\/div>\n<\/div>\n<\/div>\n<\/div>\n<\/div>\n<\/div>\n<\/div>\n<\/div>\n<\/div>\n<\/div>\n<\/div>\n","protected":false},"featured_media":21446,"comment_status":"open","ping_status":"closed","template":"","meta":{"inline_featured_image":false},"product_cat":[4503,200],"product_tag":[],"class_list":{"0":"post-21445","1":"product","2":"type-product","3":"status-publish","4":"has-post-thumbnail","6":"product_cat-les-peluches","7":"product_cat-activites","9":"first","10":"onbackorder","11":"shipping-taxable","12":"purchasable","13":"product-type-simple"},"_links":{"self":[{"href":"https:\/\/baralivres.ma\/index.php?rest_route=\/wp\/v2\/product\/21445","targetHints":{"allow":["GET"]}}],"collection":[{"href":"https:\/\/baralivres.ma\/index.php?rest_route=\/wp\/v2\/product"}],"about":[{"href":"https:\/\/baralivres.ma\/index.php?rest_route=\/wp\/v2\/types\/product"}],"replies":[{"embeddable":true,"href":"https:\/\/baralivres.ma\/index.php?rest_route=%2Fwp%2Fv2%2Fcomments&post=21445"}],"version-history":[{"count":1,"href":"https:\/\/baralivres.ma\/index.php?rest_route=\/wp\/v2\/product\/21445\/revisions"}],"predecessor-version":[{"id":21447,"href":"https:\/\/baralivres.ma\/index.php?rest_route=\/wp\/v2\/product\/21445\/revisions\/21447"}],"wp:featuredmedia":[{"embeddable":true,"href":"https:\/\/baralivres.ma\/index.php?rest_route=\/wp\/v2\/media\/21446"}],"wp:attachment":[{"href":"https:\/\/baralivres.ma\/index.php?rest_route=%2Fwp%2Fv2%2Fmedia&parent=21445"}],"wp:term":[{"taxonomy":"product_cat","embeddable":true,"href":"https:\/\/baralivres.ma\/index.php?rest_route=%2Fwp%2Fv2%2Fproduct_cat&post=21445"},{"taxonomy":"product_tag","embeddable":true,"href":"https:\/\/baralivres.ma\/index.php?rest_route=%2Fwp%2Fv2%2Fproduct_tag&post=21445"}],"curies":[{"name":"wp","href":"https:\/\/api.w.org\/{rel}","templated":true}]}}