{"id":21440,"date":"2024-05-05T16:32:11","date_gmt":"2024-05-05T15:32:11","guid":{"rendered":"https:\/\/baralivres.ma\/?post_type=product&#038;p=21440"},"modified":"2024-10-29T18:16:31","modified_gmt":"2024-10-29T17:16:31","slug":"mes-lettres-minuscules-avec-loup","status":"publish","type":"product","link":"https:\/\/baralivres.ma\/?product=mes-lettres-minuscules-avec-loup","title":{"rendered":"Mes lettres minuscules avec Loup"},"content":{"rendered":"<p>\u00ab\u00a0Mes lettres minuscules avec Loup\u00a0\u00bb, un livre ardoise con\u00e7u pour apprendre et perfectionner l&rsquo;\u00e9criture des lettres minuscules. Gr\u00e2ce \u00e0 son format effa\u00e7able, l&rsquo;enfant peut pratiquer \u00e0 volont\u00e9, s&rsquo;exer\u00e7ant jusqu&rsquo;\u00e0 acqu\u00e9rir une ma\u00eetrise parfaite de l&rsquo;\u00e9criture. Une m\u00e9thode ludique et efficace pour aborder l&rsquo;apprentissage de l&rsquo;\u00e9criture, avec Loup comme compagnon d&rsquo;aventure.<\/p>\n","protected":false},"excerpt":{"rendered":"<div class=\"w-full text-token-text-primary\" dir=\"auto\" data-testid=\"conversation-turn-3\" data-scroll-anchor=\"true\">\n<div class=\"py-2 px-3 text-base md:px-4 m-auto md:px-5 lg:px-1 xl:px-5\">\n<div class=\"mx-auto flex flex-1 gap-3 text-base juice:gap-4 juice:md:gap-6 md:max-w-3xl lg:max-w-[40rem] xl:max-w-[48rem]\">\n<div class=\"relative flex w-full min-w-0 flex-col agent-turn\">\n<div class=\"flex-col gap-1 md:gap-3\">\n<div class=\"flex flex-grow flex-col max-w-full\">\n<div class=\"min-h-[20px] text-message flex flex-col items-start whitespace-pre-wrap break-words [.text-message+&amp;]:mt-5 overflow-x-auto gap-3\" dir=\"auto\" data-message-author-role=\"assistant\" data-message-id=\"728f0733-1156-4a4d-afd0-581d089bb6b5\">\n<div class=\"markdown prose w-full break-words dark:prose-invert light\">\n<p>Mes lettres minuscules avec Loup\u00a0\u00bb est un livre ardoise pratique pour apprendre les lettres minuscules. Avec ses pages effa\u00e7ables, l&rsquo;enfant peut s&rsquo;exercer autant qu&rsquo;il le souhaite pour perfectionner son \u00e9criture.<\/p>\n<\/div>\n<\/div>\n<\/div>\n<div class=\"mt-1 flex gap-3 empty:hidden\">\n<div class=\"text-gray-400 flex self-end lg:self-center items-center justify-center lg:justify-start mt-0 -ml-1 h-7 gap-[2px] visible\"><button class=\"flex items-center gap-1.5 rounded-md p-1 text-xs text-token-text-tertiary hover:text-token-text-primary\"><\/button><button class=\"flex items-center gap-1.5 rounded-md p-1 text-xs text-token-text-tertiary hover:text-token-text-primary\"><\/button><\/p>\n<div class=\"flex items-center gap-1.5 text-xs\"><\/div>\n<div class=\"flex\"><\/div>\n<\/div>\n<\/div>\n<div class=\"pr-2 lg:pr-0\"><\/div>\n<\/div>\n<div class=\"absolute\">\n<div class=\"flex w-full gap-2 items-center justify-center\"><\/div>\n<\/div>\n<\/div>\n<\/div>\n<\/div>\n<\/div>\n<div class=\"mx-auto\">\n<div>\n<div class=\"mx-auto mt-2 inline-flex rounded-xl border border-gray-100 dark:border-gray-700\"><\/div>\n<\/div>\n<\/div>\n","protected":false},"featured_media":21441,"comment_status":"open","ping_status":"closed","template":"","meta":{"inline_featured_image":false},"product_cat":[215,200],"product_tag":[],"class_list":{"0":"post-21440","1":"product","2":"type-product","3":"status-publish","4":"has-post-thumbnail","6":"product_cat-enfant","7":"product_cat-activites","8":"pa_auteurs-thuillier-eleonorelallemand-orianne","10":"first","11":"instock","12":"shipping-taxable","13":"purchasable","14":"product-type-simple"},"_links":{"self":[{"href":"https:\/\/baralivres.ma\/index.php?rest_route=\/wp\/v2\/product\/21440","targetHints":{"allow":["GET"]}}],"collection":[{"href":"https:\/\/baralivres.ma\/index.php?rest_route=\/wp\/v2\/product"}],"about":[{"href":"https:\/\/baralivres.ma\/index.php?rest_route=\/wp\/v2\/types\/product"}],"replies":[{"embeddable":true,"href":"https:\/\/baralivres.ma\/index.php?rest_route=%2Fwp%2Fv2%2Fcomments&post=21440"}],"version-history":[{"count":1,"href":"https:\/\/baralivres.ma\/index.php?rest_route=\/wp\/v2\/product\/21440\/revisions"}],"predecessor-version":[{"id":21444,"href":"https:\/\/baralivres.ma\/index.php?rest_route=\/wp\/v2\/product\/21440\/revisions\/21444"}],"wp:featuredmedia":[{"embeddable":true,"href":"https:\/\/baralivres.ma\/index.php?rest_route=\/wp\/v2\/media\/21441"}],"wp:attachment":[{"href":"https:\/\/baralivres.ma\/index.php?rest_route=%2Fwp%2Fv2%2Fmedia&parent=21440"}],"wp:term":[{"taxonomy":"product_cat","embeddable":true,"href":"https:\/\/baralivres.ma\/index.php?rest_route=%2Fwp%2Fv2%2Fproduct_cat&post=21440"},{"taxonomy":"product_tag","embeddable":true,"href":"https:\/\/baralivres.ma\/index.php?rest_route=%2Fwp%2Fv2%2Fproduct_tag&post=21440"}],"curies":[{"name":"wp","href":"https:\/\/api.w.org\/{rel}","templated":true}]}}