{"id":21435,"date":"2024-05-02T17:00:42","date_gmt":"2024-05-02T16:00:42","guid":{"rendered":"https:\/\/baralivres.ma\/?post_type=product&#038;p=21435"},"modified":"2025-02-24T18:48:08","modified_gmt":"2025-02-24T17:48:08","slug":"ma-mallette-loup-super-heros","status":"publish","type":"product","link":"https:\/\/baralivres.ma\/?product=ma-mallette-loup-super-heros","title":{"rendered":"Ma Mallette Loup : super-h\u00e9ros"},"content":{"rendered":"<p>La mallette Loup : super-h\u00e9ros est une v\u00e9ritable invitation \u00e0 l&rsquo;aventure et \u00e0 l&rsquo;imagination pour les jeunes h\u00e9ros en herbe ! Inspir\u00e9e de l&rsquo;univers captivant de l&rsquo;album \u00ab\u00a0Le loup qui voulait \u00eatre un super-h\u00e9ros\u00a0\u00bb, cette mallette combine \u00e0 la perfection lecture, jeu et r\u00e9flexion.<\/p>\n<p>D\u00e8s l&rsquo;ouverture, les enfants plongent dans un monde fascinant avec un petit format de l&rsquo;album, permettant de revivre les incroyables p\u00e9rip\u00e9ties du loup aspirant \u00e0 devenir un super-h\u00e9ros. Les illustrations vibrantes et les personnages attachants transportent les lecteurs dans un univers plein de rebondissements et de fantaisie.<\/p>\n<p>Mais l&rsquo;aventure ne s&rsquo;arr\u00eate pas l\u00e0 ! La mallette comprend \u00e9galement un jeu de 28 dominos, habilement d\u00e9cor\u00e9s aux couleurs \u00e9clatantes de l&rsquo;album. Les enfants peuvent s&rsquo;amuser \u00e0 associer les images embl\u00e9matiques du r\u00e9cit, renfor\u00e7ant ainsi leur m\u00e9moire et leur sens de l&rsquo;observation, tout en s&rsquo;amusant.<\/p>\n<p>En plus des dominos, un puzzle de 25 pi\u00e8ces attend les jeunes aventuriers, reprenant une sc\u00e8ne m\u00e9morable de l&rsquo;histoire. Assembler les pi\u00e8ces du puzzle devient une qu\u00eate palpitante, permettant aux enfants de d\u00e9velopper leur coordination visuelle et leur patience, tout en se rem\u00e9morant les moments forts du r\u00e9cit.<\/p>\n","protected":false},"excerpt":{"rendered":"<div class=\"flex-1 overflow-hidden\">\n<div class=\"react-scroll-to-bottom--css-obeuw-79elbk h-full\">\n<div class=\"react-scroll-to-bottom--css-obeuw-1n7m0yu\">\n<div>\n<div class=\"flex flex-col text-sm pb-9\">\n<div class=\"w-full text-token-text-primary\" dir=\"auto\" data-testid=\"conversation-turn-5\" data-scroll-anchor=\"true\">\n<div class=\"px-4 py-2 justify-center text-base md:gap-6 m-auto\">\n<div class=\"flex flex-1 text-base mx-auto gap-3 juice:gap-4 juice:md:gap-6 md:px-5 lg:px-1 xl:px-5 md:max-w-3xl lg:max-w-[40rem] xl:max-w-[48rem]\">\n<div class=\"relative flex w-full min-w-0 flex-col agent-turn\">\n<div class=\"flex-col gap-1 md:gap-3\">\n<div class=\"flex flex-grow flex-col max-w-full\">\n<div class=\"min-h-[20px] text-message flex flex-col items-start gap-3 whitespace-pre-wrap break-words [.text-message+&amp;]:mt-5 overflow-x-auto\" dir=\"auto\" data-message-author-role=\"assistant\" data-message-id=\"e197fd92-5b7d-468a-8469-1d7671923567\">\n<div class=\"markdown prose w-full break-words dark:prose-invert light\">\n<p>La mallette Loup : super-h\u00e9ros est une invitation \u00e0 l&rsquo;aventure inspir\u00e9e de l&rsquo;album \u00ab\u00a0Le loup qui voulait \u00eatre un super-h\u00e9ros\u00a0\u00bb. Elle comprend un petit format de l&rsquo;album, un jeu de 28 dominos aux couleurs vives et un puzzle de 25 pi\u00e8ces reprenant une sc\u00e8ne marquante. Cette mallette offre aux enfants une exp\u00e9rience ludique et immersive, stimulant leur imagination tout en renfor\u00e7ant leurs comp\u00e9tences de jeu et de lecture.<\/p>\n<\/div>\n<\/div>\n<\/div>\n<div class=\"mt-1 flex gap-3 empty:hidden\">\n<div class=\"text-gray-400 flex self-end lg:self-center items-center justify-center lg:justify-start mt-0 -ml-1 h-7 gap-[2px] visible\">\n<p>&nbsp;<\/p>\n<div class=\"flex items-center gap-1.5 text-xs\"><\/div>\n<div class=\"flex\"><\/div>\n<\/div>\n<\/div>\n<div class=\"pr-2 lg:pr-0\"><\/div>\n<\/div>\n<div class=\"absolute\">\n<div class=\"flex w-full gap-2 items-center justify-center\"><\/div>\n<\/div>\n<\/div>\n<\/div>\n<\/div>\n<\/div>\n<\/div>\n<\/div>\n<\/div>\n<\/div>\n<\/div>\n<div class=\"w-full pt-2 md:pt-0 dark:border-white\/20 md:border-transparent md:dark:border-transparent md:w-[calc(100%-.5rem)] juice:w-full\">\n<div class=\"relative flex h-full max-w-full flex-1 flex-col\">\n<div class=\"absolute bottom-full left-0 right-0\"><\/div>\n<div class=\"flex w-full items-center\"><\/div>\n<\/div>\n<\/div>\n","protected":false},"featured_media":21436,"comment_status":"open","ping_status":"closed","template":"","meta":{"inline_featured_image":false},"product_cat":[4229,3875,201,212,200],"product_tag":[],"class_list":{"0":"post-21435","1":"product","2":"type-product","3":"status-publish","4":"has-post-thumbnail","6":"product_cat-bibliotheque_a_moins-cher","7":"product_cat-coffret-francais","8":"product_cat-coffret","9":"product_cat-puzzle","10":"product_cat-activites","11":"pa_auteurs-orianne-lallemand","13":"first","14":"instock","15":"sale","16":"shipping-taxable","17":"purchasable","18":"product-type-simple"},"_links":{"self":[{"href":"https:\/\/baralivres.ma\/index.php?rest_route=\/wp\/v2\/product\/21435","targetHints":{"allow":["GET"]}}],"collection":[{"href":"https:\/\/baralivres.ma\/index.php?rest_route=\/wp\/v2\/product"}],"about":[{"href":"https:\/\/baralivres.ma\/index.php?rest_route=\/wp\/v2\/types\/product"}],"replies":[{"embeddable":true,"href":"https:\/\/baralivres.ma\/index.php?rest_route=%2Fwp%2Fv2%2Fcomments&post=21435"}],"version-history":[{"count":2,"href":"https:\/\/baralivres.ma\/index.php?rest_route=\/wp\/v2\/product\/21435\/revisions"}],"predecessor-version":[{"id":23120,"href":"https:\/\/baralivres.ma\/index.php?rest_route=\/wp\/v2\/product\/21435\/revisions\/23120"}],"wp:featuredmedia":[{"embeddable":true,"href":"https:\/\/baralivres.ma\/index.php?rest_route=\/wp\/v2\/media\/21436"}],"wp:attachment":[{"href":"https:\/\/baralivres.ma\/index.php?rest_route=%2Fwp%2Fv2%2Fmedia&parent=21435"}],"wp:term":[{"taxonomy":"product_cat","embeddable":true,"href":"https:\/\/baralivres.ma\/index.php?rest_route=%2Fwp%2Fv2%2Fproduct_cat&post=21435"},{"taxonomy":"product_tag","embeddable":true,"href":"https:\/\/baralivres.ma\/index.php?rest_route=%2Fwp%2Fv2%2Fproduct_tag&post=21435"}],"curies":[{"name":"wp","href":"https:\/\/api.w.org\/{rel}","templated":true}]}}