{"id":21429,"date":"2024-05-02T16:51:31","date_gmt":"2024-05-02T15:51:31","guid":{"rendered":"https:\/\/baralivres.ma\/?post_type=product&#038;p=21429"},"modified":"2024-10-28T14:29:08","modified_gmt":"2024-10-28T13:29:08","slug":"ma-mallette-loup-au-pays-des-contes","status":"publish","type":"product","link":"https:\/\/baralivres.ma\/?product=ma-mallette-loup-au-pays-des-contes","title":{"rendered":"Ma mallette Loup : au pays des contes"},"content":{"rendered":"<div class=\"flex-1 overflow-hidden\">\n<div class=\"react-scroll-to-bottom--css-obeuw-79elbk h-full\">\n<div class=\"react-scroll-to-bottom--css-obeuw-1n7m0yu\">\n<div>\n<div class=\"flex flex-col text-sm pb-9\">\n<div class=\"w-full text-token-text-primary\" dir=\"auto\" data-testid=\"conversation-turn-5\" data-scroll-anchor=\"true\">\n<div class=\"px-4 py-2 justify-center text-base md:gap-6 m-auto\">\n<div class=\"flex flex-1 text-base mx-auto gap-3 juice:gap-4 juice:md:gap-6 md:px-5 lg:px-1 xl:px-5 md:max-w-3xl lg:max-w-[40rem] xl:max-w-[48rem]\">\n<div class=\"relative flex w-full min-w-0 flex-col agent-turn\">\n<div class=\"flex-col gap-1 md:gap-3\">\n<div class=\"flex flex-grow flex-col max-w-full\">\n<div class=\"min-h-[20px] text-message flex flex-col items-start gap-3 whitespace-pre-wrap break-words [.text-message+&amp;]:mt-5 overflow-x-auto\" dir=\"auto\" data-message-author-role=\"assistant\" data-message-id=\"fd43d6d3-5223-4350-bd47-104ea028c96c\">\n<div class=\"markdown prose w-full break-words dark:prose-invert light\">\n<p>La mallette Loup : au pays des contes est un coffret complet pour une aventure ludique et imaginative. Avec un livre de 32 pages, un puzzle de 25 pi\u00e8ces et un jeu de 28 dominos, plongez dans l&rsquo;univers color\u00e9 de Loup alors qu&rsquo;il pr\u00e9pare un g\u00e2teau aux pommes pour le Go\u00fbter du Printemps. Rencontrez des personnages familiers comme les Trois Petits Cochons et le Petit Chaperon Rouge. Le puzzle vous permet de recr\u00e9er une sc\u00e8ne de l&rsquo;histoire, tandis que les dominos vous offrent un jeu intelligent aux couleurs des contes. Avec sa fermeture \u00e9lastique, cette mallette est parfaite pour des heures de jeu en famille ou entre amis.<\/p>\n<\/div>\n<\/div>\n<\/div>\n<div class=\"mt-1 flex gap-3 empty:hidden\">\n<div class=\"text-gray-400 flex self-end lg:self-center items-center justify-center lg:justify-start mt-0 -ml-1 h-7 gap-[2px] visible\"><button class=\"flex items-center gap-1.5 rounded-md p-1 text-xs text-token-text-tertiary hover:text-token-text-primary\"><\/button><button class=\"flex items-center gap-1.5 rounded-md p-1 text-xs text-token-text-tertiary hover:text-token-text-primary\"><\/button><\/p>\n<div class=\"flex items-center gap-1.5 text-xs\"><\/div>\n<div class=\"flex\"><\/div>\n<\/div>\n<\/div>\n<div class=\"pr-2 lg:pr-0\"><\/div>\n<\/div>\n<div class=\"absolute\">\n<div class=\"flex w-full gap-2 items-center justify-center\"><\/div>\n<\/div>\n<\/div>\n<\/div>\n<\/div>\n<\/div>\n<\/div>\n<\/div>\n<\/div>\n<\/div>\n<\/div>\n<div class=\"w-full pt-2 md:pt-0 dark:border-white\/20 md:border-transparent md:dark:border-transparent md:w-[calc(100%-.5rem)] juice:w-full\">\n<div class=\"relative flex h-full max-w-full flex-1 flex-col\">\n<div class=\"absolute bottom-full left-0 right-0\"><\/div>\n<div class=\"flex w-full items-center\"><\/div>\n<\/div>\n<\/div>\n","protected":false},"excerpt":{"rendered":"<p>la mallette Loup : au pays des contes est bien plus qu&rsquo;un simple jeu. C&rsquo;est une aventure \u00e0 vivre, une histoire \u00e0 d\u00e9couvrir, et un monde \u00e0 explorer, le tout r\u00e9uni dans un coffret magique qui promet des heures de divertissement et de complicit\u00e9<\/p>\n","protected":false},"featured_media":21430,"comment_status":"open","ping_status":"closed","template":"","meta":{"inline_featured_image":false},"product_cat":[3875,201,212,200],"product_tag":[],"class_list":{"0":"post-21429","1":"product","2":"type-product","3":"status-publish","4":"has-post-thumbnail","6":"product_cat-coffret-francais","7":"product_cat-coffret","8":"product_cat-puzzle","9":"product_cat-activites","10":"pa_auteurs-oriane-lallemand","12":"first","13":"instock","14":"shipping-taxable","15":"purchasable","16":"product-type-simple"},"_links":{"self":[{"href":"https:\/\/baralivres.ma\/index.php?rest_route=\/wp\/v2\/product\/21429","targetHints":{"allow":["GET"]}}],"collection":[{"href":"https:\/\/baralivres.ma\/index.php?rest_route=\/wp\/v2\/product"}],"about":[{"href":"https:\/\/baralivres.ma\/index.php?rest_route=\/wp\/v2\/types\/product"}],"replies":[{"embeddable":true,"href":"https:\/\/baralivres.ma\/index.php?rest_route=%2Fwp%2Fv2%2Fcomments&post=21429"}],"version-history":[{"count":1,"href":"https:\/\/baralivres.ma\/index.php?rest_route=\/wp\/v2\/product\/21429\/revisions"}],"predecessor-version":[{"id":21434,"href":"https:\/\/baralivres.ma\/index.php?rest_route=\/wp\/v2\/product\/21429\/revisions\/21434"}],"wp:featuredmedia":[{"embeddable":true,"href":"https:\/\/baralivres.ma\/index.php?rest_route=\/wp\/v2\/media\/21430"}],"wp:attachment":[{"href":"https:\/\/baralivres.ma\/index.php?rest_route=%2Fwp%2Fv2%2Fmedia&parent=21429"}],"wp:term":[{"taxonomy":"product_cat","embeddable":true,"href":"https:\/\/baralivres.ma\/index.php?rest_route=%2Fwp%2Fv2%2Fproduct_cat&post=21429"},{"taxonomy":"product_tag","embeddable":true,"href":"https:\/\/baralivres.ma\/index.php?rest_route=%2Fwp%2Fv2%2Fproduct_tag&post=21429"}],"curies":[{"name":"wp","href":"https:\/\/api.w.org\/{rel}","templated":true}]}}