{"id":21418,"date":"2024-05-02T16:05:07","date_gmt":"2024-05-02T15:05:07","guid":{"rendered":"https:\/\/baralivres.ma\/?post_type=product&#038;p=21418"},"modified":"2024-10-28T14:31:54","modified_gmt":"2024-10-28T13:31:54","slug":"8-pieces-de-william-shakespeare","status":"publish","type":"product","link":"https:\/\/baralivres.ma\/?product=8-pieces-de-william-shakespeare","title":{"rendered":"8 pi\u00e8ces de William Shakespeare"},"content":{"rendered":"<div class=\"w-full text-token-text-primary\" dir=\"auto\" data-testid=\"conversation-turn-3\" data-scroll-anchor=\"true\">\n<div class=\"px-4 py-2 justify-center text-base md:gap-6 m-auto\">\n<div class=\"flex flex-1 text-base mx-auto gap-3 juice:gap-4 juice:md:gap-6 md:px-5 lg:px-1 xl:px-5 md:max-w-3xl lg:max-w-[40rem] xl:max-w-[48rem]\">\n<div class=\"relative flex w-full min-w-0 flex-col agent-turn\">\n<div class=\"flex-col gap-1 md:gap-3\">\n<div class=\"flex flex-grow flex-col max-w-full\">\n<div class=\"min-h-[20px] text-message flex flex-col items-start gap-3 whitespace-pre-wrap break-words [.text-message+&amp;]:mt-5 overflow-x-auto\" dir=\"auto\" data-message-author-role=\"assistant\" data-message-id=\"f2b51e7a-4dd2-49bb-946f-fd33856ffa71\">\n<div class=\"markdown prose w-full break-words dark:prose-invert light\">\n<p>Les huit pi\u00e8ces de William Shakespeare, magnifiquement mises en lumi\u00e8re \u00e0 travers des illustrations en papier d\u00e9coup\u00e9, offrent une exp\u00e9rience visuelle captivante de l&rsquo;\u0153uvre intemporelle de l&rsquo;un des plus grands dramaturges de tous les temps. Chaque pi\u00e8ce est m\u00e9ticuleusement repr\u00e9sent\u00e9e \u00e0 travers des silhouettes \u00e9l\u00e9gamment d\u00e9coup\u00e9es, ajoutant une dimension artistique et imaginative \u00e0 ces classiques litt\u00e9raires. Les d\u00e9tails minutieux des personnages, des d\u00e9cors et des sc\u00e8nes emportent le spectateur dans l&rsquo;univers vibrant et \u00e9vocateur de Shakespeare, o\u00f9 l&rsquo;intrigue, la passion et la trag\u00e9die prennent vie \u00e0 chaque page. Ces illustrations en papier d\u00e9coup\u00e9 captivent l&rsquo;essence m\u00eame des pi\u00e8ces de Shakespeare, offrant une interpr\u00e9tation visuelle unique et saisissante de son h\u00e9ritage litt\u00e9raire immortel.<\/p>\n<\/div>\n<\/div>\n<\/div>\n<div class=\"mt-1 flex gap-3 empty:hidden\">\n<div class=\"text-gray-400 flex self-end lg:self-center items-center justify-center lg:justify-start mt-0 -ml-1 h-7 gap-[2px] visible\"><button class=\"flex items-center gap-1.5 rounded-md p-1 text-xs text-token-text-tertiary hover:text-token-text-primary\"><\/button><button class=\"flex items-center gap-1.5 rounded-md p-1 text-xs text-token-text-tertiary hover:text-token-text-primary\"><\/button><\/p>\n<div class=\"flex items-center gap-1.5 text-xs\"><\/div>\n<div class=\"flex\"><\/div>\n<\/div>\n<\/div>\n<div class=\"pr-2 lg:pr-0\"><\/div>\n<\/div>\n<div class=\"absolute\">\n<div class=\"flex w-full gap-2 items-center justify-center\"><\/div>\n<\/div>\n<\/div>\n<\/div>\n<\/div>\n<\/div>\n<div class=\"mx-auto\">\n<div>\n<div class=\"mx-auto mt-2 inline-flex rounded-xl border border-gray-100 dark:border-gray-700\"><\/div>\n<\/div>\n<\/div>\n","protected":false},"excerpt":{"rendered":"<div class=\"flex flex-grow flex-col max-w-full\">\n<div class=\"min-h-[20px] text-message flex flex-col items-start gap-3 whitespace-pre-wrap break-words [.text-message+&amp;]:mt-5 overflow-x-auto\" dir=\"auto\" data-message-author-role=\"user\" data-message-id=\"aaa22ba0-cb5c-45ec-a982-bc394e93c62c\">\n<div class=\"\">Huit pi\u00e8ces de Shakespeare mises en lumi\u00e8re gr\u00e2ce \u00e0 de superbes illustrations en papiers d\u00e9coup\u00e9s.<\/div>\n<\/div>\n<\/div>\n<div class=\"mt-1 flex gap-3 empty:hidden juice:flex-row-reverse\">\n<div class=\"text-xs flex items-center justify-center gap-1 self-center visible\"><\/div>\n<\/div>\n","protected":false},"featured_media":21419,"comment_status":"open","ping_status":"closed","template":"","meta":{"inline_featured_image":false},"product_cat":[3875,3877,201,199],"product_tag":[],"class_list":{"0":"post-21418","1":"product","2":"type-product","3":"status-publish","4":"has-post-thumbnail","6":"product_cat-coffret-francais","7":"product_cat-les-histoires-francais","8":"product_cat-coffret","9":"product_cat-histoires","10":"pa_auteurs-fiona-waters","12":"first","13":"instock","14":"shipping-taxable","15":"purchasable","16":"product-type-simple"},"_links":{"self":[{"href":"https:\/\/baralivres.ma\/index.php?rest_route=\/wp\/v2\/product\/21418","targetHints":{"allow":["GET"]}}],"collection":[{"href":"https:\/\/baralivres.ma\/index.php?rest_route=\/wp\/v2\/product"}],"about":[{"href":"https:\/\/baralivres.ma\/index.php?rest_route=\/wp\/v2\/types\/product"}],"replies":[{"embeddable":true,"href":"https:\/\/baralivres.ma\/index.php?rest_route=%2Fwp%2Fv2%2Fcomments&post=21418"}],"version-history":[{"count":1,"href":"https:\/\/baralivres.ma\/index.php?rest_route=\/wp\/v2\/product\/21418\/revisions"}],"predecessor-version":[{"id":21422,"href":"https:\/\/baralivres.ma\/index.php?rest_route=\/wp\/v2\/product\/21418\/revisions\/21422"}],"wp:featuredmedia":[{"embeddable":true,"href":"https:\/\/baralivres.ma\/index.php?rest_route=\/wp\/v2\/media\/21419"}],"wp:attachment":[{"href":"https:\/\/baralivres.ma\/index.php?rest_route=%2Fwp%2Fv2%2Fmedia&parent=21418"}],"wp:term":[{"taxonomy":"product_cat","embeddable":true,"href":"https:\/\/baralivres.ma\/index.php?rest_route=%2Fwp%2Fv2%2Fproduct_cat&post=21418"},{"taxonomy":"product_tag","embeddable":true,"href":"https:\/\/baralivres.ma\/index.php?rest_route=%2Fwp%2Fv2%2Fproduct_tag&post=21418"}],"curies":[{"name":"wp","href":"https:\/\/api.w.org\/{rel}","templated":true}]}}