{"id":21413,"date":"2024-05-02T15:38:55","date_gmt":"2024-05-02T14:38:55","guid":{"rendered":"https:\/\/baralivres.ma\/?post_type=product&#038;p=21413"},"modified":"2024-10-28T14:33:35","modified_gmt":"2024-10-28T13:33:35","slug":"les-plus-beaux-contes-de-charles-perrault","status":"publish","type":"product","link":"https:\/\/baralivres.ma\/?product=les-plus-beaux-contes-de-charles-perrault","title":{"rendered":"Les plus beaux contes de Charles Perrault"},"content":{"rendered":"<div class=\"flex-1 overflow-hidden\">\n<div class=\"react-scroll-to-bottom--css-obeuw-79elbk h-full\">\n<div class=\"react-scroll-to-bottom--css-obeuw-1n7m0yu\">\n<div>\n<div class=\"flex flex-col text-sm pb-9\">\n<div class=\"w-full text-token-text-primary\" dir=\"auto\" data-testid=\"conversation-turn-5\" data-scroll-anchor=\"true\">\n<div class=\"px-4 py-2 justify-center text-base md:gap-6 m-auto\">\n<div class=\"flex flex-1 text-base mx-auto gap-3 juice:gap-4 juice:md:gap-6 md:px-5 lg:px-1 xl:px-5 md:max-w-3xl lg:max-w-[40rem] xl:max-w-[48rem]\">\n<div class=\"relative flex w-full min-w-0 flex-col agent-turn\">\n<div class=\"flex-col gap-1 md:gap-3\">\n<div class=\"flex flex-grow flex-col max-w-full\">\n<div class=\"min-h-[20px] text-message flex flex-col items-start gap-3 whitespace-pre-wrap break-words [.text-message+&amp;]:mt-5 overflow-x-auto\" dir=\"auto\" data-message-author-role=\"assistant\" data-message-id=\"197b4327-6fae-4382-b1ad-1f124115242b\">\n<div class=\"markdown prose w-full break-words dark:prose-invert light\">\n<p>Dans ce livre magnifiquement illustr\u00e9, d\u00e9couvrez huit contes intemporels de Charles Perrault, mis en sc\u00e8ne avec finesse par les superbes illustrations de Dinara Mirtalipova. Des contes comme \u00ab\u00a0Le Petit Chaperon Rouge\u00a0\u00bb, \u00ab\u00a0Cendrillon\u00a0\u00bb et \u00ab\u00a0Le Chat bott\u00e9\u00a0\u00bb prennent vie \u00e0 travers des d\u00e9coupes de papier qui enchantent et captivent. Chaque page vous transporte dans un monde de magie et d&rsquo;aventure, o\u00f9 la beaut\u00e9 des illustrations rencontre la richesse des r\u00e9cits classiques de Perrault.<\/p>\n<\/div>\n<\/div>\n<\/div>\n<div class=\"mt-1 flex gap-3 empty:hidden\">\n<div class=\"text-gray-400 flex self-end lg:self-center items-center justify-center lg:justify-start mt-0 -ml-1 h-7 gap-[2px] visible\"><button class=\"flex items-center gap-1.5 rounded-md p-1 text-xs text-token-text-tertiary hover:text-token-text-primary\"><\/button><button class=\"flex items-center gap-1.5 rounded-md p-1 text-xs text-token-text-tertiary hover:text-token-text-primary\"><\/button><\/p>\n<div class=\"flex items-center gap-1.5 text-xs\"><\/div>\n<div class=\"flex\"><\/div>\n<\/div>\n<\/div>\n<div class=\"pr-2 lg:pr-0\"><\/div>\n<\/div>\n<div class=\"absolute\">\n<div class=\"flex w-full gap-2 items-center justify-center\"><\/div>\n<\/div>\n<\/div>\n<\/div>\n<\/div>\n<\/div>\n<\/div>\n<\/div>\n<\/div>\n<\/div>\n<\/div>\n<div class=\"w-full pt-2 md:pt-0 dark:border-white\/20 md:border-transparent md:dark:border-transparent md:w-[calc(100%-.5rem)] juice:w-full\">\n<div class=\"relative flex h-full max-w-full flex-1 flex-col\">\n<div class=\"absolute bottom-full left-0 right-0\"><\/div>\n<div class=\"flex w-full items-center\"><\/div>\n<\/div>\n<\/div>\n","protected":false},"excerpt":{"rendered":"<p>D\u00e9couvrez dans ce livre en papiers d\u00e9coup\u00e9s huit c\u00e9l\u00e8bres contes de Charles Perrault, mis en sc\u00e8nes avec finesse par les incroyables illustrations de Dinara Mirtalipova. Les contes sont: Les F\u00e9es, le Petit Chaperon rouge, Le Petit Poucet, Peau d&rsquo;\u00c2ne, Cendrillon, La Belle au Bois dormant, le Chat bott\u00e9, la Barbe bleue<\/p>\n","protected":false},"featured_media":21416,"comment_status":"open","ping_status":"closed","template":"","meta":{"inline_featured_image":false},"product_cat":[3875,3877,201,199],"product_tag":[],"class_list":{"0":"post-21413","1":"product","2":"type-product","3":"status-publish","4":"has-post-thumbnail","6":"product_cat-coffret-francais","7":"product_cat-les-histoires-francais","8":"product_cat-coffret","9":"product_cat-histoires","10":"pa_auteurs-michel-hasson","12":"first","13":"instock","14":"shipping-taxable","15":"purchasable","16":"product-type-simple"},"_links":{"self":[{"href":"https:\/\/baralivres.ma\/index.php?rest_route=\/wp\/v2\/product\/21413","targetHints":{"allow":["GET"]}}],"collection":[{"href":"https:\/\/baralivres.ma\/index.php?rest_route=\/wp\/v2\/product"}],"about":[{"href":"https:\/\/baralivres.ma\/index.php?rest_route=\/wp\/v2\/types\/product"}],"replies":[{"embeddable":true,"href":"https:\/\/baralivres.ma\/index.php?rest_route=%2Fwp%2Fv2%2Fcomments&post=21413"}],"version-history":[{"count":1,"href":"https:\/\/baralivres.ma\/index.php?rest_route=\/wp\/v2\/product\/21413\/revisions"}],"predecessor-version":[{"id":21417,"href":"https:\/\/baralivres.ma\/index.php?rest_route=\/wp\/v2\/product\/21413\/revisions\/21417"}],"wp:featuredmedia":[{"embeddable":true,"href":"https:\/\/baralivres.ma\/index.php?rest_route=\/wp\/v2\/media\/21416"}],"wp:attachment":[{"href":"https:\/\/baralivres.ma\/index.php?rest_route=%2Fwp%2Fv2%2Fmedia&parent=21413"}],"wp:term":[{"taxonomy":"product_cat","embeddable":true,"href":"https:\/\/baralivres.ma\/index.php?rest_route=%2Fwp%2Fv2%2Fproduct_cat&post=21413"},{"taxonomy":"product_tag","embeddable":true,"href":"https:\/\/baralivres.ma\/index.php?rest_route=%2Fwp%2Fv2%2Fproduct_tag&post=21413"}],"curies":[{"name":"wp","href":"https:\/\/api.w.org\/{rel}","templated":true}]}}