{"id":21407,"date":"2024-05-02T15:25:55","date_gmt":"2024-05-02T14:25:55","guid":{"rendered":"https:\/\/baralivres.ma\/?post_type=product&#038;p=21407"},"modified":"2024-10-28T14:34:26","modified_gmt":"2024-10-28T13:34:26","slug":"les-mille-et-une-nuits-3","status":"publish","type":"product","link":"https:\/\/baralivres.ma\/?product=les-mille-et-une-nuits-3","title":{"rendered":"Les mille et une nuits"},"content":{"rendered":"<p>Dans cette \u00e9dition sp\u00e9ciale des \u00ab\u00a0Mille et Une Nuits\u00a0\u00bb, H\u00e9l\u00e8ne Druvert nous enchante avec huit contes s\u00e9lectionn\u00e9s, pr\u00e9sent\u00e9s \u00e0 travers des illustrations \u00e9poustouflantes en papier d\u00e9coup\u00e9. Chaque conte, tir\u00e9 du riche patrimoine arabe, prend vie sous les mains habiles de l&rsquo;artiste, transportant les lecteurs dans un monde de merveilles orientales. Des palais chatoyants aux d\u00e9serts br\u00fblants, en passant par les march\u00e9s anim\u00e9s, chaque sc\u00e8ne est m\u00e9ticuleusement repr\u00e9sent\u00e9e, r\u00e9v\u00e9lant la beaut\u00e9 et la magie de l&rsquo;Orient. Les c\u00e9l\u00e8bres personnages comme Aladdin, Sinbad le marin et Ali Baba prennent vie sous une nouvelle lumi\u00e8re, invitant les lecteurs \u00e0 se perdre dans les myst\u00e8res et les enchantements de ces histoires intemporelles. Cette \u00e9dition offre une exp\u00e9rience sensorielle unique, combinant la puissance \u00e9vocatrice des mots avec la splendeur visuelle du papier d\u00e9coup\u00e9, pour captiver et \u00e9merveiller les lecteurs de tous \u00e2ges.<\/p>\n","protected":false},"excerpt":{"rendered":"<div class=\"mb-24\">\n<div class=\"one-collapse one-wysiwyg paragraph one-expend\">Huit contes des Mille et Une Nuits mis en lumi\u00e8re dans de superbes illustrations en papiers d\u00e9coup\u00e9s. Une plong\u00e9e fabuleuse dans les merveilles de l&rsquo;Orient ressuscit\u00e9es par les sc\u00e8nes magiques d&rsquo;H\u00e9l\u00e8ne Druvert.<\/div>\n<\/div>\n<div id=\"react-product-details-summary\">\n<div class=\"assets-loading my-16 one-placeholder-relative\"><\/div>\n<\/div>\n","protected":false},"featured_media":21408,"comment_status":"open","ping_status":"closed","template":"","meta":{"inline_featured_image":false},"product_cat":[3875,3877,201,199],"product_tag":[],"class_list":{"0":"post-21407","1":"product","2":"type-product","3":"status-publish","4":"has-post-thumbnail","6":"product_cat-coffret-francais","7":"product_cat-les-histoires-francais","8":"product_cat-coffret","9":"product_cat-histoires","10":"pa_auteurs-helene-druvert","12":"first","13":"instock","14":"shipping-taxable","15":"purchasable","16":"product-type-simple"},"_links":{"self":[{"href":"https:\/\/baralivres.ma\/index.php?rest_route=\/wp\/v2\/product\/21407","targetHints":{"allow":["GET"]}}],"collection":[{"href":"https:\/\/baralivres.ma\/index.php?rest_route=\/wp\/v2\/product"}],"about":[{"href":"https:\/\/baralivres.ma\/index.php?rest_route=\/wp\/v2\/types\/product"}],"replies":[{"embeddable":true,"href":"https:\/\/baralivres.ma\/index.php?rest_route=%2Fwp%2Fv2%2Fcomments&post=21407"}],"version-history":[{"count":1,"href":"https:\/\/baralivres.ma\/index.php?rest_route=\/wp\/v2\/product\/21407\/revisions"}],"predecessor-version":[{"id":21412,"href":"https:\/\/baralivres.ma\/index.php?rest_route=\/wp\/v2\/product\/21407\/revisions\/21412"}],"wp:featuredmedia":[{"embeddable":true,"href":"https:\/\/baralivres.ma\/index.php?rest_route=\/wp\/v2\/media\/21408"}],"wp:attachment":[{"href":"https:\/\/baralivres.ma\/index.php?rest_route=%2Fwp%2Fv2%2Fmedia&parent=21407"}],"wp:term":[{"taxonomy":"product_cat","embeddable":true,"href":"https:\/\/baralivres.ma\/index.php?rest_route=%2Fwp%2Fv2%2Fproduct_cat&post=21407"},{"taxonomy":"product_tag","embeddable":true,"href":"https:\/\/baralivres.ma\/index.php?rest_route=%2Fwp%2Fv2%2Fproduct_tag&post=21407"}],"curies":[{"name":"wp","href":"https:\/\/api.w.org\/{rel}","templated":true}]}}