{"id":21388,"date":"2024-05-02T00:15:33","date_gmt":"2024-05-01T23:15:33","guid":{"rendered":"https:\/\/baralivres.ma\/?post_type=product&#038;p=21388"},"modified":"2025-02-24T18:06:39","modified_gmt":"2025-02-24T17:06:39","slug":"mes-premiers-mots-a-toucher","status":"publish","type":"product","link":"https:\/\/baralivres.ma\/?product=mes-premiers-mots-a-toucher","title":{"rendered":"Mes premiers mots \u00e0 toucher"},"content":{"rendered":"<p>\u00ab\u00a0Mes Premiers Mots \u00e0 Toucher\u00a0\u00bb est un livre interactif con\u00e7u pour les tout-petits, offrant une exp\u00e9rience sensorielle immersive et ludique. \u00c0 travers plus de 20 mati\u00e8res \u00e0 toucher soigneusement s\u00e9lectionn\u00e9es, les enfants explorent un vocabulaire essentiel li\u00e9 \u00e0 leur quotidien. Le sens tactile est mis en avant pour faciliter l&rsquo;assimilation du nouveau vocabulaire et encourager l&rsquo;apprentissage interactif. Chaque double page propose deux mati\u00e8res ou effets de fabrication \u00e0 explorer, offrant ainsi une exp\u00e9rience tactile vari\u00e9e \u00e0 chaque page. Ce livre d&rsquo;\u00e9veil est con\u00e7u pour \u00eatre manipul\u00e9 en compagnie d&rsquo;un parent, favorisant ainsi un apprentissage complice et interactif.<\/p>\n","protected":false},"excerpt":{"rendered":"<div class=\"w-full text-token-text-primary\" dir=\"auto\" data-testid=\"conversation-turn-3\" data-scroll-anchor=\"false\">\n<div class=\"px-4 py-2 justify-center text-base md:gap-6 m-auto\">\n<div class=\"flex flex-1 text-base mx-auto gap-3 juice:gap-4 juice:md:gap-6 md:px-5 lg:px-1 xl:px-5 md:max-w-3xl lg:max-w-[40rem] xl:max-w-[48rem]\">\n<div class=\"relative flex w-full min-w-0 flex-col agent-turn\">\n<div class=\"flex-col gap-1 md:gap-3\">\n<div class=\"flex flex-grow flex-col max-w-full\">\n<div class=\"min-h-[20px] text-message flex flex-col items-start gap-3 whitespace-pre-wrap break-words [.text-message+&amp;]:mt-5 overflow-x-auto\" dir=\"auto\" data-message-author-role=\"assistant\" data-message-id=\"03ae6360-684a-47fd-b782-8d47038bfca8\">\n<div class=\"markdown prose w-full break-words dark:prose-invert light\">\n<p>\u00ab\u00a0Mes Premiers Mots \u00e0 Toucher\u00a0\u00bb n&rsquo;est pas seulement un livre, c&rsquo;est un outil d&rsquo;\u00e9veil con\u00e7u pour \u00eatre manipul\u00e9 et explor\u00e9 en compagnie d&rsquo;un parent, favorisant ainsi un apprentissage interactif et complice. Une fois que les enfants gagnent en confiance, ils peuvent se plonger seuls dans cette aventure sensorielle, d\u00e9veloppant ainsi leur autonomie et leur amour pour la d\u00e9couverte.<\/p>\n<\/div>\n<\/div>\n<\/div>\n<div class=\"mt-1 flex gap-3 empty:hidden\">\n<div class=\"text-gray-400 flex self-end lg:self-center items-center justify-center lg:justify-start mt-0 -ml-1 h-7 gap-[2px] visible\"><button class=\"flex items-center gap-1.5 rounded-md p-1 text-xs text-token-text-tertiary hover:text-token-text-primary\"><\/button><button class=\"flex items-center gap-1.5 rounded-md p-1 text-xs text-token-text-tertiary hover:text-token-text-primary\"><\/button><\/p>\n<div class=\"flex\"><\/div>\n<\/div>\n<\/div>\n<div class=\"pr-2 lg:pr-0\"><\/div>\n<\/div>\n<div class=\"absolute\">\n<div class=\"flex w-full gap-2 items-center justify-center\"><\/div>\n<\/div>\n<\/div>\n<\/div>\n<\/div>\n<\/div>\n<div class=\"w-full text-token-text-primary\" dir=\"auto\" data-testid=\"conversation-turn-4\" data-scroll-anchor=\"false\">\n<div class=\"px-4 py-2 justify-center text-base md:gap-6 m-auto\">\n<div class=\"flex flex-1 text-base mx-auto gap-3 juice:gap-4 juice:md:gap-6 md:px-5 lg:px-1 xl:px-5 md:max-w-3xl lg:max-w-[40rem] xl:max-w-[48rem]\">\n<div class=\"flex-shrink-0 flex flex-col relative items-end\">\n<div>\n<div class=\"pt-0.5\">\n<div class=\"gizmo-shadow-stroke flex h-6 w-6 items-center justify-center overflow-hidden rounded-full\"><\/div>\n<\/div>\n<\/div>\n<\/div>\n<\/div>\n<\/div>\n<\/div>\n","protected":false},"featured_media":21389,"comment_status":"open","ping_status":"closed","template":"","meta":{"inline_featured_image":false},"product_cat":[4229,3952],"product_tag":[],"class_list":{"0":"post-21388","1":"product","2":"type-product","3":"status-publish","4":"has-post-thumbnail","6":"product_cat-bibliotheque_a_moins-cher","7":"product_cat-les-livres-a-toucher-pour-bebe","9":"first","10":"instock","11":"sale","12":"shipping-taxable","13":"purchasable","14":"product-type-simple"},"_links":{"self":[{"href":"https:\/\/baralivres.ma\/index.php?rest_route=\/wp\/v2\/product\/21388","targetHints":{"allow":["GET"]}}],"collection":[{"href":"https:\/\/baralivres.ma\/index.php?rest_route=\/wp\/v2\/product"}],"about":[{"href":"https:\/\/baralivres.ma\/index.php?rest_route=\/wp\/v2\/types\/product"}],"replies":[{"embeddable":true,"href":"https:\/\/baralivres.ma\/index.php?rest_route=%2Fwp%2Fv2%2Fcomments&post=21388"}],"version-history":[{"count":1,"href":"https:\/\/baralivres.ma\/index.php?rest_route=\/wp\/v2\/product\/21388\/revisions"}],"predecessor-version":[{"id":21390,"href":"https:\/\/baralivres.ma\/index.php?rest_route=\/wp\/v2\/product\/21388\/revisions\/21390"}],"wp:featuredmedia":[{"embeddable":true,"href":"https:\/\/baralivres.ma\/index.php?rest_route=\/wp\/v2\/media\/21389"}],"wp:attachment":[{"href":"https:\/\/baralivres.ma\/index.php?rest_route=%2Fwp%2Fv2%2Fmedia&parent=21388"}],"wp:term":[{"taxonomy":"product_cat","embeddable":true,"href":"https:\/\/baralivres.ma\/index.php?rest_route=%2Fwp%2Fv2%2Fproduct_cat&post=21388"},{"taxonomy":"product_tag","embeddable":true,"href":"https:\/\/baralivres.ma\/index.php?rest_route=%2Fwp%2Fv2%2Fproduct_tag&post=21388"}],"curies":[{"name":"wp","href":"https:\/\/api.w.org\/{rel}","templated":true}]}}