{"id":21375,"date":"2024-05-01T23:54:52","date_gmt":"2024-05-01T22:54:52","guid":{"rendered":"https:\/\/baralivres.ma\/?post_type=product&#038;p=21375"},"modified":"2025-02-24T18:07:02","modified_gmt":"2025-02-24T17:07:02","slug":"mes-premiers-bebes-animaux-a-toucher","status":"publish","type":"product","link":"https:\/\/baralivres.ma\/?product=mes-premiers-bebes-animaux-a-toucher","title":{"rendered":"Mes premiers b\u00e9b\u00e9s animaux \u00e0 toucher"},"content":{"rendered":"<p>\u00ab\u00a0Mes premiers b\u00e9b\u00e9s animaux \u00e0 toucher\u00a0\u00bb est un livre d&rsquo;\u00e9veil interactif con\u00e7u pour les jeunes enfants. Dans ce grand format cartonn\u00e9, les enfants sont immerg\u00e9s dans une exp\u00e9rience sensorielle captivante. Chaque page pr\u00e9sente un nouvel animal avec plus de 20 textures \u00e0 toucher, permettant aux enfants d&rsquo;explorer et d&rsquo;apprendre tout en s&rsquo;amusant.<\/p>\n<p>L&rsquo;association des mots aux textures favorise l&rsquo;apprentissage du vocabulaire et la m\u00e9morisation. Les enfants sont encourag\u00e9s \u00e0 pointer, nommer et enrichir leur vocabulaire tout en d\u00e9veloppant leur sens tactile.<\/p>\n<p>Avec la guidance d&rsquo;un parent accompagnateur, les enfants peuvent manipuler le livre et explorer de mani\u00e8re autonome, stimulant ainsi leur curiosit\u00e9 et leur cr\u00e9ativit\u00e9.<\/p>\n","protected":false},"excerpt":{"rendered":"<p>Mes premiers b\u00e9b\u00e9s animaux \u00e0 toucher\u00a0\u00bb est un livre d&rsquo;\u00e9veil interactif con\u00e7u pour les jeunes enfants. Dans ce grand format cartonn\u00e9, les enfants sont immerg\u00e9s dans une exp\u00e9rience sensorielle captivante. Chaque page pr\u00e9sente un nouvel animal avec plus de 20 textures \u00e0 toucher, permettant aux enfants d&rsquo;explorer et d&rsquo;apprendre tout en s&rsquo;amusant.<\/p>\n","protected":false},"featured_media":21377,"comment_status":"open","ping_status":"closed","template":"","meta":{"inline_featured_image":false},"product_cat":[4229,3952],"product_tag":[],"class_list":{"0":"post-21375","1":"product","2":"type-product","3":"status-publish","4":"has-post-thumbnail","6":"product_cat-bibliotheque_a_moins-cher","7":"product_cat-les-livres-a-toucher-pour-bebe","9":"first","10":"instock","11":"sale","12":"shipping-taxable","13":"purchasable","14":"product-type-simple"},"_links":{"self":[{"href":"https:\/\/baralivres.ma\/index.php?rest_route=\/wp\/v2\/product\/21375","targetHints":{"allow":["GET"]}}],"collection":[{"href":"https:\/\/baralivres.ma\/index.php?rest_route=\/wp\/v2\/product"}],"about":[{"href":"https:\/\/baralivres.ma\/index.php?rest_route=\/wp\/v2\/types\/product"}],"replies":[{"embeddable":true,"href":"https:\/\/baralivres.ma\/index.php?rest_route=%2Fwp%2Fv2%2Fcomments&post=21375"}],"version-history":[{"count":2,"href":"https:\/\/baralivres.ma\/index.php?rest_route=\/wp\/v2\/product\/21375\/revisions"}],"predecessor-version":[{"id":21383,"href":"https:\/\/baralivres.ma\/index.php?rest_route=\/wp\/v2\/product\/21375\/revisions\/21383"}],"wp:featuredmedia":[{"embeddable":true,"href":"https:\/\/baralivres.ma\/index.php?rest_route=\/wp\/v2\/media\/21377"}],"wp:attachment":[{"href":"https:\/\/baralivres.ma\/index.php?rest_route=%2Fwp%2Fv2%2Fmedia&parent=21375"}],"wp:term":[{"taxonomy":"product_cat","embeddable":true,"href":"https:\/\/baralivres.ma\/index.php?rest_route=%2Fwp%2Fv2%2Fproduct_cat&post=21375"},{"taxonomy":"product_tag","embeddable":true,"href":"https:\/\/baralivres.ma\/index.php?rest_route=%2Fwp%2Fv2%2Fproduct_tag&post=21375"}],"curies":[{"name":"wp","href":"https:\/\/api.w.org\/{rel}","templated":true}]}}