{"id":21363,"date":"2024-05-01T20:00:57","date_gmt":"2024-05-01T19:00:57","guid":{"rendered":"https:\/\/baralivres.ma\/?post_type=product&#038;p=21363"},"modified":"2025-02-24T18:07:26","modified_gmt":"2025-02-24T17:07:26","slug":"mes-premieres-saisons-a-toucher","status":"publish","type":"product","link":"https:\/\/baralivres.ma\/?product=mes-premieres-saisons-a-toucher","title":{"rendered":"Mes premi\u00e8res saisons \u00e0 toucher"},"content":{"rendered":"<p>\u00ab\u00a0Mes Premi\u00e8res Saisons \u00e0 Toucher\u00a0\u00bb est bien plus qu&rsquo;un simple livre pour enfants, c&rsquo;est une v\u00e9ritable exp\u00e9rience sensorielle. Avec plus de 20 mati\u00e8res \u00e0 explorer, il ouvre une nouvelle dimension o\u00f9 les tout-petits peuvent d\u00e9couvrir et comprendre le monde qui les entoure \u00e0 travers le toucher. Chaque texture offre une opportunit\u00e9 d&rsquo;apprentissage, facilitant ainsi l&rsquo;assimilation du nouveau vocabulaire et sa r\u00e9tention.<\/p>\n<p>En pointant du doigt et en nommant les diff\u00e9rents \u00e9l\u00e9ments pr\u00e9sent\u00e9s, les enfants enrichissent leur vocabulaire tout en d\u00e9veloppant leur sens tactile. Con\u00e7u pour \u00eatre manipul\u00e9 en tandem avec un parent accompagnateur, ce livre d&rsquo;\u00e9veil encourage une interaction chaleureuse et \u00e9ducative. Une fois familiaris\u00e9s avec les th\u00e8mes abord\u00e9s, les petits peuvent \u00e9galement explorer ces pages sensorielles de mani\u00e8re autonome, renfor\u00e7ant ainsi leur confiance en eux.<\/p>\n<p>Les th\u00e9matiques saisonni\u00e8res, telles que le printemps, P\u00e2ques, l&rsquo;\u00e9t\u00e9, les vacances, la rentr\u00e9e, l&rsquo;automne, Halloween, No\u00ebl et l&rsquo;hiver, offrent une vari\u00e9t\u00e9 d&rsquo;exp\u00e9riences sensorielles qui \u00e9voquent les moments sp\u00e9ciaux tout au long de l&rsquo;ann\u00e9e. Chaque saison est repr\u00e9sent\u00e9e avec des d\u00e9tails soigneusement s\u00e9lectionn\u00e9s, invitant les enfants \u00e0 d\u00e9couvrir et \u00e0 apprendre de mani\u00e8re ludique.<\/p>\n","protected":false},"excerpt":{"rendered":"<p>\u00ab\u00a0Mes Premi\u00e8res Saisons \u00e0 Toucher\u00a0\u00bb est bien plus qu&rsquo;un simple livre ; c&rsquo;est un voyage interactif \u00e0 travers les saisons, o\u00f9 chaque page devient une porte ouverte vers l&rsquo;apprentissage et l&rsquo;\u00e9merveillement pour les jeunes esprits curieux.<\/p>\n","protected":false},"featured_media":21364,"comment_status":"open","ping_status":"closed","template":"","meta":{"inline_featured_image":false},"product_cat":[4229,3952],"product_tag":[],"class_list":{"0":"post-21363","1":"product","2":"type-product","3":"status-publish","4":"has-post-thumbnail","6":"product_cat-bibliotheque_a_moins-cher","7":"product_cat-les-livres-a-toucher-pour-bebe","9":"first","10":"instock","11":"sale","12":"shipping-taxable","13":"purchasable","14":"product-type-simple"},"_links":{"self":[{"href":"https:\/\/baralivres.ma\/index.php?rest_route=\/wp\/v2\/product\/21363","targetHints":{"allow":["GET"]}}],"collection":[{"href":"https:\/\/baralivres.ma\/index.php?rest_route=\/wp\/v2\/product"}],"about":[{"href":"https:\/\/baralivres.ma\/index.php?rest_route=\/wp\/v2\/types\/product"}],"replies":[{"embeddable":true,"href":"https:\/\/baralivres.ma\/index.php?rest_route=%2Fwp%2Fv2%2Fcomments&post=21363"}],"version-history":[{"count":1,"href":"https:\/\/baralivres.ma\/index.php?rest_route=\/wp\/v2\/product\/21363\/revisions"}],"predecessor-version":[{"id":21367,"href":"https:\/\/baralivres.ma\/index.php?rest_route=\/wp\/v2\/product\/21363\/revisions\/21367"}],"wp:featuredmedia":[{"embeddable":true,"href":"https:\/\/baralivres.ma\/index.php?rest_route=\/wp\/v2\/media\/21364"}],"wp:attachment":[{"href":"https:\/\/baralivres.ma\/index.php?rest_route=%2Fwp%2Fv2%2Fmedia&parent=21363"}],"wp:term":[{"taxonomy":"product_cat","embeddable":true,"href":"https:\/\/baralivres.ma\/index.php?rest_route=%2Fwp%2Fv2%2Fproduct_cat&post=21363"},{"taxonomy":"product_tag","embeddable":true,"href":"https:\/\/baralivres.ma\/index.php?rest_route=%2Fwp%2Fv2%2Fproduct_tag&post=21363"}],"curies":[{"name":"wp","href":"https:\/\/api.w.org\/{rel}","templated":true}]}}