{"id":21360,"date":"2024-05-01T18:10:12","date_gmt":"2024-05-01T17:10:12","guid":{"rendered":"https:\/\/baralivres.ma\/?post_type=product&#038;p=21360"},"modified":"2025-02-24T18:07:38","modified_gmt":"2025-02-24T17:07:38","slug":"mes-premiers-vehicules-a-toucher","status":"publish","type":"product","link":"https:\/\/baralivres.ma\/?product=mes-premiers-vehicules-a-toucher","title":{"rendered":"Mes premiers v\u00e9hicules \u00e0 toucher"},"content":{"rendered":"<p>\u00ab\u00a0Mes Premiers V\u00e9hicules \u00e0 Toucher\u00a0\u00bb est bien plus qu&rsquo;un livre, c&rsquo;est un outil d&rsquo;\u00e9veil qui encourage l&rsquo;interaction parent-enfant. En manipulant ce livre ensemble, les parents et les enfants peuvent pointer, nommer et discuter des diff\u00e9rents v\u00e9hicules, renfor\u00e7ant ainsi les liens familiaux tout en stimulant le d\u00e9veloppement de l&rsquo;enfant. Une fois familiaris\u00e9s, les enfants pourront explorer ce monde tactile par eux-m\u00eames, cultivant ainsi leur autonomie et leur curiosit\u00e9.<\/p>\n","protected":false},"excerpt":{"rendered":"<p>Mes Premiers V\u00e9hicules \u00e0 Toucher\u00a0\u00bb est bien plus qu&rsquo;un simple livre pour enfants, c&rsquo;est une aventure sensorielle qui invite les petits explorateurs \u00e0 d\u00e9couvrir le monde fascinant des v\u00e9hicules. \u00c0 travers des pages cartonn\u00e9es robustes, ce livre offre une exp\u00e9rience immersive o\u00f9 les enfants peuvent non seulement voir, mais aussi sentir et toucher plus de 20 textures diff\u00e9rentes.<\/p>\n","protected":false},"featured_media":21361,"comment_status":"open","ping_status":"closed","template":"","meta":{"inline_featured_image":false},"product_cat":[4229,3952],"product_tag":[],"class_list":{"0":"post-21360","1":"product","2":"type-product","3":"status-publish","4":"has-post-thumbnail","6":"product_cat-bibliotheque_a_moins-cher","7":"product_cat-les-livres-a-toucher-pour-bebe","9":"first","10":"instock","11":"sale","12":"shipping-taxable","13":"purchasable","14":"product-type-simple"},"_links":{"self":[{"href":"https:\/\/baralivres.ma\/index.php?rest_route=\/wp\/v2\/product\/21360","targetHints":{"allow":["GET"]}}],"collection":[{"href":"https:\/\/baralivres.ma\/index.php?rest_route=\/wp\/v2\/product"}],"about":[{"href":"https:\/\/baralivres.ma\/index.php?rest_route=\/wp\/v2\/types\/product"}],"replies":[{"embeddable":true,"href":"https:\/\/baralivres.ma\/index.php?rest_route=%2Fwp%2Fv2%2Fcomments&post=21360"}],"version-history":[{"count":1,"href":"https:\/\/baralivres.ma\/index.php?rest_route=\/wp\/v2\/product\/21360\/revisions"}],"predecessor-version":[{"id":21362,"href":"https:\/\/baralivres.ma\/index.php?rest_route=\/wp\/v2\/product\/21360\/revisions\/21362"}],"wp:featuredmedia":[{"embeddable":true,"href":"https:\/\/baralivres.ma\/index.php?rest_route=\/wp\/v2\/media\/21361"}],"wp:attachment":[{"href":"https:\/\/baralivres.ma\/index.php?rest_route=%2Fwp%2Fv2%2Fmedia&parent=21360"}],"wp:term":[{"taxonomy":"product_cat","embeddable":true,"href":"https:\/\/baralivres.ma\/index.php?rest_route=%2Fwp%2Fv2%2Fproduct_cat&post=21360"},{"taxonomy":"product_tag","embeddable":true,"href":"https:\/\/baralivres.ma\/index.php?rest_route=%2Fwp%2Fv2%2Fproduct_tag&post=21360"}],"curies":[{"name":"wp","href":"https:\/\/api.w.org\/{rel}","templated":true}]}}