{"id":21357,"date":"2024-05-01T18:01:43","date_gmt":"2024-05-01T17:01:43","guid":{"rendered":"https:\/\/baralivres.ma\/?post_type=product&#038;p=21357"},"modified":"2024-11-06T18:04:46","modified_gmt":"2024-11-06T17:04:46","slug":"mes-premiers-animaux-a-toucher","status":"publish","type":"product","link":"https:\/\/baralivres.ma\/?product=mes-premiers-animaux-a-toucher","title":{"rendered":"Mes premiers animaux \u00e0 toucher"},"content":{"rendered":"<div class=\"flex-1 overflow-hidden\">\n<div class=\"react-scroll-to-bottom--css-tvvim-79elbk h-full\">\n<div class=\"react-scroll-to-bottom--css-tvvim-1n7m0yu\">\n<div>\n<div class=\"flex flex-col text-sm pb-9\">\n<div class=\"w-full text-token-text-primary\" dir=\"auto\" data-testid=\"conversation-turn-5\" data-scroll-anchor=\"true\">\n<div class=\"px-4 py-2 justify-center text-base md:gap-6 m-auto\">\n<div class=\"flex flex-1 text-base mx-auto gap-3 juice:gap-4 juice:md:gap-6 md:px-5 lg:px-1 xl:px-5 md:max-w-3xl lg:max-w-[40rem] xl:max-w-[48rem]\">\n<div class=\"relative flex w-full min-w-0 flex-col agent-turn\">\n<div class=\"flex-col gap-1 md:gap-3\">\n<div class=\"flex flex-grow flex-col max-w-full\">\n<div class=\"min-h-[20px] text-message flex flex-col items-start gap-3 whitespace-pre-wrap break-words [.text-message+&amp;]:mt-5 overflow-x-auto\" dir=\"auto\" data-message-author-role=\"assistant\" data-message-id=\"c31c8112-cd4d-4dc8-9a0a-99f42ade33d5\">\n<div class=\"markdown prose w-full break-words dark:prose-invert light\">\n<p>\u00ab\u00a0Mes Premiers Animaux \u00e0 Toucher\u00a0\u00bb est un livre cartonn\u00e9 interactif con\u00e7u pour les tout-petits. Avec plus de 20 textures diff\u00e9rentes \u00e0 explorer, il offre une exp\u00e9rience sensorielle riche et vari\u00e9e. Chaque double page pr\u00e9sente des animaux adorables accompagn\u00e9s d&rsquo;effets de fabrication sp\u00e9ciaux, comme l&#8217;embossage, pour une exp\u00e9rience tactile suppl\u00e9mentaire. Les parents peuvent utiliser ce livre pour aider leurs enfants \u00e0 d\u00e9velopper leur langage et leur sens tactile, en pointant, nommant et explorant ensemble. En grandissant, les enfants peuvent \u00e9galement explorer ce livre par eux-m\u00eames, favorisant ainsi leur ind\u00e9pendance et leur curiosit\u00e9.<\/p>\n<\/div>\n<\/div>\n<\/div>\n<div class=\"mt-1 flex gap-3 empty:hidden\">\n<div class=\"text-gray-400 flex self-end lg:self-center items-center justify-center lg:justify-start mt-0 -ml-1 h-7 gap-[2px] visible\"><button class=\"flex items-center gap-1.5 rounded-md p-1 text-xs text-token-text-tertiary hover:text-token-text-primary\"><\/button><button class=\"flex items-center gap-1.5 rounded-md p-1 text-xs text-token-text-tertiary hover:text-token-text-primary\"><\/button><\/p>\n<div class=\"flex items-center gap-1.5 text-xs\"><\/div>\n<div class=\"flex\"><\/div>\n<\/div>\n<\/div>\n<div class=\"pr-2 lg:pr-0\"><\/div>\n<\/div>\n<div class=\"absolute\">\n<div class=\"flex w-full gap-2 items-center justify-center\"><\/div>\n<\/div>\n<\/div>\n<\/div>\n<\/div>\n<\/div>\n<\/div>\n<\/div>\n<\/div>\n<\/div>\n<\/div>\n<div class=\"w-full pt-2 md:pt-0 dark:border-white\/20 md:border-transparent md:dark:border-transparent md:w-[calc(100%-.5rem)]\">\n<div class=\"relative flex h-full max-w-full flex-1 flex-col\">\n<div class=\"absolute bottom-full left-0 right-0\"><\/div>\n<div class=\"flex w-full items-center\"><\/div>\n<\/div>\n<\/div>\n","protected":false},"excerpt":{"rendered":"<p>L&rsquo;enfant apprend \u00e0 nommer les animaux et enrichit son\u00a0<b>vocabulaire<\/b>. \u00c0 chaque page, le tout-petit touche la mati\u00e8re d&rsquo;un animal :\u00a0<b>le sens tactile<\/b>\u00a0apporte une nouvelle dimension \u00e0 l&rsquo;objet illustr\u00e9 et facilite la m\u00e9morisation des nouveaux mots<\/p>\n","protected":false},"featured_media":21358,"comment_status":"open","ping_status":"closed","template":"","meta":{"inline_featured_image":false},"product_cat":[3952],"product_tag":[],"class_list":{"0":"post-21357","1":"product","2":"type-product","3":"status-publish","4":"has-post-thumbnail","6":"product_cat-les-livres-a-toucher-pour-bebe","8":"first","9":"instock","10":"shipping-taxable","11":"purchasable","12":"product-type-simple"},"_links":{"self":[{"href":"https:\/\/baralivres.ma\/index.php?rest_route=\/wp\/v2\/product\/21357","targetHints":{"allow":["GET"]}}],"collection":[{"href":"https:\/\/baralivres.ma\/index.php?rest_route=\/wp\/v2\/product"}],"about":[{"href":"https:\/\/baralivres.ma\/index.php?rest_route=\/wp\/v2\/types\/product"}],"replies":[{"embeddable":true,"href":"https:\/\/baralivres.ma\/index.php?rest_route=%2Fwp%2Fv2%2Fcomments&post=21357"}],"version-history":[{"count":1,"href":"https:\/\/baralivres.ma\/index.php?rest_route=\/wp\/v2\/product\/21357\/revisions"}],"predecessor-version":[{"id":21359,"href":"https:\/\/baralivres.ma\/index.php?rest_route=\/wp\/v2\/product\/21357\/revisions\/21359"}],"wp:featuredmedia":[{"embeddable":true,"href":"https:\/\/baralivres.ma\/index.php?rest_route=\/wp\/v2\/media\/21358"}],"wp:attachment":[{"href":"https:\/\/baralivres.ma\/index.php?rest_route=%2Fwp%2Fv2%2Fmedia&parent=21357"}],"wp:term":[{"taxonomy":"product_cat","embeddable":true,"href":"https:\/\/baralivres.ma\/index.php?rest_route=%2Fwp%2Fv2%2Fproduct_cat&post=21357"},{"taxonomy":"product_tag","embeddable":true,"href":"https:\/\/baralivres.ma\/index.php?rest_route=%2Fwp%2Fv2%2Fproduct_tag&post=21357"}],"curies":[{"name":"wp","href":"https:\/\/api.w.org\/{rel}","templated":true}]}}