{"id":21353,"date":"2024-05-01T17:51:34","date_gmt":"2024-05-01T16:51:34","guid":{"rendered":"https:\/\/baralivres.ma\/?post_type=product&#038;p=21353"},"modified":"2025-02-24T18:08:11","modified_gmt":"2025-02-24T17:08:11","slug":"mon-premier-imagier-a-toucher-ma-premiere-ferme-a-toucher","status":"publish","type":"product","link":"https:\/\/baralivres.ma\/?product=mon-premier-imagier-a-toucher-ma-premiere-ferme-a-toucher","title":{"rendered":"Ma premi\u00e8re ferme \u00e0 toucher"},"content":{"rendered":"<p>La premi\u00e8re ferme \u00e0 toucher est une exp\u00e9rience sensorielle passionnante pour les jeunes enfants. \u00c0 travers neuf doubles-pages illustr\u00e9es, les enfants explorent les diff\u00e9rents aspects de la vie \u00e0 la ferme, tout en d\u00e9couvrant neuf textures magnifiques \u00e0 toucher. Des plumes douces d&rsquo;une poule au duvet moelleux d&rsquo;un agneau, chaque texture est fid\u00e8lement reproduite pour offrir une exp\u00e9rience sensorielle authentique. Cette combinaison d&rsquo;images vibrantes et de textures captivantes stimule l&rsquo;imagination et \u00e9veille les sens des enfants, offrant une aventure ludique et \u00e9ducative \u00e0 chaque page tourn\u00e9e.<\/p>\n","protected":false},"excerpt":{"rendered":"<p>cette premi\u00e8re ferme \u00e0 toucher offre une exp\u00e9rience ludique et \u00e9ducative. C&rsquo;est bien plus qu&rsquo;un simple livre ; c&rsquo;est une aventure sensorielle qui stimule l&rsquo;imagination et \u00e9veille les sens de votre enfant \u00e0 chaque page tourn\u00e9e.<\/p>\n","protected":false},"featured_media":21354,"comment_status":"open","ping_status":"closed","template":"","meta":{"inline_featured_image":false},"product_cat":[4229,3952],"product_tag":[],"class_list":{"0":"post-21353","1":"product","2":"type-product","3":"status-publish","4":"has-post-thumbnail","6":"product_cat-bibliotheque_a_moins-cher","7":"product_cat-les-livres-a-toucher-pour-bebe","9":"first","10":"instock","11":"sale","12":"shipping-taxable","13":"purchasable","14":"product-type-simple"},"_links":{"self":[{"href":"https:\/\/baralivres.ma\/index.php?rest_route=\/wp\/v2\/product\/21353","targetHints":{"allow":["GET"]}}],"collection":[{"href":"https:\/\/baralivres.ma\/index.php?rest_route=\/wp\/v2\/product"}],"about":[{"href":"https:\/\/baralivres.ma\/index.php?rest_route=\/wp\/v2\/types\/product"}],"replies":[{"embeddable":true,"href":"https:\/\/baralivres.ma\/index.php?rest_route=%2Fwp%2Fv2%2Fcomments&post=21353"}],"version-history":[{"count":2,"href":"https:\/\/baralivres.ma\/index.php?rest_route=\/wp\/v2\/product\/21353\/revisions"}],"predecessor-version":[{"id":22888,"href":"https:\/\/baralivres.ma\/index.php?rest_route=\/wp\/v2\/product\/21353\/revisions\/22888"}],"wp:featuredmedia":[{"embeddable":true,"href":"https:\/\/baralivres.ma\/index.php?rest_route=\/wp\/v2\/media\/21354"}],"wp:attachment":[{"href":"https:\/\/baralivres.ma\/index.php?rest_route=%2Fwp%2Fv2%2Fmedia&parent=21353"}],"wp:term":[{"taxonomy":"product_cat","embeddable":true,"href":"https:\/\/baralivres.ma\/index.php?rest_route=%2Fwp%2Fv2%2Fproduct_cat&post=21353"},{"taxonomy":"product_tag","embeddable":true,"href":"https:\/\/baralivres.ma\/index.php?rest_route=%2Fwp%2Fv2%2Fproduct_tag&post=21353"}],"curies":[{"name":"wp","href":"https:\/\/api.w.org\/{rel}","templated":true}]}}