{"id":21350,"date":"2024-05-01T17:28:25","date_gmt":"2024-05-01T16:28:25","guid":{"rendered":"https:\/\/baralivres.ma\/?post_type=product&#038;p=21350"},"modified":"2024-10-28T14:36:12","modified_gmt":"2024-10-28T13:36:12","slug":"pompon-lourson","status":"publish","type":"product","link":"https:\/\/baralivres.ma\/?product=pompon-lourson","title":{"rendered":"Pompon l&rsquo;ourson"},"content":{"rendered":"<p>Pompon l&rsquo;ourson offre une exp\u00e9rience de bain unique, m\u00ealant manipulation, d\u00e9couverte et plaisir, tout en stimulant l&rsquo;imagination et la cr\u00e9ativit\u00e9 des enfants. Ce coffret est non seulement un jouet, mais aussi un v\u00e9ritable outil d&rsquo;\u00e9veil et de divertissement pour les moments de d\u00e9tente \u00e0 l&rsquo;heure du bain<\/p>\n","protected":false},"excerpt":{"rendered":"<p>Un livre de bain et un jouet cracheur r\u00e9unis en un joli coffret pour se raconter des histoire sen se lavant ! Un temps du bain dans la manipulation et la bonne humeur gr\u00e2ce \u00e0 un jouet adapt\u00e9 \u00e0 l&rsquo;enfant et un livre con\u00e7u pour \u00eatre lu dans l&rsquo;eau.<\/p>\n","protected":false},"featured_media":21351,"comment_status":"open","ping_status":"closed","template":"","meta":{"inline_featured_image":false},"product_cat":[3875,201,200],"product_tag":[],"class_list":{"0":"post-21350","1":"product","2":"type-product","3":"status-publish","4":"has-post-thumbnail","6":"product_cat-coffret-francais","7":"product_cat-coffret","8":"product_cat-activites","10":"first","11":"instock","12":"shipping-taxable","13":"purchasable","14":"product-type-simple"},"_links":{"self":[{"href":"https:\/\/baralivres.ma\/index.php?rest_route=\/wp\/v2\/product\/21350","targetHints":{"allow":["GET"]}}],"collection":[{"href":"https:\/\/baralivres.ma\/index.php?rest_route=\/wp\/v2\/product"}],"about":[{"href":"https:\/\/baralivres.ma\/index.php?rest_route=\/wp\/v2\/types\/product"}],"replies":[{"embeddable":true,"href":"https:\/\/baralivres.ma\/index.php?rest_route=%2Fwp%2Fv2%2Fcomments&post=21350"}],"version-history":[{"count":1,"href":"https:\/\/baralivres.ma\/index.php?rest_route=\/wp\/v2\/product\/21350\/revisions"}],"predecessor-version":[{"id":21352,"href":"https:\/\/baralivres.ma\/index.php?rest_route=\/wp\/v2\/product\/21350\/revisions\/21352"}],"wp:featuredmedia":[{"embeddable":true,"href":"https:\/\/baralivres.ma\/index.php?rest_route=\/wp\/v2\/media\/21351"}],"wp:attachment":[{"href":"https:\/\/baralivres.ma\/index.php?rest_route=%2Fwp%2Fv2%2Fmedia&parent=21350"}],"wp:term":[{"taxonomy":"product_cat","embeddable":true,"href":"https:\/\/baralivres.ma\/index.php?rest_route=%2Fwp%2Fv2%2Fproduct_cat&post=21350"},{"taxonomy":"product_tag","embeddable":true,"href":"https:\/\/baralivres.ma\/index.php?rest_route=%2Fwp%2Fv2%2Fproduct_tag&post=21350"}],"curies":[{"name":"wp","href":"https:\/\/api.w.org\/{rel}","templated":true}]}}