{"id":21347,"date":"2024-05-01T17:18:18","date_gmt":"2024-05-01T16:18:18","guid":{"rendered":"https:\/\/baralivres.ma\/?post_type=product&#038;p=21347"},"modified":"2024-11-18T13:41:31","modified_gmt":"2024-11-18T12:41:31","slug":"gaspard-le-canard","status":"publish","type":"product","link":"https:\/\/baralivres.ma\/?product=gaspard-le-canard","title":{"rendered":"Gaspard le canard"},"content":{"rendered":"<p>Gaspard le canard est un personnage unique qui d\u00e9teste se mouiller les ailes. Malgr\u00e9 sa peur de l&rsquo;eau, il d\u00e9cide de surmonter son aversion pour aider ses amis dans une aventure passionnante \u00e0 la recherche d&rsquo;un tr\u00e9sor au fond de la mare. Cette histoire accompagne b\u00e9b\u00e9 pendant son bain et est accompagn\u00e9e d&rsquo;un jouet cracheur repr\u00e9sentant Gaspard, offrant aux enfants un moment de partage et de bonne humeur.<\/p>\n","protected":false},"excerpt":{"rendered":"<p>Une histoire pour accompagner b\u00e9b\u00e9 dans sa toilette et un jouet cracheur pour un moment de partage et de bonne humeur.<\/p>\n","protected":false},"featured_media":22236,"comment_status":"open","ping_status":"closed","template":"","meta":{"inline_featured_image":false},"product_cat":[3875,201,200],"product_tag":[],"class_list":{"0":"post-21347","1":"product","2":"type-product","3":"status-publish","4":"has-post-thumbnail","6":"product_cat-coffret-francais","7":"product_cat-coffret","8":"product_cat-activites","10":"first","11":"instock","12":"shipping-taxable","13":"purchasable","14":"product-type-simple"},"_links":{"self":[{"href":"https:\/\/baralivres.ma\/index.php?rest_route=\/wp\/v2\/product\/21347","targetHints":{"allow":["GET"]}}],"collection":[{"href":"https:\/\/baralivres.ma\/index.php?rest_route=\/wp\/v2\/product"}],"about":[{"href":"https:\/\/baralivres.ma\/index.php?rest_route=\/wp\/v2\/types\/product"}],"replies":[{"embeddable":true,"href":"https:\/\/baralivres.ma\/index.php?rest_route=%2Fwp%2Fv2%2Fcomments&post=21347"}],"version-history":[{"count":1,"href":"https:\/\/baralivres.ma\/index.php?rest_route=\/wp\/v2\/product\/21347\/revisions"}],"predecessor-version":[{"id":21349,"href":"https:\/\/baralivres.ma\/index.php?rest_route=\/wp\/v2\/product\/21347\/revisions\/21349"}],"wp:featuredmedia":[{"embeddable":true,"href":"https:\/\/baralivres.ma\/index.php?rest_route=\/wp\/v2\/media\/22236"}],"wp:attachment":[{"href":"https:\/\/baralivres.ma\/index.php?rest_route=%2Fwp%2Fv2%2Fmedia&parent=21347"}],"wp:term":[{"taxonomy":"product_cat","embeddable":true,"href":"https:\/\/baralivres.ma\/index.php?rest_route=%2Fwp%2Fv2%2Fproduct_cat&post=21347"},{"taxonomy":"product_tag","embeddable":true,"href":"https:\/\/baralivres.ma\/index.php?rest_route=%2Fwp%2Fv2%2Fproduct_tag&post=21347"}],"curies":[{"name":"wp","href":"https:\/\/api.w.org\/{rel}","templated":true}]}}