{"id":21342,"date":"2024-05-01T16:32:40","date_gmt":"2024-05-01T15:32:40","guid":{"rendered":"https:\/\/baralivres.ma\/?post_type=product&#038;p=21342"},"modified":"2024-10-29T12:58:34","modified_gmt":"2024-10-29T11:58:34","slug":"mon-premier-jeu-des-odeurs-et-des-couleurs","status":"publish","type":"product","link":"https:\/\/baralivres.ma\/?product=mon-premier-jeu-des-odeurs-et-des-couleurs","title":{"rendered":"MON PREMIER JEU DES ODEURS ET DES COULEURS"},"content":{"rendered":"<p>Mon Premier Jeu des Odeurs et des Couleurs est une exp\u00e9rience ludique sensorielle con\u00e7ue pour les enfants et les familles. Plongez dans l&rsquo;ambiance vibrante d&rsquo;un march\u00e9 color\u00e9 o\u00f9 les senteurs de fruits frais se m\u00ealent aux couleurs \u00e9clatantes des \u00e9tals. Le jeu propose des cartes de fruits associ\u00e9es \u00e0 des odeurs distinctes que les joueurs doivent identifier en frottant et en sentant. Mais attention aux fruits pourris qui peuvent contaminer votre panier ! Avec des plateaux de jeu repr\u00e9sentant les \u00e9tals du march\u00e9, les joueurs doivent fermer les \u00e9tals contenant les fruits corrects et \u00e9viter ceux qui cachent le danger. Le but est de collecter tous les fruits avant que le panier ne soit contamin\u00e9 par trois fruits pourris. Une exp\u00e9rience immersive engageant \u00e0 la fois l&rsquo;odorat et l&rsquo;observation pour des heures de plaisir en famille.<\/p>\n","protected":false},"excerpt":{"rendered":"<p>Mon Premier Jeu des Odeurs et des Couleurs\u00a0\u00bb est une aventure sensorielle captivante, parfaite pour les jeunes esprits curieux et les familles en qu\u00eate de divertissement ludique.<\/p>\n","protected":false},"featured_media":21343,"comment_status":"open","ping_status":"closed","template":"","meta":{"inline_featured_image":false},"product_cat":[3875,201,200],"product_tag":[],"class_list":{"0":"post-21342","1":"product","2":"type-product","3":"status-publish","4":"has-post-thumbnail","6":"product_cat-coffret-francais","7":"product_cat-coffret","8":"product_cat-activites","10":"first","11":"instock","12":"shipping-taxable","13":"purchasable","14":"product-type-simple"},"_links":{"self":[{"href":"https:\/\/baralivres.ma\/index.php?rest_route=\/wp\/v2\/product\/21342","targetHints":{"allow":["GET"]}}],"collection":[{"href":"https:\/\/baralivres.ma\/index.php?rest_route=\/wp\/v2\/product"}],"about":[{"href":"https:\/\/baralivres.ma\/index.php?rest_route=\/wp\/v2\/types\/product"}],"replies":[{"embeddable":true,"href":"https:\/\/baralivres.ma\/index.php?rest_route=%2Fwp%2Fv2%2Fcomments&post=21342"}],"version-history":[{"count":1,"href":"https:\/\/baralivres.ma\/index.php?rest_route=\/wp\/v2\/product\/21342\/revisions"}],"predecessor-version":[{"id":21346,"href":"https:\/\/baralivres.ma\/index.php?rest_route=\/wp\/v2\/product\/21342\/revisions\/21346"}],"wp:featuredmedia":[{"embeddable":true,"href":"https:\/\/baralivres.ma\/index.php?rest_route=\/wp\/v2\/media\/21343"}],"wp:attachment":[{"href":"https:\/\/baralivres.ma\/index.php?rest_route=%2Fwp%2Fv2%2Fmedia&parent=21342"}],"wp:term":[{"taxonomy":"product_cat","embeddable":true,"href":"https:\/\/baralivres.ma\/index.php?rest_route=%2Fwp%2Fv2%2Fproduct_cat&post=21342"},{"taxonomy":"product_tag","embeddable":true,"href":"https:\/\/baralivres.ma\/index.php?rest_route=%2Fwp%2Fv2%2Fproduct_tag&post=21342"}],"curies":[{"name":"wp","href":"https:\/\/api.w.org\/{rel}","templated":true}]}}