{"id":21335,"date":"2024-05-01T15:54:38","date_gmt":"2024-05-01T14:54:38","guid":{"rendered":"https:\/\/baralivres.ma\/?post_type=product&#038;p=21335"},"modified":"2025-02-17T12:18:01","modified_gmt":"2025-02-17T11:18:01","slug":"mes-500-tout-premiers-mots","status":"publish","type":"product","link":"https:\/\/baralivres.ma\/?product=mes-500-tout-premiers-mots","title":{"rendered":"Mes 500 tout premiers mots"},"content":{"rendered":"<p>Plongez dans un univers merveilleux de d\u00e9couverte avec \u00ab\u00a0Mes 500 Tout Premiers Mots\u00a0\u00bb, la premi\u00e8re bible de mots con\u00e7ue sp\u00e9cialement pour les b\u00e9b\u00e9s ! Ce livre charmant, \u00e9labor\u00e9 en collaboration avec l&rsquo;UNICEF, est une invitation joyeuse \u00e0 explorer le monde fascinant qui entoure nos petits explorateurs d\u00e8s l&rsquo;\u00e2ge de 12 mois.<\/p>\n<p>Dans ce livre pratique et maniable, votre b\u00e9b\u00e9 trouvera une mine de tr\u00e9sors linguistiques class\u00e9s selon des th\u00e8mes adapt\u00e9s \u00e0 leur jeune \u00e2ge. Des premiers mots essentiels qui \u00e9veillent leurs sens et leur curiosit\u00e9, organis\u00e9s avec soin autour de grands th\u00e8mes tels que le corps humain, les lieux familiers, les premi\u00e8res notions, les objets du quotidien, les animaux adorables, et les d\u00e9lices gustatifs qui font saliver !<\/p>\n<p>Cet imagier est bien plus qu&rsquo;un simple livre. C&rsquo;est une fen\u00eatre ouverte sur le monde, offrant \u00e0 votre petit explorateur la chance de d\u00e9couvrir, nommer et reconna\u00eetre les \u00e9l\u00e9ments qui composent son quotidien, tout en favorisant son d\u00e9veloppement cognitif et son acquisition du langage.<\/p>\n<p>Laissez-vous emporter dans ce voyage magique o\u00f9 chaque page est une nouvelle aventure, o\u00f9 chaque mot est une d\u00e9couverte et o\u00f9 chaque illustration \u00e9clate de couleurs vives et attrayantes, sp\u00e9cialement con\u00e7ues pour captiver l&rsquo;attention des tout-petits.<\/p>\n","protected":false},"excerpt":{"rendered":"<p>Avec \u00ab\u00a0Mes 500 Tout Premiers Mots\u00a0\u00bb, offrez \u00e0 votre b\u00e9b\u00e9 une exp\u00e9rience d&rsquo;apprentissage ludique et enrichissante qui restera grav\u00e9e dans ses souvenirs les plus pr\u00e9cieux. Un tr\u00e9sor litt\u00e9raire \u00e0 partager en famille, pour des moments de complicit\u00e9 et de bonheur partag\u00e9.<\/p>\n","protected":false},"featured_media":21336,"comment_status":"open","ping_status":"closed","template":"","meta":{"inline_featured_image":false},"product_cat":[3950,198],"product_tag":[],"class_list":{"0":"post-21335","1":"product","2":"type-product","3":"status-publish","4":"has-post-thumbnail","6":"product_cat-les-livres-cartonnes-francais","7":"product_cat-livres-animes","8":"pa_auteurs-ahrweiller-lucile","10":"first","11":"instock","12":"sale","13":"shipping-taxable","14":"purchasable","15":"product-type-simple"},"_links":{"self":[{"href":"https:\/\/baralivres.ma\/index.php?rest_route=\/wp\/v2\/product\/21335","targetHints":{"allow":["GET"]}}],"collection":[{"href":"https:\/\/baralivres.ma\/index.php?rest_route=\/wp\/v2\/product"}],"about":[{"href":"https:\/\/baralivres.ma\/index.php?rest_route=\/wp\/v2\/types\/product"}],"replies":[{"embeddable":true,"href":"https:\/\/baralivres.ma\/index.php?rest_route=%2Fwp%2Fv2%2Fcomments&post=21335"}],"version-history":[{"count":1,"href":"https:\/\/baralivres.ma\/index.php?rest_route=\/wp\/v2\/product\/21335\/revisions"}],"predecessor-version":[{"id":21337,"href":"https:\/\/baralivres.ma\/index.php?rest_route=\/wp\/v2\/product\/21335\/revisions\/21337"}],"wp:featuredmedia":[{"embeddable":true,"href":"https:\/\/baralivres.ma\/index.php?rest_route=\/wp\/v2\/media\/21336"}],"wp:attachment":[{"href":"https:\/\/baralivres.ma\/index.php?rest_route=%2Fwp%2Fv2%2Fmedia&parent=21335"}],"wp:term":[{"taxonomy":"product_cat","embeddable":true,"href":"https:\/\/baralivres.ma\/index.php?rest_route=%2Fwp%2Fv2%2Fproduct_cat&post=21335"},{"taxonomy":"product_tag","embeddable":true,"href":"https:\/\/baralivres.ma\/index.php?rest_route=%2Fwp%2Fv2%2Fproduct_tag&post=21335"}],"curies":[{"name":"wp","href":"https:\/\/api.w.org\/{rel}","templated":true}]}}