{"id":21321,"date":"2024-04-28T21:55:26","date_gmt":"2024-04-28T20:55:26","guid":{"rendered":"https:\/\/baralivres.ma\/?post_type=product&#038;p=21321"},"modified":"2024-10-28T14:44:32","modified_gmt":"2024-10-28T13:44:32","slug":"ma-chasse-au-tresor","status":"publish","type":"product","link":"https:\/\/baralivres.ma\/?product=ma-chasse-au-tresor","title":{"rendered":"Ma chasse au tr\u00e9sor"},"content":{"rendered":"<p>Ce coffret de chasse au tr\u00e9sor est con\u00e7u pour cr\u00e9er une exp\u00e9rience de jeu immersive et captivante pour les enfants et leurs amis, avec des d\u00e9fis adapt\u00e9s \u00e0 diff\u00e9rents niveaux d&rsquo;\u00e2ge et de comp\u00e9tence. Que ce soit pour un anniversaire m\u00e9morable ou une simple apr\u00e8s-midi ludique, cette chasse au tr\u00e9sor promet des souvenirs imp\u00e9rissables et des rires \u00e0 foison. Alors hissez les voiles et partez \u00e0 l&rsquo;abordage de cette aventure \u00e9pique !<\/p>\n","protected":false},"excerpt":{"rendered":"<p>e coffret de chasse au tr\u00e9sor offre bien plus qu&rsquo;une simple journ\u00e9e de jeu ; il promet une aventure immersive et excitante pour les jeunes explorateurs en herbe<\/p>\n","protected":false},"featured_media":21322,"comment_status":"open","ping_status":"closed","template":"","meta":{"inline_featured_image":false},"product_cat":[3875,201,200],"product_tag":[],"class_list":{"0":"post-21321","1":"product","2":"type-product","3":"status-publish","4":"has-post-thumbnail","6":"product_cat-coffret-francais","7":"product_cat-coffret","8":"product_cat-activites","9":"pa_auteurs-meyer-aurore","11":"first","12":"instock","13":"shipping-taxable","14":"purchasable","15":"product-type-simple"},"_links":{"self":[{"href":"https:\/\/baralivres.ma\/index.php?rest_route=\/wp\/v2\/product\/21321","targetHints":{"allow":["GET"]}}],"collection":[{"href":"https:\/\/baralivres.ma\/index.php?rest_route=\/wp\/v2\/product"}],"about":[{"href":"https:\/\/baralivres.ma\/index.php?rest_route=\/wp\/v2\/types\/product"}],"replies":[{"embeddable":true,"href":"https:\/\/baralivres.ma\/index.php?rest_route=%2Fwp%2Fv2%2Fcomments&post=21321"}],"version-history":[{"count":1,"href":"https:\/\/baralivres.ma\/index.php?rest_route=\/wp\/v2\/product\/21321\/revisions"}],"predecessor-version":[{"id":21324,"href":"https:\/\/baralivres.ma\/index.php?rest_route=\/wp\/v2\/product\/21321\/revisions\/21324"}],"wp:featuredmedia":[{"embeddable":true,"href":"https:\/\/baralivres.ma\/index.php?rest_route=\/wp\/v2\/media\/21322"}],"wp:attachment":[{"href":"https:\/\/baralivres.ma\/index.php?rest_route=%2Fwp%2Fv2%2Fmedia&parent=21321"}],"wp:term":[{"taxonomy":"product_cat","embeddable":true,"href":"https:\/\/baralivres.ma\/index.php?rest_route=%2Fwp%2Fv2%2Fproduct_cat&post=21321"},{"taxonomy":"product_tag","embeddable":true,"href":"https:\/\/baralivres.ma\/index.php?rest_route=%2Fwp%2Fv2%2Fproduct_tag&post=21321"}],"curies":[{"name":"wp","href":"https:\/\/api.w.org\/{rel}","templated":true}]}}