{"id":21315,"date":"2024-04-28T16:17:02","date_gmt":"2024-04-28T15:17:02","guid":{"rendered":"https:\/\/baralivres.ma\/?post_type=product&#038;p=21315"},"modified":"2024-10-28T14:46:33","modified_gmt":"2024-10-28T13:46:33","slug":"a-la-decouverte-de-lespace","status":"publish","type":"product","link":"https:\/\/baralivres.ma\/?product=a-la-decouverte-de-lespace","title":{"rendered":"\u00c0 la d\u00e9couverte de l&rsquo;espace"},"content":{"rendered":"<p>\u00c0 la d\u00e9couverte de l&rsquo;espace\u00a0\u00bb est un livre documentaire captivant de 64 pages, con\u00e7u pour les enfants \u00e0 partir de 5 ans. \u00c9crit par Ad\u00e8le Pedrola et illustr\u00e9 par Thomas Tessier, il offre une exploration fascinante de l&rsquo;espace. Publi\u00e9 par Auzou et commercialis\u00e9 le 22 septembre 2023, cet ouvrage est accompagn\u00e9 de plus de 30 aimants permettant aux jeunes lecteurs de s&rsquo;immerger davantage dans le sujet en les repla\u00e7ant sur un grand plateau aimant\u00e9.<\/p>\n","protected":false},"excerpt":{"rendered":"<p>La bo\u00eete comprend un livre documentaire de 64 pages pour tout savoir sur l&rsquo;espace, ainsi que + de 30 aimants \u00e0 replacer sur un grand plateau aimant\u00e9.<\/p>\n","protected":false},"featured_media":21316,"comment_status":"open","ping_status":"closed","template":"","meta":{"inline_featured_image":false},"product_cat":[3875,201,212,200],"product_tag":[],"class_list":{"0":"post-21315","1":"product","2":"type-product","3":"status-publish","4":"has-post-thumbnail","6":"product_cat-coffret-francais","7":"product_cat-coffret","8":"product_cat-puzzle","9":"product_cat-activites","11":"first","12":"instock","13":"shipping-taxable","14":"purchasable","15":"product-type-simple"},"_links":{"self":[{"href":"https:\/\/baralivres.ma\/index.php?rest_route=\/wp\/v2\/product\/21315","targetHints":{"allow":["GET"]}}],"collection":[{"href":"https:\/\/baralivres.ma\/index.php?rest_route=\/wp\/v2\/product"}],"about":[{"href":"https:\/\/baralivres.ma\/index.php?rest_route=\/wp\/v2\/types\/product"}],"replies":[{"embeddable":true,"href":"https:\/\/baralivres.ma\/index.php?rest_route=%2Fwp%2Fv2%2Fcomments&post=21315"}],"version-history":[{"count":1,"href":"https:\/\/baralivres.ma\/index.php?rest_route=\/wp\/v2\/product\/21315\/revisions"}],"predecessor-version":[{"id":21317,"href":"https:\/\/baralivres.ma\/index.php?rest_route=\/wp\/v2\/product\/21315\/revisions\/21317"}],"wp:featuredmedia":[{"embeddable":true,"href":"https:\/\/baralivres.ma\/index.php?rest_route=\/wp\/v2\/media\/21316"}],"wp:attachment":[{"href":"https:\/\/baralivres.ma\/index.php?rest_route=%2Fwp%2Fv2%2Fmedia&parent=21315"}],"wp:term":[{"taxonomy":"product_cat","embeddable":true,"href":"https:\/\/baralivres.ma\/index.php?rest_route=%2Fwp%2Fv2%2Fproduct_cat&post=21315"},{"taxonomy":"product_tag","embeddable":true,"href":"https:\/\/baralivres.ma\/index.php?rest_route=%2Fwp%2Fv2%2Fproduct_tag&post=21315"}],"curies":[{"name":"wp","href":"https:\/\/api.w.org\/{rel}","templated":true}]}}