{"id":21309,"date":"2024-04-28T15:57:44","date_gmt":"2024-04-28T14:57:44","guid":{"rendered":"https:\/\/baralivres.ma\/?post_type=product&#038;p=21309"},"modified":"2024-10-28T14:52:55","modified_gmt":"2024-10-28T13:52:55","slug":"a-la-decouverte-des-pompiers","status":"publish","type":"product","link":"https:\/\/baralivres.ma\/?product=a-la-decouverte-des-pompiers","title":{"rendered":"\u00c0 la d\u00e9couverte des pompiers"},"content":{"rendered":"<p>Le coffret \u00ab\u00a0\u00c0 la d\u00e9couverte des pompiers\u00a0\u00bb est une ressource p\u00e9dagogique et divertissante con\u00e7ue pour les enfants \u00e0 partir de 5 ans. Il comprend 80 aimants \u00e0 placer sur un plateau aimant\u00e9 interactif, offrant ainsi une exp\u00e9rience ludique. En plus de cela, il est accompagn\u00e9 d&rsquo;un livret documentaire de 64 pages, r\u00e9dig\u00e9 par les auteurs Blitman Sophie et Modeste Caroline, permettant aux enfants d&rsquo;approfondir leurs connaissances sur le sujet. Commercialis\u00e9 le 23 septembre 2022 par l&rsquo;\u00e9diteur Auzou, ce coffret reli\u00e9 de qualit\u00e9 propose une immersion captivante dans le monde des pompiers, offrant \u00e0 la fois divertissement et \u00e9ducation.<\/p>\n","protected":false},"excerpt":{"rendered":"<p>Un coffret p\u00e9dagogique et ludique pour d\u00e9couvrir les pompiers : 80 aimants \u00e0 replacer sur un plateau aimant\u00e9 \u00e0 animer, et 1 livret documentaire de 64 pages pour enrichir ses connaissances !<\/p>\n","protected":false},"featured_media":21310,"comment_status":"open","ping_status":"closed","template":"","meta":{"inline_featured_image":false},"product_cat":[3875,201,212,200],"product_tag":[],"class_list":{"0":"post-21309","1":"product","2":"type-product","3":"status-publish","4":"has-post-thumbnail","6":"product_cat-coffret-francais","7":"product_cat-coffret","8":"product_cat-puzzle","9":"product_cat-activites","10":"pa_auteurs-blitman-sophiemodeste-caroline","12":"first","13":"instock","14":"shipping-taxable","15":"purchasable","16":"product-type-simple"},"_links":{"self":[{"href":"https:\/\/baralivres.ma\/index.php?rest_route=\/wp\/v2\/product\/21309","targetHints":{"allow":["GET"]}}],"collection":[{"href":"https:\/\/baralivres.ma\/index.php?rest_route=\/wp\/v2\/product"}],"about":[{"href":"https:\/\/baralivres.ma\/index.php?rest_route=\/wp\/v2\/types\/product"}],"replies":[{"embeddable":true,"href":"https:\/\/baralivres.ma\/index.php?rest_route=%2Fwp%2Fv2%2Fcomments&post=21309"}],"version-history":[{"count":1,"href":"https:\/\/baralivres.ma\/index.php?rest_route=\/wp\/v2\/product\/21309\/revisions"}],"predecessor-version":[{"id":21311,"href":"https:\/\/baralivres.ma\/index.php?rest_route=\/wp\/v2\/product\/21309\/revisions\/21311"}],"wp:featuredmedia":[{"embeddable":true,"href":"https:\/\/baralivres.ma\/index.php?rest_route=\/wp\/v2\/media\/21310"}],"wp:attachment":[{"href":"https:\/\/baralivres.ma\/index.php?rest_route=%2Fwp%2Fv2%2Fmedia&parent=21309"}],"wp:term":[{"taxonomy":"product_cat","embeddable":true,"href":"https:\/\/baralivres.ma\/index.php?rest_route=%2Fwp%2Fv2%2Fproduct_cat&post=21309"},{"taxonomy":"product_tag","embeddable":true,"href":"https:\/\/baralivres.ma\/index.php?rest_route=%2Fwp%2Fv2%2Fproduct_tag&post=21309"}],"curies":[{"name":"wp","href":"https:\/\/api.w.org\/{rel}","templated":true}]}}