{"id":21299,"date":"2024-04-26T16:15:43","date_gmt":"2024-04-26T15:15:43","guid":{"rendered":"https:\/\/baralivres.ma\/?post_type=product&#038;p=21299"},"modified":"2024-11-28T17:36:15","modified_gmt":"2024-11-28T16:36:15","slug":"la-ronde-des-saisons-tome-1-2","status":"publish","type":"product","link":"https:\/\/baralivres.ma\/?product=la-ronde-des-saisons-tome-1-2","title":{"rendered":"La ronde des saisons Tome 1 &amp; 2"},"content":{"rendered":"<p>a Ronde des Saisons\u00a0\u00bb est une s\u00e9rie de romans historiques \u00e9crits par Lisa Kleypas. Les deux premiers tomes de la s\u00e9rie sont :<\/p>\n<ol>\n<li>\u00ab\u00a0Un diable en hiver\u00a0\u00bb (Tome 1) : Ce roman raconte l&rsquo;histoire d&rsquo;Evie Jenner, une jeune femme timide et r\u00e9serv\u00e9e, qui se retrouve dans une situation financi\u00e8re difficile apr\u00e8s la mort de son p\u00e8re. Pour sauver sa famille de la ruine, elle conclut un accord avec Sebastian, Lord St. Vincent, un libertin notoire, pour un mariage de convenance. Mais au fil du temps, leur relation \u00e9volue de mani\u00e8re inattendue alors qu&rsquo;ils d\u00e9couvrent des aspects inattendus l&rsquo;un de l&rsquo;autre.<\/li>\n<li>\u00ab\u00a0La tentation d&rsquo;un soir\u00a0\u00bb (Tome 2) : Ce livre met en sc\u00e8ne Annabelle Peyton, une jeune femme de la haute soci\u00e9t\u00e9 anglaise qui cherche \u00e0 \u00e9pouser un homme riche pour \u00e9chapper \u00e0 la pauvret\u00e9 de sa famille. Lorsqu&rsquo;elle rencontre Simon Hunt, un homme d&rsquo;affaires am\u00e9ricain aux origines modestes mais \u00e0 la richesse consid\u00e9rable, elle est attir\u00e9e par sa force et sa d\u00e9termination. Mais leur amour est mis \u00e0 l&rsquo;\u00e9preuve par les conventions sociales et les secrets du pass\u00e9 de Simon.<\/li>\n<\/ol>\n","protected":false},"excerpt":{"rendered":"<p>La Ronde des Saisons\u00a0\u00bb offre une lecture envo\u00fbtante pour ceux qui aiment les romans historiques pleins de passion, d&rsquo;intrigue et de rebondissements.<\/p>\n","protected":false},"featured_media":21300,"comment_status":"open","ping_status":"closed","template":"","meta":{"inline_featured_image":false},"product_cat":[3873,143],"product_tag":[],"class_list":{"0":"post-21299","1":"product","2":"type-product","3":"status-publish","4":"has-post-thumbnail","6":"product_cat-roman-en-francais","7":"product_cat-roman","8":"pa_auteurs-lisa-kleypas","10":"first","11":"instock","12":"shipping-taxable","13":"purchasable","14":"product-type-simple"},"_links":{"self":[{"href":"https:\/\/baralivres.ma\/index.php?rest_route=\/wp\/v2\/product\/21299","targetHints":{"allow":["GET"]}}],"collection":[{"href":"https:\/\/baralivres.ma\/index.php?rest_route=\/wp\/v2\/product"}],"about":[{"href":"https:\/\/baralivres.ma\/index.php?rest_route=\/wp\/v2\/types\/product"}],"replies":[{"embeddable":true,"href":"https:\/\/baralivres.ma\/index.php?rest_route=%2Fwp%2Fv2%2Fcomments&post=21299"}],"version-history":[{"count":1,"href":"https:\/\/baralivres.ma\/index.php?rest_route=\/wp\/v2\/product\/21299\/revisions"}],"predecessor-version":[{"id":21301,"href":"https:\/\/baralivres.ma\/index.php?rest_route=\/wp\/v2\/product\/21299\/revisions\/21301"}],"wp:featuredmedia":[{"embeddable":true,"href":"https:\/\/baralivres.ma\/index.php?rest_route=\/wp\/v2\/media\/21300"}],"wp:attachment":[{"href":"https:\/\/baralivres.ma\/index.php?rest_route=%2Fwp%2Fv2%2Fmedia&parent=21299"}],"wp:term":[{"taxonomy":"product_cat","embeddable":true,"href":"https:\/\/baralivres.ma\/index.php?rest_route=%2Fwp%2Fv2%2Fproduct_cat&post=21299"},{"taxonomy":"product_tag","embeddable":true,"href":"https:\/\/baralivres.ma\/index.php?rest_route=%2Fwp%2Fv2%2Fproduct_tag&post=21299"}],"curies":[{"name":"wp","href":"https:\/\/api.w.org\/{rel}","templated":true}]}}