{"id":21296,"date":"2024-04-26T16:03:20","date_gmt":"2024-04-26T15:03:20","guid":{"rendered":"https:\/\/baralivres.ma\/?post_type=product&#038;p=21296"},"modified":"2025-02-20T09:44:15","modified_gmt":"2025-02-20T08:44:15","slug":"mohammed-prophete-de-lislam","status":"publish","type":"product","link":"https:\/\/baralivres.ma\/?product=mohammed-prophete-de-lislam","title":{"rendered":"Mohammed proph\u00e8te de l&rsquo;Islam"},"content":{"rendered":"<p>Muhammad, Proph\u00e8te de l&rsquo;Islam\u00a0\u00bb de Malek Chebel est une biographie compl\u00e8te et accessible qui explore la vie de Muhammad, de sa naissance \u00e0 La Mecque \u00e0 sa mort \u00e0 M\u00e9dine. L&rsquo;auteur examine ses enseignements, son impact sur l&rsquo;islam et son influence continue sur la culture musulmane. C&rsquo;est une ressource pr\u00e9cieuse pour ceux qui cherchent \u00e0 comprendre la figure centrale de l&rsquo;islam.<\/p>\n<p>&nbsp;<\/p>\n","protected":false},"excerpt":{"rendered":"<div class=\"w-full text-token-text-primary\" dir=\"auto\" data-testid=\"conversation-turn-3\">\n<div class=\"px-4 py-2 justify-center text-base md:gap-6 m-auto\">\n<div class=\"flex flex-1 text-base mx-auto gap-3 juice:gap-4 juice:md:gap-6 md:px-5 lg:px-1 xl:px-5 md:max-w-3xl lg:max-w-[40rem] xl:max-w-[48rem]\">\n<div class=\"relative flex w-full min-w-0 flex-col agent-turn\">\n<div class=\"flex-col gap-1 md:gap-3\">\n<div class=\"flex flex-grow flex-col max-w-full\">\n<div class=\"min-h-[20px] text-message flex flex-col items-start gap-3 whitespace-pre-wrap break-words [.text-message+&amp;]:mt-5 overflow-x-auto\" dir=\"auto\" data-message-author-role=\"assistant\" data-message-id=\"3f9cbefb-db30-4808-a02e-562c04dee01c\">\n<div class=\"markdown prose w-full break-words dark:prose-invert light\">\n<p>Dans ce livre, Chebel pr\u00e9sente la vie de Muhammad depuis sa naissance \u00e0 La Mecque jusqu&rsquo;\u00e0 sa mort \u00e0 M\u00e9dine, en explorant son parcours spirituel, ses enseignements et son impact sur l&rsquo;histoire et la culture du monde islamique. Il examine les \u00e9v\u00e9nements cl\u00e9s de la vie de Muhammad, tels que sa r\u00e9ception de la r\u00e9v\u00e9lation divine, sa pr\u00e9dication \u00e0 La Mecque, sa migration \u00e0 M\u00e9dine et l&rsquo;\u00e9tablissement de la premi\u00e8re communaut\u00e9 musulmane.<\/p>\n<\/div>\n<\/div>\n<\/div>\n<div class=\"mt-1 flex gap-3 empty:hidden\">\n<div class=\"text-gray-400 flex self-end lg:self-center items-center justify-center lg:justify-start mt-0 -ml-1 h-7 gap-[2px] visible\"><button class=\"flex items-center gap-1.5 rounded-md p-1 text-xs text-token-text-tertiary hover:text-token-text-primary\"><\/button><button class=\"flex items-center gap-1.5 rounded-md p-1 text-xs text-token-text-tertiary hover:text-token-text-primary\"><\/button><\/p>\n<div class=\"flex items-center gap-1.5 text-xs\"><\/div>\n<div class=\"flex\"><\/div>\n<\/div>\n<\/div>\n<div class=\"pr-2 lg:pr-0\"><\/div>\n<\/div>\n<div class=\"absolute\">\n<div class=\"flex w-full gap-2 items-center justify-center\"><\/div>\n<\/div>\n<\/div>\n<\/div>\n<\/div>\n<\/div>\n<div class=\"mx-auto\">\n<div>\n<div class=\"mx-auto mt-2 inline-flex rounded-xl border border-gray-100 dark:border-gray-700\"><\/div>\n<\/div>\n<\/div>\n","protected":false},"featured_media":21297,"comment_status":"open","ping_status":"closed","template":"","meta":{"inline_featured_image":false},"product_cat":[3725,3862,4214],"product_tag":[],"class_list":{"0":"post-21296","1":"product","2":"type-product","3":"status-publish","4":"has-post-thumbnail","6":"product_cat-litterature-religieuse","7":"product_cat-spiritualite","8":"product_cat-voyage-spirituel-pendant-le-ramadan","9":"pa_auteurs-malek-chebel","11":"first","12":"instock","13":"shipping-taxable","14":"purchasable","15":"product-type-simple"},"_links":{"self":[{"href":"https:\/\/baralivres.ma\/index.php?rest_route=\/wp\/v2\/product\/21296","targetHints":{"allow":["GET"]}}],"collection":[{"href":"https:\/\/baralivres.ma\/index.php?rest_route=\/wp\/v2\/product"}],"about":[{"href":"https:\/\/baralivres.ma\/index.php?rest_route=\/wp\/v2\/types\/product"}],"replies":[{"embeddable":true,"href":"https:\/\/baralivres.ma\/index.php?rest_route=%2Fwp%2Fv2%2Fcomments&post=21296"}],"version-history":[{"count":1,"href":"https:\/\/baralivres.ma\/index.php?rest_route=\/wp\/v2\/product\/21296\/revisions"}],"predecessor-version":[{"id":21298,"href":"https:\/\/baralivres.ma\/index.php?rest_route=\/wp\/v2\/product\/21296\/revisions\/21298"}],"wp:featuredmedia":[{"embeddable":true,"href":"https:\/\/baralivres.ma\/index.php?rest_route=\/wp\/v2\/media\/21297"}],"wp:attachment":[{"href":"https:\/\/baralivres.ma\/index.php?rest_route=%2Fwp%2Fv2%2Fmedia&parent=21296"}],"wp:term":[{"taxonomy":"product_cat","embeddable":true,"href":"https:\/\/baralivres.ma\/index.php?rest_route=%2Fwp%2Fv2%2Fproduct_cat&post=21296"},{"taxonomy":"product_tag","embeddable":true,"href":"https:\/\/baralivres.ma\/index.php?rest_route=%2Fwp%2Fv2%2Fproduct_tag&post=21296"}],"curies":[{"name":"wp","href":"https:\/\/api.w.org\/{rel}","templated":true}]}}