{"id":21293,"date":"2024-04-26T15:49:03","date_gmt":"2024-04-26T14:49:03","guid":{"rendered":"https:\/\/baralivres.ma\/?post_type=product&#038;p=21293"},"modified":"2025-02-20T12:11:44","modified_gmt":"2025-02-20T11:11:44","slug":"lislam-en-100-questions","status":"publish","type":"product","link":"https:\/\/baralivres.ma\/?product=lislam-en-100-questions","title":{"rendered":"L&rsquo;Islam en 100 questions"},"content":{"rendered":"<p>L&rsquo;Islam en 100 questions\u00a0\u00bb de Malek Chebel offre une exploration concise et accessible des divers aspects de l&rsquo;Islam, couvrant des sujets allant des croyances fondamentales aux pratiques quotidiennes, en passant par l&rsquo;histoire et la culture islamiques. Chaque question est trait\u00e9e de mani\u00e8re claire et informative, offrant aux lecteurs une vue d&rsquo;ensemble compl\u00e8te de cette religion complexe.<\/p>\n","protected":false},"excerpt":{"rendered":"<p>L&rsquo;Islam en 100 questions\u00a0\u00bb de Malek Chebel offre une exploration concise et accessible des divers aspects de l&rsquo;Islam, couvrant des sujets allant des croyances fondamentales aux pratiques quotidiennes, en passant par l&rsquo;histoire et la culture islamiques. Chaque question est trait\u00e9e de mani\u00e8re claire et informative, offrant aux lecteurs une vue d&rsquo;ensemble compl\u00e8te de cette religion [&hellip;]<\/p>\n","protected":false},"featured_media":21294,"comment_status":"open","ping_status":"closed","template":"","meta":{"inline_featured_image":false},"product_cat":[3725,3862,4214],"product_tag":[],"class_list":{"0":"post-21293","1":"product","2":"type-product","3":"status-publish","4":"has-post-thumbnail","6":"product_cat-litterature-religieuse","7":"product_cat-spiritualite","8":"product_cat-voyage-spirituel-pendant-le-ramadan","9":"pa_auteurs-malek-chebel","11":"first","12":"instock","13":"shipping-taxable","14":"purchasable","15":"product-type-simple"},"_links":{"self":[{"href":"https:\/\/baralivres.ma\/index.php?rest_route=\/wp\/v2\/product\/21293","targetHints":{"allow":["GET"]}}],"collection":[{"href":"https:\/\/baralivres.ma\/index.php?rest_route=\/wp\/v2\/product"}],"about":[{"href":"https:\/\/baralivres.ma\/index.php?rest_route=\/wp\/v2\/types\/product"}],"replies":[{"embeddable":true,"href":"https:\/\/baralivres.ma\/index.php?rest_route=%2Fwp%2Fv2%2Fcomments&post=21293"}],"version-history":[{"count":1,"href":"https:\/\/baralivres.ma\/index.php?rest_route=\/wp\/v2\/product\/21293\/revisions"}],"predecessor-version":[{"id":21295,"href":"https:\/\/baralivres.ma\/index.php?rest_route=\/wp\/v2\/product\/21293\/revisions\/21295"}],"wp:featuredmedia":[{"embeddable":true,"href":"https:\/\/baralivres.ma\/index.php?rest_route=\/wp\/v2\/media\/21294"}],"wp:attachment":[{"href":"https:\/\/baralivres.ma\/index.php?rest_route=%2Fwp%2Fv2%2Fmedia&parent=21293"}],"wp:term":[{"taxonomy":"product_cat","embeddable":true,"href":"https:\/\/baralivres.ma\/index.php?rest_route=%2Fwp%2Fv2%2Fproduct_cat&post=21293"},{"taxonomy":"product_tag","embeddable":true,"href":"https:\/\/baralivres.ma\/index.php?rest_route=%2Fwp%2Fv2%2Fproduct_tag&post=21293"}],"curies":[{"name":"wp","href":"https:\/\/api.w.org\/{rel}","templated":true}]}}