{"id":21290,"date":"2024-04-26T15:36:35","date_gmt":"2024-04-26T14:36:35","guid":{"rendered":"https:\/\/baralivres.ma\/?post_type=product&#038;p=21290"},"modified":"2024-11-28T17:37:50","modified_gmt":"2024-11-28T16:37:50","slug":"le-maroc-en-100-questions-un-royaume-de-paradoxes","status":"publish","type":"product","link":"https:\/\/baralivres.ma\/?product=le-maroc-en-100-questions-un-royaume-de-paradoxes","title":{"rendered":"Le Maroc en 100 questions &#8211; Un royaume de paradoxes"},"content":{"rendered":"<p>Le Maroc en 100 questions &#8211; Un royaume de paradoxes\u00a0\u00bb de Pierre Vermeren est un livre qui explore divers aspects de l&rsquo;histoire, de la soci\u00e9t\u00e9, de la culture et de la politique du Maroc \u00e0 travers une s\u00e9rie de questions et de r\u00e9ponses. L&rsquo;auteur, Pierre Vermeren, est un historien sp\u00e9cialiste du Maghreb, et dans cet ouvrage, il offre un regard approfondi sur ce pays complexe et fascinant.<\/p>\n<p>L&rsquo;approche en questions et r\u00e9ponses permet une exploration concise et accessible de sujets vari\u00e9s concernant le Maroc. Les questions abord\u00e9es touchent \u00e0 des th\u00e8mes aussi divers que l&rsquo;histoire ancienne et moderne du pays, sa g\u00e9ographie, sa politique int\u00e9rieure et ext\u00e9rieure, sa culture, sa soci\u00e9t\u00e9, son \u00e9conomie, ses relations avec le reste du monde, et bien plus encore.<\/p>\n<p>\u00c0 travers cette structure, le lecteur peut obtenir une vue d&rsquo;ensemble compl\u00e8te et nuanc\u00e9e du Maroc, tout en approfondissant sa compr\u00e9hension des multiples facettes de ce royaume nord-africain. Le livre met en lumi\u00e8re les paradoxes et les complexit\u00e9s qui caract\u00e9risent le Maroc, offrant ainsi une r\u00e9flexion profonde sur les d\u00e9fis et les opportunit\u00e9s auxquels le pays est confront\u00e9 dans son d\u00e9veloppement et son \u00e9volution.<\/p>\n<p>&nbsp;<\/p>\n<p>&nbsp;<\/p>\n","protected":false},"excerpt":{"rendered":"<div class=\"w-full text-token-text-primary\" dir=\"auto\" data-testid=\"conversation-turn-3\">\n<div class=\"px-4 py-2 justify-center text-base md:gap-6 m-auto\">\n<div class=\"flex flex-1 text-base mx-auto gap-3 juice:gap-4 juice:md:gap-6 md:px-5 lg:px-1 xl:px-5 md:max-w-3xl lg:max-w-[40rem] xl:max-w-[48rem]\">\n<div class=\"relative flex w-full min-w-0 flex-col agent-turn\">\n<div class=\"flex-col gap-1 md:gap-3\">\n<div class=\"flex flex-grow flex-col max-w-full\">\n<div class=\"min-h-[20px] text-message flex flex-col items-start gap-3 whitespace-pre-wrap break-words [.text-message+&amp;]:mt-5 overflow-x-auto\" dir=\"auto\" data-message-author-role=\"assistant\" data-message-id=\"33855c6f-908f-4696-a32d-77e50f620313\">\n<div class=\"markdown prose w-full break-words dark:prose-invert light\">\n<p>Le Maroc en 100 questions &#8211; Un royaume de paradoxes\u00a0\u00bb est un ouvrage informatif et instructif qui convient aussi bien aux lecteurs curieux de d\u00e9couvrir le Maroc qu&rsquo;\u00e0 ceux qui souhaitent approfondir leur connaissance de ce pays.<\/p>\n<\/div>\n<\/div>\n<\/div>\n<div class=\"mt-1 flex gap-3 empty:hidden\">\n<div class=\"text-gray-400 flex self-end lg:self-center items-center justify-center lg:justify-start mt-0 -ml-1 h-7 gap-[2px] visible\"><button class=\"flex items-center gap-1.5 rounded-md p-1 text-xs text-token-text-tertiary hover:text-token-text-primary\"><\/button><button class=\"flex items-center gap-1.5 rounded-md p-1 text-xs text-token-text-tertiary hover:text-token-text-primary\"><\/button><\/p>\n<div class=\"flex items-center gap-1.5 text-xs\"><\/div>\n<div class=\"flex\"><\/div>\n<\/div>\n<\/div>\n<div class=\"pr-2 lg:pr-0\"><\/div>\n<\/div>\n<div class=\"absolute\">\n<div class=\"flex w-full gap-2 items-center justify-center\"><\/div>\n<\/div>\n<\/div>\n<\/div>\n<\/div>\n<\/div>\n<div class=\"mx-auto\">\n<div>\n<div class=\"mx-auto mt-2 inline-flex rounded-xl border border-gray-100 dark:border-gray-700\"><\/div>\n<\/div>\n<\/div>\n","protected":false},"featured_media":21291,"comment_status":"open","ping_status":"closed","template":"","meta":{"inline_featured_image":false},"product_cat":[3720],"product_tag":[],"class_list":{"0":"post-21290","1":"product","2":"type-product","3":"status-publish","4":"has-post-thumbnail","6":"product_cat-litterature","7":"pa_auteurs-pierre-vermeren","9":"first","10":"instock","11":"shipping-taxable","12":"purchasable","13":"product-type-simple"},"_links":{"self":[{"href":"https:\/\/baralivres.ma\/index.php?rest_route=\/wp\/v2\/product\/21290","targetHints":{"allow":["GET"]}}],"collection":[{"href":"https:\/\/baralivres.ma\/index.php?rest_route=\/wp\/v2\/product"}],"about":[{"href":"https:\/\/baralivres.ma\/index.php?rest_route=\/wp\/v2\/types\/product"}],"replies":[{"embeddable":true,"href":"https:\/\/baralivres.ma\/index.php?rest_route=%2Fwp%2Fv2%2Fcomments&post=21290"}],"version-history":[{"count":1,"href":"https:\/\/baralivres.ma\/index.php?rest_route=\/wp\/v2\/product\/21290\/revisions"}],"predecessor-version":[{"id":21292,"href":"https:\/\/baralivres.ma\/index.php?rest_route=\/wp\/v2\/product\/21290\/revisions\/21292"}],"wp:featuredmedia":[{"embeddable":true,"href":"https:\/\/baralivres.ma\/index.php?rest_route=\/wp\/v2\/media\/21291"}],"wp:attachment":[{"href":"https:\/\/baralivres.ma\/index.php?rest_route=%2Fwp%2Fv2%2Fmedia&parent=21290"}],"wp:term":[{"taxonomy":"product_cat","embeddable":true,"href":"https:\/\/baralivres.ma\/index.php?rest_route=%2Fwp%2Fv2%2Fproduct_cat&post=21290"},{"taxonomy":"product_tag","embeddable":true,"href":"https:\/\/baralivres.ma\/index.php?rest_route=%2Fwp%2Fv2%2Fproduct_tag&post=21290"}],"curies":[{"name":"wp","href":"https:\/\/api.w.org\/{rel}","templated":true}]}}