{"id":21277,"date":"2024-04-26T10:52:51","date_gmt":"2024-04-26T09:52:51","guid":{"rendered":"https:\/\/baralivres.ma\/?post_type=product&#038;p=21277"},"modified":"2025-02-20T09:45:09","modified_gmt":"2025-02-20T08:45:09","slug":"la-bourda-le-poeme-a-la-gloire-du-prophete-muhammad","status":"publish","type":"product","link":"https:\/\/baralivres.ma\/?product=la-bourda-le-poeme-a-la-gloire-du-prophete-muhammad","title":{"rendered":"La Bourda &#8211; Le po\u00e8me \u00e0 la gloire du Proph\u00e8te Muhammad"},"content":{"rendered":"<p>\u00ab\u00a0La Bourda\u00a0\u00bb, \u00e9galement connu sous le nom de \u00ab\u00a0Qasida Burda\u00a0\u00bb, est un po\u00e8me \u00e9crit en l&rsquo;honneur du Proph\u00e8te Muhammad, paix et b\u00e9n\u00e9dictions soient sur lui, par le po\u00e8te soufi Imam al-Busiri. Cette \u0153uvre est l&rsquo;une des expressions les plus c\u00e9l\u00e8bres de l&rsquo;amour et de la v\u00e9n\u00e9ration envers le Proph\u00e8te dans la tradition islamique.<\/p>\n<p>Le po\u00e8me tire son nom de \u00ab\u00a0Burda\u00a0\u00bb, qui signifie \u00ab\u00a0manteau\u00a0\u00bb ou \u00ab\u00a0v\u00eatement\u00a0\u00bb en arabe, faisant r\u00e9f\u00e9rence \u00e0 une l\u00e9gende selon laquelle al-Busiri, qui souffrait de paralysie, aurait \u00e9t\u00e9 gu\u00e9ri apr\u00e8s avoir couvert son corps avec un v\u00eatement (burda) envoy\u00e9 par le Proph\u00e8te dans un r\u00eave. Gr\u00e2ce \u00e0 cette gu\u00e9rison miraculeuse, il a \u00e9crit ce po\u00e8me pour exprimer sa gratitude et son amour envers le Proph\u00e8te.<\/p>\n<p>La \u00ab\u00a0Bourda\u00a0\u00bb est compos\u00e9e de plusieurs strophes, chacune louant diff\u00e9rentes vertus et qualit\u00e9s du Proph\u00e8te, de sa beaut\u00e9 physique \u00e0 sa moralit\u00e9 exemplaire, en passant par sa mission proph\u00e9tique et son r\u00f4le de guide pour l&rsquo;humanit\u00e9. Le po\u00e8me est impr\u00e9gn\u00e9 de sentiments d&rsquo;amour, de d\u00e9votion et d&rsquo;admiration, et il est souvent r\u00e9cit\u00e9 dans les c\u00e9l\u00e9brations religieuses et les cercles de dhikr (rappel de Dieu) \u00e0 travers le monde musulman.<\/p>\n","protected":false},"excerpt":{"rendered":"<div class=\"w-full text-token-text-primary\" dir=\"auto\" data-testid=\"conversation-turn-3\">\n<div class=\"px-4 py-2 justify-center text-base md:gap-6 m-auto\">\n<div class=\"flex flex-1 text-base mx-auto gap-3 juice:gap-4 juice:md:gap-6 md:px-5 lg:px-1 xl:px-5 md:max-w-3xl lg:max-w-[40rem] xl:max-w-[48rem]\">\n<div class=\"relative flex w-full min-w-0 flex-col agent-turn\">\n<div class=\"flex-col gap-1 md:gap-3\">\n<div class=\"flex flex-grow flex-col max-w-full\">\n<div class=\"min-h-[20px] text-message flex flex-col items-start gap-3 whitespace-pre-wrap break-words [.text-message+&amp;]:mt-5 overflow-x-auto\" dir=\"auto\" data-message-author-role=\"assistant\" data-message-id=\"9dd489df-445e-4989-bdfa-4b21420b5933\">\n<div class=\"markdown prose w-full break-words dark:prose-invert light\">\n<p>\u00ab\u00a0La Bourda\u00a0\u00bb est non seulement un hommage po\u00e9tique au Proph\u00e8te Muhammad, mais elle est \u00e9galement consid\u00e9r\u00e9e comme une source d&rsquo;inspiration spirituelle pour les croyants, les incitant \u00e0 suivre les enseignements et l&rsquo;exemple du Proph\u00e8te dans leur vie quotidienne. Elle a \u00e9t\u00e9 traduite dans de nombreuses langues et reste une \u0153uvre v\u00e9n\u00e9r\u00e9e par les musulmans du monde entier.<\/p>\n<\/div>\n<\/div>\n<\/div>\n<div class=\"mt-1 flex gap-3 empty:hidden\">\n<div class=\"text-gray-400 flex self-end lg:self-center items-center justify-center lg:justify-start mt-0 -ml-1 h-7 gap-[2px] visible\"><button class=\"flex items-center gap-1.5 rounded-md p-1 text-xs text-token-text-tertiary hover:text-token-text-primary\"><\/button><button class=\"flex items-center gap-1.5 rounded-md p-1 text-xs text-token-text-tertiary hover:text-token-text-primary\"><\/button><\/p>\n<div class=\"flex items-center gap-1.5 text-xs\"><\/div>\n<div class=\"flex\"><\/div>\n<\/div>\n<\/div>\n<div class=\"pr-2 lg:pr-0\"><\/div>\n<\/div>\n<div class=\"absolute\">\n<div class=\"flex w-full gap-2 items-center justify-center\"><\/div>\n<\/div>\n<\/div>\n<\/div>\n<\/div>\n<\/div>\n<div class=\"mx-auto\">\n<div>\n<div class=\"mx-auto mt-2 inline-flex rounded-xl border border-gray-100 dark:border-gray-700\"><\/div>\n<\/div>\n<\/div>\n","protected":false},"featured_media":21278,"comment_status":"open","ping_status":"closed","template":"","meta":{"inline_featured_image":false},"product_cat":[3725,3862,4214],"product_tag":[],"class_list":{"0":"post-21277","1":"product","2":"type-product","3":"status-publish","4":"has-post-thumbnail","6":"product_cat-litterature-religieuse","7":"product_cat-spiritualite","8":"product_cat-voyage-spirituel-pendant-le-ramadan","10":"first","11":"instock","12":"shipping-taxable","13":"purchasable","14":"product-type-simple"},"_links":{"self":[{"href":"https:\/\/baralivres.ma\/index.php?rest_route=\/wp\/v2\/product\/21277","targetHints":{"allow":["GET"]}}],"collection":[{"href":"https:\/\/baralivres.ma\/index.php?rest_route=\/wp\/v2\/product"}],"about":[{"href":"https:\/\/baralivres.ma\/index.php?rest_route=\/wp\/v2\/types\/product"}],"replies":[{"embeddable":true,"href":"https:\/\/baralivres.ma\/index.php?rest_route=%2Fwp%2Fv2%2Fcomments&post=21277"}],"version-history":[{"count":2,"href":"https:\/\/baralivres.ma\/index.php?rest_route=\/wp\/v2\/product\/21277\/revisions"}],"predecessor-version":[{"id":21281,"href":"https:\/\/baralivres.ma\/index.php?rest_route=\/wp\/v2\/product\/21277\/revisions\/21281"}],"wp:featuredmedia":[{"embeddable":true,"href":"https:\/\/baralivres.ma\/index.php?rest_route=\/wp\/v2\/media\/21278"}],"wp:attachment":[{"href":"https:\/\/baralivres.ma\/index.php?rest_route=%2Fwp%2Fv2%2Fmedia&parent=21277"}],"wp:term":[{"taxonomy":"product_cat","embeddable":true,"href":"https:\/\/baralivres.ma\/index.php?rest_route=%2Fwp%2Fv2%2Fproduct_cat&post=21277"},{"taxonomy":"product_tag","embeddable":true,"href":"https:\/\/baralivres.ma\/index.php?rest_route=%2Fwp%2Fv2%2Fproduct_tag&post=21277"}],"curies":[{"name":"wp","href":"https:\/\/api.w.org\/{rel}","templated":true}]}}