{"id":21274,"date":"2024-04-26T10:33:44","date_gmt":"2024-04-26T09:33:44","guid":{"rendered":"https:\/\/baralivres.ma\/?post_type=product&#038;p=21274"},"modified":"2024-11-27T15:54:57","modified_gmt":"2024-11-27T14:54:57","slug":"dictionnaire-amoureux-du-maroc","status":"publish","type":"product","link":"https:\/\/baralivres.ma\/?product=dictionnaire-amoureux-du-maroc","title":{"rendered":"Dictionnaire amoureux du Maroc"},"content":{"rendered":"<p>Le \u00ab\u00a0Dictionnaire amoureux du Maroc\u00a0\u00bb de Tahar Ben Jelloun est un ouvrage qui c\u00e9l\u00e8bre l&rsquo;amour et la fascination de l&rsquo;auteur pour son pays d&rsquo;origine, le Maroc. Contrairement \u00e0 un dictionnaire traditionnel, cet ouvrage se pr\u00e9sente comme une collection d&rsquo;entr\u00e9es alphab\u00e9tiques, chacune explorant un aspect diff\u00e9rent de la culture, de l&rsquo;histoire, de la g\u00e9ographie, de la soci\u00e9t\u00e9 et des traditions marocaines.<\/p>\n<p>\u00c0 travers ses entr\u00e9es, Tahar Ben Jelloun offre une vision personnelle et po\u00e9tique de son pays, m\u00ealant souvenirs d&rsquo;enfance, r\u00e9flexions personnelles, anecdotes historiques et observations contemporaines. L&rsquo;ouvrage est impr\u00e9gn\u00e9 de l&rsquo;amour profond de l&rsquo;auteur pour le Maroc, mais il n&rsquo;\u00e9lude pas pour autant les aspects plus sombres ou controvers\u00e9s de son histoire et de sa soci\u00e9t\u00e9.<\/p>\n<p>Chaque entr\u00e9e du dictionnaire est comme une petite fen\u00eatre ouverte sur un aspect particulier de la vie marocaine, que ce soit la cuisine, la litt\u00e9rature, la musique, l&rsquo;architecture, la religion, les paysages, les coutumes ou les personnages embl\u00e9matiques. \u00c0 travers ces fragments, le lecteur est invit\u00e9 \u00e0 d\u00e9couvrir la richesse et la diversit\u00e9 de cette culture fascinante.<\/p>\n<p>L&rsquo;\u00e9criture de Tahar Ben Jelloun est caract\u00e9ris\u00e9e par sa sensibilit\u00e9, sa finesse et sa profondeur. Il parvient \u00e0 capturer l&rsquo;essence m\u00eame du Maroc, \u00e0 travers ses couleurs, ses odeurs, ses saveurs et ses sons, tout en offrant une r\u00e9flexion nuanc\u00e9e sur son \u00e9volution et ses d\u00e9fis contemporains.<\/p>\n","protected":false},"excerpt":{"rendered":"<p>En r\u00e9sum\u00e9, le \u00ab\u00a0Dictionnaire amoureux du Maroc\u00a0\u00bb de Tahar Ben Jelloun est bien plus qu&rsquo;un simple recueil de mots et de d\u00e9finitions. C&rsquo;est un hommage passionn\u00e9 \u00e0 un pays et \u00e0 un peuple, vu \u00e0 travers les yeux d&rsquo;un \u00e9crivain amoureux de sa terre natale.<\/p>\n","protected":false},"featured_media":21275,"comment_status":"open","ping_status":"closed","template":"","meta":{"inline_featured_image":false},"product_cat":[3720],"product_tag":[],"class_list":{"0":"post-21274","1":"product","2":"type-product","3":"status-publish","4":"has-post-thumbnail","6":"product_cat-litterature","7":"pa_auteurs-tahar-ben-jelloun","9":"first","10":"instock","11":"shipping-taxable","12":"purchasable","13":"product-type-simple"},"_links":{"self":[{"href":"https:\/\/baralivres.ma\/index.php?rest_route=\/wp\/v2\/product\/21274","targetHints":{"allow":["GET"]}}],"collection":[{"href":"https:\/\/baralivres.ma\/index.php?rest_route=\/wp\/v2\/product"}],"about":[{"href":"https:\/\/baralivres.ma\/index.php?rest_route=\/wp\/v2\/types\/product"}],"replies":[{"embeddable":true,"href":"https:\/\/baralivres.ma\/index.php?rest_route=%2Fwp%2Fv2%2Fcomments&post=21274"}],"version-history":[{"count":1,"href":"https:\/\/baralivres.ma\/index.php?rest_route=\/wp\/v2\/product\/21274\/revisions"}],"predecessor-version":[{"id":21276,"href":"https:\/\/baralivres.ma\/index.php?rest_route=\/wp\/v2\/product\/21274\/revisions\/21276"}],"wp:featuredmedia":[{"embeddable":true,"href":"https:\/\/baralivres.ma\/index.php?rest_route=\/wp\/v2\/media\/21275"}],"wp:attachment":[{"href":"https:\/\/baralivres.ma\/index.php?rest_route=%2Fwp%2Fv2%2Fmedia&parent=21274"}],"wp:term":[{"taxonomy":"product_cat","embeddable":true,"href":"https:\/\/baralivres.ma\/index.php?rest_route=%2Fwp%2Fv2%2Fproduct_cat&post=21274"},{"taxonomy":"product_tag","embeddable":true,"href":"https:\/\/baralivres.ma\/index.php?rest_route=%2Fwp%2Fv2%2Fproduct_tag&post=21274"}],"curies":[{"name":"wp","href":"https:\/\/api.w.org\/{rel}","templated":true}]}}