{"id":21270,"date":"2024-04-26T10:21:49","date_gmt":"2024-04-26T09:21:49","guid":{"rendered":"https:\/\/baralivres.ma\/?post_type=product&#038;p=21270"},"modified":"2024-11-27T15:55:43","modified_gmt":"2024-11-27T14:55:43","slug":"21270","status":"publish","type":"product","link":"https:\/\/baralivres.ma\/?product=21270","title":{"rendered":""},"content":{"rendered":"<p>\u00ab\u00a0The Curse\u00a0\u00bb de Marie Rutkoski est le premier livre de la s\u00e9rie \u00ab\u00a0The Curse Workers\u00a0\u00bb. C&rsquo;est un roman fantastique qui se d\u00e9roule dans un monde o\u00f9 certaines personnes sont dot\u00e9es de pouvoirs surnaturels, appel\u00e9s \u00ab\u00a0Curse Workers\u00a0\u00bb.<\/p>\n<p>Dans ce monde, les Curse Workers sont \u00e0 la fois craints et utilis\u00e9s par la soci\u00e9t\u00e9. Le protagoniste, Cassel Sharpe, appartient \u00e0 une famille de Curse Workers sp\u00e9cialis\u00e9e dans les arnaques et les manipulations. Cassel, cependant, ne poss\u00e8de pas de pouvoirs magiques, du moins c&rsquo;est ce qu&rsquo;il croit. Il a \u00e9t\u00e9 \u00e9lev\u00e9 dans une famille de criminels, et il d\u00e9couvre bient\u00f4t des secrets sur son pass\u00e9 qui remettent en question tout ce qu&rsquo;il pensait savoir sur lui-m\u00eame et sa famille.<\/p>\n<p>L&rsquo;histoire commence avec Cassel se r\u00e9veillant en sueur apr\u00e8s un cauchemar, et il d\u00e9couvre qu&rsquo;il est perch\u00e9 sur le toit de son \u00e9cole priv\u00e9e, sans se rappeler comment il est arriv\u00e9 l\u00e0. Il est alors confront\u00e9 \u00e0 des visions \u00e9tranges et commence \u00e0 suspecter qu&rsquo;il est li\u00e9 \u00e0 un meurtre survenu il y a trois ans. Avec l&rsquo;aide de ses amis et de son fr\u00e8re a\u00een\u00e9, Cassel se lance dans une qu\u00eate pour d\u00e9couvrir la v\u00e9rit\u00e9 sur son pass\u00e9 et sur ses v\u00e9ritables pouvoirs.<\/p>\n","protected":false},"excerpt":{"rendered":"<p>Le livre est rempli d&rsquo;intrigues, de myst\u00e8res et de retournements de situation. Rutkoski cr\u00e9e un monde fascinant o\u00f9 la magie coexiste avec la r\u00e9alit\u00e9 moderne, et o\u00f9 les personnages sont confront\u00e9s \u00e0 des dilemmes moraux complexes. \u00ab\u00a0The Curse\u00a0\u00bb explore des th\u00e8mes tels que l&rsquo;identit\u00e9, la loyaut\u00e9 et le pouvoir, tout en offrant une aventure captivante pour les lecteurs de tous \u00e2ges.<\/p>\n","protected":false},"featured_media":21272,"comment_status":"open","ping_status":"closed","template":"","meta":{"inline_featured_image":false},"product_cat":[203,204],"product_tag":[],"class_list":{"0":"post-21270","1":"product","2":"type-product","3":"status-publish","4":"has-post-thumbnail","6":"product_cat-adolescente","7":"product_cat-francais","8":"pa_auteurs-marie-rutkoski","10":"first","11":"instock","12":"shipping-taxable","13":"purchasable","14":"product-type-simple"},"_links":{"self":[{"href":"https:\/\/baralivres.ma\/index.php?rest_route=\/wp\/v2\/product\/21270","targetHints":{"allow":["GET"]}}],"collection":[{"href":"https:\/\/baralivres.ma\/index.php?rest_route=\/wp\/v2\/product"}],"about":[{"href":"https:\/\/baralivres.ma\/index.php?rest_route=\/wp\/v2\/types\/product"}],"replies":[{"embeddable":true,"href":"https:\/\/baralivres.ma\/index.php?rest_route=%2Fwp%2Fv2%2Fcomments&post=21270"}],"version-history":[{"count":2,"href":"https:\/\/baralivres.ma\/index.php?rest_route=\/wp\/v2\/product\/21270\/revisions"}],"predecessor-version":[{"id":21273,"href":"https:\/\/baralivres.ma\/index.php?rest_route=\/wp\/v2\/product\/21270\/revisions\/21273"}],"wp:featuredmedia":[{"embeddable":true,"href":"https:\/\/baralivres.ma\/index.php?rest_route=\/wp\/v2\/media\/21272"}],"wp:attachment":[{"href":"https:\/\/baralivres.ma\/index.php?rest_route=%2Fwp%2Fv2%2Fmedia&parent=21270"}],"wp:term":[{"taxonomy":"product_cat","embeddable":true,"href":"https:\/\/baralivres.ma\/index.php?rest_route=%2Fwp%2Fv2%2Fproduct_cat&post=21270"},{"taxonomy":"product_tag","embeddable":true,"href":"https:\/\/baralivres.ma\/index.php?rest_route=%2Fwp%2Fv2%2Fproduct_tag&post=21270"}],"curies":[{"name":"wp","href":"https:\/\/api.w.org\/{rel}","templated":true}]}}