{"id":21257,"date":"2024-04-26T09:36:52","date_gmt":"2024-04-26T08:36:52","guid":{"rendered":"https:\/\/baralivres.ma\/?post_type=product&#038;p=21257"},"modified":"2024-11-27T15:56:31","modified_gmt":"2024-11-27T14:56:31","slug":"la-selection-tome-5","status":"publish","type":"product","link":"https:\/\/baralivres.ma\/?product=la-selection-tome-5","title":{"rendered":"La S\u00e9lection Tome 5"},"content":{"rendered":"<p>\u00ab\u00a0La S\u00e9lection, Tome 5\u00a0\u00bb est le dernier livre de la s\u00e9rie \u00ab\u00a0La S\u00e9lection\u00a0\u00bb de Kiera Cass, intitul\u00e9 \u00ab\u00a0La Couronne\u00a0\u00bb. L&rsquo;histoire se d\u00e9roule dans un monde fictif o\u00f9 une comp\u00e9tition appel\u00e9e \u00ab\u00a0La S\u00e9lection\u00a0\u00bb est organis\u00e9e pour choisir une \u00e9pouse pour le prince. Dans ce cinqui\u00e8me tome, l&rsquo;intrigue se concentre sur la fille du couple royal, Eadlyn Schreave, qui est maintenant l&rsquo;h\u00e9riti\u00e8re du tr\u00f4ne.<\/p>\n<p>Apr\u00e8s avoir grandi dans le luxe et la s\u00e9curit\u00e9 du palais, Eadlyn doit maintenant faire face \u00e0 son destin en participant \u00e0 sa propre version de la S\u00e9lection. Contrairement \u00e0 sa m\u00e8re, America Singer, qui a trouv\u00e9 l&rsquo;amour dans la comp\u00e9tition, Eadlyn est plus sceptique quant \u00e0 la possibilit\u00e9 de trouver un v\u00e9ritable amour parmi les pr\u00e9tendants.<\/p>\n<p>Cependant, au fur et \u00e0 mesure que la comp\u00e9tition progresse, Eadlyn commence \u00e0 remettre en question ses convictions et \u00e0 d\u00e9velopper des liens avec certains des pr\u00e9tendants. Elle doit jongler avec ses responsabilit\u00e9s en tant que future reine et ses d\u00e9sirs personnels, tout en naviguant dans les complexit\u00e9s de la politique et de l&rsquo;amour.<\/p>\n","protected":false},"excerpt":{"rendered":"<div class=\"w-full text-token-text-primary\" dir=\"auto\" data-testid=\"conversation-turn-3\">\n<div class=\"px-4 py-2 justify-center text-base md:gap-6 m-auto\">\n<div class=\"flex flex-1 text-base mx-auto gap-3 juice:gap-4 juice:md:gap-6 md:px-5 lg:px-1 xl:px-5 md:max-w-3xl lg:max-w-[40rem] xl:max-w-[48rem]\">\n<div class=\"relative flex w-full min-w-0 flex-col agent-turn\">\n<div class=\"flex-col gap-1 md:gap-3\">\n<div class=\"flex flex-grow flex-col max-w-full\">\n<div class=\"min-h-[20px] text-message flex flex-col items-start gap-3 whitespace-pre-wrap break-words [.text-message+&amp;]:mt-5 overflow-x-auto\" dir=\"auto\" data-message-author-role=\"assistant\" data-message-id=\"ddfc2829-acf0-4c34-aa56-6add58b8d7c2\">\n<div class=\"markdown prose w-full break-words dark:prose-invert light\">\n<p>\u00ab\u00a0La Couronne\u00a0\u00bb explore les th\u00e8mes de l&rsquo;amour, du devoir et du sacrifice, tout en offrant aux lecteurs une conclusion satisfaisante \u00e0 la s\u00e9rie \u00ab\u00a0La S\u00e9lection\u00a0\u00bb. L&rsquo;histoire est remplie de rebondissements, de romance et d&rsquo;intrigues de palais, offrant une conclusion captivante \u00e0 cette saga bien-aim\u00e9e.<\/p>\n<\/div>\n<\/div>\n<\/div>\n<div class=\"mt-1 flex gap-3 empty:hidden\">\n<div class=\"text-gray-400 flex self-end lg:self-center items-center justify-center lg:justify-start mt-0 -ml-1 h-7 gap-[2px] visible\">\n<p>&nbsp;<\/p>\n<div class=\"flex items-center gap-1.5 text-xs\"><\/div>\n<div class=\"flex\"><\/div>\n<\/div>\n<\/div>\n<div class=\"pr-2 lg:pr-0\"><\/div>\n<\/div>\n<div class=\"absolute\">\n<div class=\"flex w-full gap-2 items-center justify-center\"><\/div>\n<\/div>\n<\/div>\n<\/div>\n<\/div>\n<\/div>\n<div class=\"mx-auto\">\n<div>\n<div class=\"mx-auto mt-2 inline-flex rounded-xl border border-gray-100 dark:border-gray-700\"><\/div>\n<\/div>\n<\/div>\n","protected":false},"featured_media":21259,"comment_status":"open","ping_status":"closed","template":"","meta":{"inline_featured_image":false},"product_cat":[203,204],"product_tag":[],"class_list":{"0":"post-21257","1":"product","2":"type-product","3":"status-publish","4":"has-post-thumbnail","6":"product_cat-adolescente","7":"product_cat-francais","8":"pa_auteurs-kiera-cass","10":"first","11":"instock","12":"shipping-taxable","13":"purchasable","14":"product-type-simple"},"_links":{"self":[{"href":"https:\/\/baralivres.ma\/index.php?rest_route=\/wp\/v2\/product\/21257","targetHints":{"allow":["GET"]}}],"collection":[{"href":"https:\/\/baralivres.ma\/index.php?rest_route=\/wp\/v2\/product"}],"about":[{"href":"https:\/\/baralivres.ma\/index.php?rest_route=\/wp\/v2\/types\/product"}],"replies":[{"embeddable":true,"href":"https:\/\/baralivres.ma\/index.php?rest_route=%2Fwp%2Fv2%2Fcomments&post=21257"}],"version-history":[{"count":2,"href":"https:\/\/baralivres.ma\/index.php?rest_route=\/wp\/v2\/product\/21257\/revisions"}],"predecessor-version":[{"id":21260,"href":"https:\/\/baralivres.ma\/index.php?rest_route=\/wp\/v2\/product\/21257\/revisions\/21260"}],"wp:featuredmedia":[{"embeddable":true,"href":"https:\/\/baralivres.ma\/index.php?rest_route=\/wp\/v2\/media\/21259"}],"wp:attachment":[{"href":"https:\/\/baralivres.ma\/index.php?rest_route=%2Fwp%2Fv2%2Fmedia&parent=21257"}],"wp:term":[{"taxonomy":"product_cat","embeddable":true,"href":"https:\/\/baralivres.ma\/index.php?rest_route=%2Fwp%2Fv2%2Fproduct_cat&post=21257"},{"taxonomy":"product_tag","embeddable":true,"href":"https:\/\/baralivres.ma\/index.php?rest_route=%2Fwp%2Fv2%2Fproduct_tag&post=21257"}],"curies":[{"name":"wp","href":"https:\/\/api.w.org\/{rel}","templated":true}]}}