{"id":21254,"date":"2024-04-26T09:31:32","date_gmt":"2024-04-26T08:31:32","guid":{"rendered":"https:\/\/baralivres.ma\/?post_type=product&#038;p=21254"},"modified":"2024-11-27T15:56:54","modified_gmt":"2024-11-27T14:56:54","slug":"la-selection-tome-4","status":"publish","type":"product","link":"https:\/\/baralivres.ma\/?product=la-selection-tome-4","title":{"rendered":"La S\u00e9lection Tome 4"},"content":{"rendered":"<div class=\"w-full text-token-text-primary\" dir=\"auto\" data-testid=\"conversation-turn-3\">\n<div class=\"px-4 py-2 justify-center text-base md:gap-6 m-auto\">\n<div class=\"flex flex-1 text-base mx-auto gap-3 juice:gap-4 juice:md:gap-6 md:px-5 lg:px-1 xl:px-5 md:max-w-3xl lg:max-w-[40rem] xl:max-w-[48rem]\">\n<div class=\"relative flex w-full min-w-0 flex-col agent-turn\">\n<div class=\"flex-col gap-1 md:gap-3\">\n<div class=\"flex flex-grow flex-col max-w-full\">\n<div class=\"min-h-[20px] text-message flex flex-col items-start gap-3 whitespace-pre-wrap break-words [.text-message+&amp;]:mt-5 overflow-x-auto\" dir=\"auto\" data-message-author-role=\"assistant\" data-message-id=\"50d3f4f6-c949-4202-baa7-51a47fe48f8d\">\n<div class=\"markdown prose w-full break-words dark:prose-invert light\">\n<p>\u00ab\u00a0La S\u00e9lection, Tome 4\u00a0\u00bb de Kiera Cass, intitul\u00e9 \u00ab\u00a0La Couronne\u00a0\u00bb, est le quatri\u00e8me et dernier livre de la s\u00e9rie \u00ab\u00a0La S\u00e9lection\u00a0\u00bb. L&rsquo;histoire se d\u00e9roule dans un monde dystopique o\u00f9 une jeune fille ordinaire, America Singer, se retrouve plong\u00e9e dans une comp\u00e9tition impitoyable pour devenir la future reine.<\/p>\n<p>Dans ce dernier tome, l&rsquo;intrigue se concentre sur la fille d&rsquo;America et du prince Maxon, Eadlyn, qui est maintenant l&rsquo;h\u00e9riti\u00e8re du tr\u00f4ne. Contrairement \u00e0 sa m\u00e8re, Eadlyn n&rsquo;est pas int\u00e9ress\u00e9e par l&rsquo;amour et se sent plus \u00e0 l&rsquo;aise dans son r\u00f4le de future dirigeante. Cependant, sous la pression du peuple et de ses parents, elle accepte d&rsquo;organiser sa propre s\u00e9lection pour choisir un mari.<\/p>\n<p>Au fil du roman, Eadlyn doit jongler entre ses responsabilit\u00e9s royales, les intrigues politiques, et ses propres sentiments. Elle rencontre une vari\u00e9t\u00e9 de pr\u00e9tendants, chacun avec sa propre histoire et personnalit\u00e9. Tout au long du processus de s\u00e9lection, Eadlyn d\u00e9couvre des aspects d&rsquo;elle-m\u00eame qu&rsquo;elle ignorait, et elle remet en question ses convictions sur l&rsquo;amour et le mariage.<\/p>\n<p>Tout comme les tomes pr\u00e9c\u00e9dents, \u00ab\u00a0La Couronne\u00a0\u00bb est rempli de romance, de suspense et de rebondissements inattendus. L&rsquo;\u00e9criture fluide de Kiera Cass et ses descriptions d\u00e9taill\u00e9es transportent les lecteurs dans l&rsquo;univers fascinant de la royaut\u00e9, o\u00f9 les enjeux sont \u00e9lev\u00e9s et les \u00e9motions intenses.<\/p>\n<p>En fin de compte, \u00ab\u00a0La Couronne\u00a0\u00bb offre une conclusion satisfaisante \u00e0 la s\u00e9rie \u00ab\u00a0La S\u00e9lection\u00a0\u00bb, tout en laissant place \u00e0 l&rsquo;imagination des lecteurs pour imaginer le futur de ses personnages bien-aim\u00e9s.<\/p>\n<\/div>\n<\/div>\n<\/div>\n<div class=\"mt-1 flex gap-3 empty:hidden\">\n<div class=\"text-gray-400 flex self-end lg:self-center items-center justify-center lg:justify-start mt-0 -ml-1 h-7 gap-[2px] visible\"><button class=\"flex items-center gap-1.5 rounded-md p-1 text-xs text-token-text-tertiary hover:text-token-text-primary\"><\/button><button class=\"flex items-center gap-1.5 rounded-md p-1 text-xs text-token-text-tertiary hover:text-token-text-primary\"><\/button><\/p>\n<div class=\"flex items-center gap-1.5 text-xs\"><\/div>\n<div class=\"flex\"><\/div>\n<\/div>\n<\/div>\n<div class=\"pr-2 lg:pr-0\"><\/div>\n<\/div>\n<div class=\"absolute\">\n<div class=\"flex w-full gap-2 items-center justify-center\"><\/div>\n<\/div>\n<\/div>\n<\/div>\n<\/div>\n<\/div>\n<div class=\"mx-auto\">\n<div>\n<div class=\"mx-auto mt-2 inline-flex rounded-xl border border-gray-100 dark:border-gray-700\"><\/div>\n<\/div>\n<\/div>\n","protected":false},"excerpt":{"rendered":"<p>La S\u00e9lection, Tome 4&Prime; de Kiera Cass, intitul\u00e9 \u00ab\u00a0La Couronne\u00a0\u00bb, est le quatri\u00e8me et dernier livre de la s\u00e9rie \u00ab\u00a0La S\u00e9lection\u00a0\u00bb. L&rsquo;histoire se d\u00e9roule dans un monde dystopique o\u00f9 une jeune fille ordinaire, America Singer, se retrouve plong\u00e9e dans une comp\u00e9tition impitoyable pour devenir la future reine.9<\/p>\n","protected":false},"featured_media":21255,"comment_status":"open","ping_status":"closed","template":"","meta":{"inline_featured_image":false},"product_cat":[203,204],"product_tag":[],"class_list":{"0":"post-21254","1":"product","2":"type-product","3":"status-publish","4":"has-post-thumbnail","6":"product_cat-adolescente","7":"product_cat-francais","8":"pa_auteurs-kiera-cass","10":"first","11":"instock","12":"shipping-taxable","13":"purchasable","14":"product-type-simple"},"_links":{"self":[{"href":"https:\/\/baralivres.ma\/index.php?rest_route=\/wp\/v2\/product\/21254","targetHints":{"allow":["GET"]}}],"collection":[{"href":"https:\/\/baralivres.ma\/index.php?rest_route=\/wp\/v2\/product"}],"about":[{"href":"https:\/\/baralivres.ma\/index.php?rest_route=\/wp\/v2\/types\/product"}],"replies":[{"embeddable":true,"href":"https:\/\/baralivres.ma\/index.php?rest_route=%2Fwp%2Fv2%2Fcomments&post=21254"}],"version-history":[{"count":1,"href":"https:\/\/baralivres.ma\/index.php?rest_route=\/wp\/v2\/product\/21254\/revisions"}],"predecessor-version":[{"id":21256,"href":"https:\/\/baralivres.ma\/index.php?rest_route=\/wp\/v2\/product\/21254\/revisions\/21256"}],"wp:featuredmedia":[{"embeddable":true,"href":"https:\/\/baralivres.ma\/index.php?rest_route=\/wp\/v2\/media\/21255"}],"wp:attachment":[{"href":"https:\/\/baralivres.ma\/index.php?rest_route=%2Fwp%2Fv2%2Fmedia&parent=21254"}],"wp:term":[{"taxonomy":"product_cat","embeddable":true,"href":"https:\/\/baralivres.ma\/index.php?rest_route=%2Fwp%2Fv2%2Fproduct_cat&post=21254"},{"taxonomy":"product_tag","embeddable":true,"href":"https:\/\/baralivres.ma\/index.php?rest_route=%2Fwp%2Fv2%2Fproduct_tag&post=21254"}],"curies":[{"name":"wp","href":"https:\/\/api.w.org\/{rel}","templated":true}]}}