{"id":21249,"date":"2024-04-25T17:55:15","date_gmt":"2024-04-25T16:55:15","guid":{"rendered":"https:\/\/baralivres.ma\/?post_type=product&#038;p=21249"},"modified":"2024-11-27T15:57:14","modified_gmt":"2024-11-27T14:57:14","slug":"la-methode-foutez-vous-la-paix","status":"publish","type":"product","link":"https:\/\/baralivres.ma\/?product=la-methode-foutez-vous-la-paix","title":{"rendered":"La m\u00e9thode foutez-vous la paix !"},"content":{"rendered":"<p>La m\u00e9thode Foutez-vous la paix !\u00a0\u00bb de Fabrice Midal est un guide de d\u00e9veloppement personnel franc et stimulant qui propose une approche nouvelle pour trouver le bonheur et la paix int\u00e9rieure. L&rsquo;auteur, philosophe et enseignant de m\u00e9ditation renomm\u00e9, d\u00e9construit les id\u00e9es pr\u00e9con\u00e7ues sur le bonheur et offre des conseils pratiques pour vivre en harmonie avec soi-m\u00eame et avec les autres.<\/p>\n<p>\u00c0 travers cet ouvrage, Midal encourage les lecteurs \u00e0 abandonner les attentes irr\u00e9alistes et les pressions sociales qui les emp\u00eachent d&rsquo;\u00eatre authentiques. Il invite \u00e0 adopter une attitude bienveillante envers soi-m\u00eame, \u00e0 reconna\u00eetre ses limites et \u00e0 accepter ses imperfections.<\/p>\n<p>En s&rsquo;appuyant sur des principes de m\u00e9ditation et de pleine conscience, l&rsquo;auteur guide les lecteurs \u00e0 travers un voyage int\u00e9rieur pour d\u00e9couvrir leur v\u00e9ritable essence et apprendre \u00e0 cultiver la compassion et la bienveillance envers eux-m\u00eames. Il propose des exercices pratiques et des m\u00e9ditations pour aider les lecteurs \u00e0 se lib\u00e9rer du stress, de l&rsquo;anxi\u00e9t\u00e9 et des pens\u00e9es n\u00e9gatives, et \u00e0 trouver la paix int\u00e9rieure dans un monde souvent chaotique.<\/p>\n","protected":false},"excerpt":{"rendered":"<p>\u00ab\u00a0La m\u00e9thode Foutez-vous la paix !\u00a0\u00bb offre une approche rafra\u00eechissante et accessible du d\u00e9veloppement personnel, ax\u00e9e sur l&rsquo;acceptation de soi et l&rsquo;\u00e9panouissement personnel. En invitant les lecteurs \u00e0 l\u00e2cher prise et \u00e0 embrasser leur humanit\u00e9, Fabrice Midal propose un chemin vers une vie plus \u00e9quilibr\u00e9e, plus authentique et plus \u00e9panouissante.<\/p>\n","protected":false},"featured_media":21250,"comment_status":"open","ping_status":"closed","template":"","meta":{"inline_featured_image":false},"product_cat":[3896,91],"product_tag":[],"class_list":{"0":"post-21249","1":"product","2":"type-product","3":"status-publish","4":"has-post-thumbnail","6":"product_cat-developpement-francais","7":"product_cat-developpement","8":"pa_auteurs-fabrice-midal","10":"first","11":"instock","12":"shipping-taxable","13":"purchasable","14":"product-type-simple"},"_links":{"self":[{"href":"https:\/\/baralivres.ma\/index.php?rest_route=\/wp\/v2\/product\/21249","targetHints":{"allow":["GET"]}}],"collection":[{"href":"https:\/\/baralivres.ma\/index.php?rest_route=\/wp\/v2\/product"}],"about":[{"href":"https:\/\/baralivres.ma\/index.php?rest_route=\/wp\/v2\/types\/product"}],"replies":[{"embeddable":true,"href":"https:\/\/baralivres.ma\/index.php?rest_route=%2Fwp%2Fv2%2Fcomments&post=21249"}],"version-history":[{"count":1,"href":"https:\/\/baralivres.ma\/index.php?rest_route=\/wp\/v2\/product\/21249\/revisions"}],"predecessor-version":[{"id":21251,"href":"https:\/\/baralivres.ma\/index.php?rest_route=\/wp\/v2\/product\/21249\/revisions\/21251"}],"wp:featuredmedia":[{"embeddable":true,"href":"https:\/\/baralivres.ma\/index.php?rest_route=\/wp\/v2\/media\/21250"}],"wp:attachment":[{"href":"https:\/\/baralivres.ma\/index.php?rest_route=%2Fwp%2Fv2%2Fmedia&parent=21249"}],"wp:term":[{"taxonomy":"product_cat","embeddable":true,"href":"https:\/\/baralivres.ma\/index.php?rest_route=%2Fwp%2Fv2%2Fproduct_cat&post=21249"},{"taxonomy":"product_tag","embeddable":true,"href":"https:\/\/baralivres.ma\/index.php?rest_route=%2Fwp%2Fv2%2Fproduct_tag&post=21249"}],"curies":[{"name":"wp","href":"https:\/\/api.w.org\/{rel}","templated":true}]}}