{"id":21242,"date":"2024-04-25T17:21:18","date_gmt":"2024-04-25T16:21:18","guid":{"rendered":"https:\/\/baralivres.ma\/?post_type=product&#038;p=21242"},"modified":"2024-11-27T15:58:36","modified_gmt":"2024-11-27T14:58:36","slug":"le-monde-en-2040-vu-par-la-cia-2","status":"publish","type":"product","link":"https:\/\/baralivres.ma\/?product=le-monde-en-2040-vu-par-la-cia-2","title":{"rendered":"Le monde en 2040 vu par la CIA"},"content":{"rendered":"<div class=\"min-h-[20px] text-message flex flex-col items-start gap-3 whitespace-pre-wrap break-words [.text-message+&amp;]:mt-5 overflow-x-auto\" dir=\"auto\" data-message-author-role=\"assistant\" data-message-id=\"784f9fb0-91c6-427a-8332-00c84d68c848\">\n<div class=\"markdown prose w-full break-words dark:prose-invert light\">\n<p>\u00ab\u00a0Le Monde en 2040 vu par la CIA\u00a0\u00bb de Piotr Smolar offre une plong\u00e9e fascinante dans les projections et les analyses prospectives de l&rsquo;une des agences de renseignement les plus influentes au monde<\/p>\n<\/div>\n<\/div>\n<div class=\"min-h-[20px] text-message flex flex-col items-start gap-3 whitespace-pre-wrap break-words [.text-message+&amp;]:mt-5 overflow-x-auto\" dir=\"auto\" data-message-author-role=\"assistant\" data-message-id=\"72961f9d-9c11-4be9-804b-e2ee95ac3ab6\">\n<div class=\"markdown prose w-full break-words dark:prose-invert light\">\n<p>. \u00c0 travers les pages de ce livre, Smolar explore les tendances g\u00e9opolitiques, \u00e9conomiques, technologiques et sociales qui pourraient fa\u00e7onner le monde dans les d\u00e9cennies \u00e0 venir, telles qu&rsquo;imagin\u00e9es par les analystes de la CIA.<\/p>\n<p>L&rsquo;auteur d\u00e9voile les sc\u00e9narios possibles pour l&rsquo;avenir, bas\u00e9s sur des donn\u00e9es actuelles et des recherches approfondies, offrant ainsi aux lecteurs une vision \u00e9clairante de ce \u00e0 quoi pourrait ressembler le monde en 2040. Il examine \u00e9galement les d\u00e9fis majeurs auxquels la communaut\u00e9 internationale pourrait \u00eatre confront\u00e9e, notamment les changements climatiques, les conflits r\u00e9gionaux, les avanc\u00e9es technologiques et les transformations d\u00e9mographiques.<\/p>\n<p>\u00c0 travers une \u00e9criture claire et engageante, Smolar guide les lecteurs \u00e0 travers les complexit\u00e9s de la politique mondiale et des tendances \u00e9mergentes, tout en offrant des perspectives stimulantes sur les d\u00e9fis et les opportunit\u00e9s qui pourraient fa\u00e7onner notre avenir collectif.<\/p>\n<\/div>\n<\/div>\n","protected":false},"excerpt":{"rendered":"<p>\u00ab\u00a0Le Monde en 2040 vu par la CIA\u00a0\u00bb est un ouvrage incontournable pour ceux qui s&rsquo;int\u00e9ressent \u00e0 la prospective internationale et \u00e0 la mani\u00e8re dont les d\u00e9cisions d&rsquo;aujourd&rsquo;hui pourraient fa\u00e7onner le monde de demain.<\/p>\n","protected":false},"featured_media":21252,"comment_status":"open","ping_status":"closed","template":"","meta":{"inline_featured_image":false},"product_cat":[3896,91],"product_tag":[],"class_list":{"0":"post-21242","1":"product","2":"type-product","3":"status-publish","4":"has-post-thumbnail","6":"product_cat-developpement-francais","7":"product_cat-developpement","8":"pa_auteurs-piotr-smolar","10":"first","11":"instock","12":"shipping-taxable","13":"purchasable","14":"product-type-simple"},"_links":{"self":[{"href":"https:\/\/baralivres.ma\/index.php?rest_route=\/wp\/v2\/product\/21242","targetHints":{"allow":["GET"]}}],"collection":[{"href":"https:\/\/baralivres.ma\/index.php?rest_route=\/wp\/v2\/product"}],"about":[{"href":"https:\/\/baralivres.ma\/index.php?rest_route=\/wp\/v2\/types\/product"}],"replies":[{"embeddable":true,"href":"https:\/\/baralivres.ma\/index.php?rest_route=%2Fwp%2Fv2%2Fcomments&post=21242"}],"version-history":[{"count":1,"href":"https:\/\/baralivres.ma\/index.php?rest_route=\/wp\/v2\/product\/21242\/revisions"}],"predecessor-version":[{"id":21243,"href":"https:\/\/baralivres.ma\/index.php?rest_route=\/wp\/v2\/product\/21242\/revisions\/21243"}],"wp:featuredmedia":[{"embeddable":true,"href":"https:\/\/baralivres.ma\/index.php?rest_route=\/wp\/v2\/media\/21252"}],"wp:attachment":[{"href":"https:\/\/baralivres.ma\/index.php?rest_route=%2Fwp%2Fv2%2Fmedia&parent=21242"}],"wp:term":[{"taxonomy":"product_cat","embeddable":true,"href":"https:\/\/baralivres.ma\/index.php?rest_route=%2Fwp%2Fv2%2Fproduct_cat&post=21242"},{"taxonomy":"product_tag","embeddable":true,"href":"https:\/\/baralivres.ma\/index.php?rest_route=%2Fwp%2Fv2%2Fproduct_tag&post=21242"}],"curies":[{"name":"wp","href":"https:\/\/api.w.org\/{rel}","templated":true}]}}