{"id":21236,"date":"2024-04-25T12:04:23","date_gmt":"2024-04-25T11:04:23","guid":{"rendered":"https:\/\/baralivres.ma\/?post_type=product&#038;p=21236"},"modified":"2024-04-26T11:06:27","modified_gmt":"2024-04-26T10:06:27","slug":"la-pensee-de-dieu","status":"publish","type":"product","link":"https:\/\/baralivres.ma\/?product=la-pensee-de-dieu","title":{"rendered":"La pens\u00e9e de Dieu"},"content":{"rendered":"<p>La pens\u00e9e de Dieu\u00a0\u00bb est un ouvrage fascinant \u00e9crit par Igor et Grichka Bogdanov, c\u00e9l\u00e8bres pour leur travail en cosmologie et leurs \u00e9missions de t\u00e9l\u00e9vision sur les sciences. Ce livre offre une exploration profonde et accessible des questions fondamentales de l&rsquo;existence humaine et de la nature de l&rsquo;univers \u00e0 travers une lentille \u00e0 la fois scientifique et philosophique.<\/p>\n<p>Les fr\u00e8res Bogdanov commencent par examiner les avanc\u00e9es scientifiques qui ont fa\u00e7onn\u00e9 notre compr\u00e9hension de l&rsquo;univers, depuis les th\u00e9ories de la relativit\u00e9 d&rsquo;Einstein jusqu&rsquo;aux d\u00e9couvertes r\u00e9centes en cosmologie et en physique quantique. Ils exposent de mani\u00e8re claire et concise ces concepts complexes, aidant les lecteurs \u00e0 saisir les principes fondamentaux qui r\u00e9gissent notre r\u00e9alit\u00e9 physique.<\/p>\n<p>Cependant, \u00ab\u00a0La pens\u00e9e de Dieu\u00a0\u00bb ne se limite pas \u00e0 la science pure. Les Bogdanov explorent \u00e9galement les implications philosophiques et m\u00e9taphysiques de ces d\u00e9couvertes, posant des questions profondes sur l&rsquo;origine de l&rsquo;univers, la nature de la conscience et m\u00eame l&rsquo;existence de Dieu. Ils invitent les lecteurs \u00e0 r\u00e9fl\u00e9chir \u00e0 la place de l&rsquo;humanit\u00e9 dans l&rsquo;univers et \u00e0 la signification de notre qu\u00eate pour comprendre le cosmos.<\/p>\n","protected":false},"excerpt":{"rendered":"<p>Ce livre est une invitation \u00e0 un voyage intellectuel stimulant, o\u00f9 la science et la spiritualit\u00e9 se rejoignent pour offrir une perspective unique sur les myst\u00e8res de l&rsquo;existence. Les Bogdanov parviennent \u00e0 \u00e9quilibrer rigueur scientifique et r\u00e9flexion philosophique de mani\u00e8re \u00e0 la fois accessible et enrichissante, offrant ainsi une lecture captivante pour les amateurs de science et de spiritualit\u00e9.<\/p>\n","protected":false},"featured_media":21237,"comment_status":"open","ping_status":"closed","template":"","meta":{"inline_featured_image":false},"product_cat":[3725,91],"product_tag":[],"class_list":{"0":"post-21236","1":"product","2":"type-product","3":"status-publish","4":"has-post-thumbnail","6":"product_cat-litterature-religieuse","7":"product_cat-developpement","8":"pa_auteurs-grichka-bogdanov","10":"first","11":"instock","12":"shipping-taxable","13":"purchasable","14":"product-type-simple"},"_links":{"self":[{"href":"https:\/\/baralivres.ma\/index.php?rest_route=\/wp\/v2\/product\/21236","targetHints":{"allow":["GET"]}}],"collection":[{"href":"https:\/\/baralivres.ma\/index.php?rest_route=\/wp\/v2\/product"}],"about":[{"href":"https:\/\/baralivres.ma\/index.php?rest_route=\/wp\/v2\/types\/product"}],"replies":[{"embeddable":true,"href":"https:\/\/baralivres.ma\/index.php?rest_route=%2Fwp%2Fv2%2Fcomments&post=21236"}],"version-history":[{"count":1,"href":"https:\/\/baralivres.ma\/index.php?rest_route=\/wp\/v2\/product\/21236\/revisions"}],"predecessor-version":[{"id":21238,"href":"https:\/\/baralivres.ma\/index.php?rest_route=\/wp\/v2\/product\/21236\/revisions\/21238"}],"wp:featuredmedia":[{"embeddable":true,"href":"https:\/\/baralivres.ma\/index.php?rest_route=\/wp\/v2\/media\/21237"}],"wp:attachment":[{"href":"https:\/\/baralivres.ma\/index.php?rest_route=%2Fwp%2Fv2%2Fmedia&parent=21236"}],"wp:term":[{"taxonomy":"product_cat","embeddable":true,"href":"https:\/\/baralivres.ma\/index.php?rest_route=%2Fwp%2Fv2%2Fproduct_cat&post=21236"},{"taxonomy":"product_tag","embeddable":true,"href":"https:\/\/baralivres.ma\/index.php?rest_route=%2Fwp%2Fv2%2Fproduct_tag&post=21236"}],"curies":[{"name":"wp","href":"https:\/\/api.w.org\/{rel}","templated":true}]}}