{"id":21233,"date":"2024-04-25T11:56:00","date_gmt":"2024-04-25T10:56:00","guid":{"rendered":"https:\/\/baralivres.ma\/?post_type=product&#038;p=21233"},"modified":"2024-04-25T11:56:00","modified_gmt":"2024-04-25T10:56:00","slug":"le-guide-du-bonheur-imparfait","status":"publish","type":"product","link":"https:\/\/baralivres.ma\/?product=le-guide-du-bonheur-imparfait","title":{"rendered":"Le guide du bonheur imparfait"},"content":{"rendered":"<p>Le guide du bonheur imparfait\u00a0\u00bb de Fabrice Midal est une exploration r\u00e9v\u00e9latrice de la philosophie du bonheur. \u00c0 travers cet ouvrage, Midal nous guide \u00e0 travers les m\u00e9andres de la recherche du bonheur, soulignant avec subtilit\u00e9 que la perfection n&rsquo;est pas une condition pr\u00e9alable \u00e0 la satisfaction et \u00e0 l&rsquo;\u00e9panouissement.<\/p>\n<p>Le livre propose une approche authentique et lib\u00e9ratrice du bonheur, en s&rsquo;appuyant sur des enseignements issus de la philosophie orientale et occidentale, ainsi que sur des anecdotes personnelles de l&rsquo;auteur. Midal nous invite \u00e0 embrasser nos imperfections, \u00e0 les consid\u00e9rer comme des atouts pr\u00e9cieux plut\u00f4t que comme des obstacles \u00e0 notre bonheur.<\/p>\n<p>\u00c0 travers des r\u00e9flexions profondes et des exercices pratiques, l&rsquo;auteur nous encourage \u00e0 cultiver la bienveillance envers nous-m\u00eames et envers les autres, \u00e0 vivre dans l&rsquo;instant pr\u00e9sent et \u00e0 trouver la paix int\u00e9rieure malgr\u00e9 les turbulences de la vie quotidienne.<\/p>\n","protected":false},"excerpt":{"rendered":"<p>\u00ab\u00a0Le guide du bonheur imparfait\u00a0\u00bb offre une perspective rafra\u00eechissante sur le bonheur, en nous rappelant que la cl\u00e9 du contentement r\u00e9side dans notre capacit\u00e9 \u00e0 embrasser notre humanit\u00e9 avec tendresse et compassion.<\/p>\n","protected":false},"featured_media":21234,"comment_status":"open","ping_status":"closed","template":"","meta":{"inline_featured_image":false},"product_cat":[91],"product_tag":[],"class_list":{"0":"post-21233","1":"product","2":"type-product","3":"status-publish","4":"has-post-thumbnail","6":"product_cat-developpement","7":"pa_auteurs-fabrice-midal","9":"first","10":"instock","11":"shipping-taxable","12":"purchasable","13":"product-type-simple"},"_links":{"self":[{"href":"https:\/\/baralivres.ma\/index.php?rest_route=\/wp\/v2\/product\/21233","targetHints":{"allow":["GET"]}}],"collection":[{"href":"https:\/\/baralivres.ma\/index.php?rest_route=\/wp\/v2\/product"}],"about":[{"href":"https:\/\/baralivres.ma\/index.php?rest_route=\/wp\/v2\/types\/product"}],"replies":[{"embeddable":true,"href":"https:\/\/baralivres.ma\/index.php?rest_route=%2Fwp%2Fv2%2Fcomments&post=21233"}],"version-history":[{"count":1,"href":"https:\/\/baralivres.ma\/index.php?rest_route=\/wp\/v2\/product\/21233\/revisions"}],"predecessor-version":[{"id":21235,"href":"https:\/\/baralivres.ma\/index.php?rest_route=\/wp\/v2\/product\/21233\/revisions\/21235"}],"wp:featuredmedia":[{"embeddable":true,"href":"https:\/\/baralivres.ma\/index.php?rest_route=\/wp\/v2\/media\/21234"}],"wp:attachment":[{"href":"https:\/\/baralivres.ma\/index.php?rest_route=%2Fwp%2Fv2%2Fmedia&parent=21233"}],"wp:term":[{"taxonomy":"product_cat","embeddable":true,"href":"https:\/\/baralivres.ma\/index.php?rest_route=%2Fwp%2Fv2%2Fproduct_cat&post=21233"},{"taxonomy":"product_tag","embeddable":true,"href":"https:\/\/baralivres.ma\/index.php?rest_route=%2Fwp%2Fv2%2Fproduct_tag&post=21233"}],"curies":[{"name":"wp","href":"https:\/\/api.w.org\/{rel}","templated":true}]}}